{"id":314,"date":"2024-04-02T06:30:22","date_gmt":"2024-04-02T06:30:22","guid":{"rendered":"https:\/\/haiantique.com\/esenco\/?page_id=314"},"modified":"2024-04-22T08:59:21","modified_gmt":"2024-04-22T01:59:21","slug":"thu-ngo","status":"publish","type":"page","link":"https:\/\/esenco.com.vn\/?page_id=314","title":{"rendered":"Th\u1eed Ng\u1ecf"},"content":{"rendered":"\t<section class=\"section\" id=\"section_1394318674\">\n\t\t<div class=\"bg section-bg fill bg-fill  \" >\n\n\t\t\t\n\t\t\t<div class=\"section-bg-overlay absolute fill\"><\/div>\n\t\t\t\n\n\t\t<\/div>\n\n\t\t\n\n\t\t<div class=\"section-content relative\">\n\t\t\t\n\t<div id=\"gap-520399062\" class=\"gap-element clearfix\" style=\"display:block; height:auto;\">\n\t\t\n<style>\n#gap-520399062 {\n  padding-top: 30px;\n}\n<\/style>\n\t<\/div>\n\t\n<div class=\"row align-center\"  id=\"row-937654668\">\n\n\t<div id=\"col-717580248\" class=\"col medium-5 small-12 large-5\"  >\n\t\t\t\t<div class=\"col-inner text-center\"  >\n\t\t\t\n\t\t\t\n\t<div id=\"text-2038845761\" class=\"text section-title-container sub-title m-b5\">\n\t\t\n<h2 class=\"section-title section-title-center\"><b><\/b><span class=\"section-title-main\">Th\u01b0 ng\u1ecf<\/span><b><\/b><\/h2>\n\t\t\n<style>\n#text-2038845761 {\n  color: rgb(255,255,255);\n}\n#text-2038845761 > * {\n  color: rgb(255,255,255);\n}\n<\/style>\n\t<\/div>\n\t\n\t<div id=\"text-1919976181\" class=\"text background-linear m5\">\n\t\t\n<h2 class=\"uppercase\"><span> <\/p>\n<style>\n\t\t\n<style>\n#text-1919976181 {\n  font-size: 2.05rem;\n  text-align: center;\n  color: rgb(255,255,255);\n}\n#text-1919976181 > * {\n  color: rgb(255,255,255);\n}\n<\/style>\n\t<\/div>\n\t\n\t\t<\/div>\n\t\t\t\t\t<\/div>\n\n\t\n<\/div>\n\t\t<\/div>\n\n\t\t\n<style>\n#section_1394318674 {\n  padding-top: 60px;\n  padding-bottom: 60px;\n  min-height: 400px;\n}\n#section_1394318674 .section-bg-overlay {\n  background-color: rgba(0, 0, 0, 0.698);\n}\n#section_1394318674 .section-bg.bg-loaded {\n  background-image: url(https:\/\/esenco.com.vn\/wp-content\/uploads\/2024\/04\/backgroud-home5.jpg);\n}\n<\/style>\n\t<\/section>\n\t\n\t<section class=\"section about-us\" id=\"section_525220399\">\n\t\t<div class=\"bg section-bg fill bg-fill  \" >\n\n\t\t\t\n\t\t\t<div class=\"section-bg-overlay absolute fill\"><\/div>\n\t\t\t\n\n\t\t<\/div>\n\n\t\t\t<div class=\"ux-shape-divider ux-shape-divider--top ux-shape-divider--style-tilt\">\n\t\t<svg viewBox=\"0 0 1000 100\" xmlns=\"http:\/\/www.w3.org\/2000\/svg\" preserveAspectRatio=\"none\">\n\t<path class=\"ux-shape-fill\" d=\"M1000 100V0L-40 100H1000Z\"\/>\n<\/svg>\n\t<\/div>\n\n\n\t\t<div class=\"section-content relative\">\n\t\t\t\n\t<div id=\"text-941215320\" class=\"text over-back top right\">\n\t\t\n<h4><span style=\"font-size: 90%;\">Letter<\/span><\/h4>\n\t\t\t<\/div>\n\t\n<div class=\"row row-collapse\"  id=\"row-2043357093\">\n\n\t<div id=\"col-1179900068\" class=\"col medium-6 large-6\"  >\n\t\t\t\t<div class=\"col-inner\" style=\"background-color:rgba(255, 255, 255, 0.826);\" >\n\t\t\t\n\t\t\t\n\t<div id=\"text-2856062253\" class=\"text text-justify\">\n\t\t\n<p><em><strong> K\u00ednh g\u1eedi: Qu\u00fd Kh\u00e1ch h\u00e0ng! <\/strong><\/em><\/p>\n<p>L\u1eddi \u0111\u1ea7u ti\u00ean, <strong>ESENCO Lighting (C\u00f4ng ty c\u1ed5 ph\u1ea7n ESENCO LIGHTING Vi\u1ec7t Nam)<\/strong> xin g\u1eedi l\u1eddi ch\u00e0o tr\u00e2n tr\u1ecdng nh\u1ea5t \u0111\u1ebfn to\u00e0n th\u1ec3 Qu\u00fd Kh\u00e1ch h\u00e0ng, \u0110\u1ed1i t\u00e1c. <strong>ESENCO <\/strong><strong>Lighting<\/strong> xin g\u1eedi l\u1eddi tri \u00e2n t\u1edbi Qu\u00fd Kh\u00e1ch h\u00e0ng, \u0110\u1ed1i t\u00e1c \u0111\u00e3 v\u00e0 \u0111ang cho ph\u00e9p ch\u00fang t\u00f4i tr\u1edf th\u00e0nh ng\u01b0\u1eddi b\u1ea1n \u0111\u1ed3ng h\u00e0nh c\u0169ng nh\u01b0 d\u00e0nh s\u1ef1 t\u00edn nhi\u1ec7m, \u1ee7ng h\u1ed9 t\u1edbi c\u00e1c s\u1ea3n ph\u1ea9m, d\u1ecbch v\u1ee5 m\u00e0 ch\u00fang t\u00f4i cung c\u1ea5p.<\/p>\n<p>V\u1edbi nhi\u1ec1u n\u0103m kinh nghi\u1ec7m, <strong>ESENCO <\/strong><strong>Lighting<\/strong> l\u00e0 nh\u00e0 cung c\u1ea5p gi\u1ea3i ph\u00e1p thi\u1ebft b\u1ecb \u0111i\u1ec7n trong m\u1ecdi ph\u00e2n kh\u00fac t\u1ea1i th\u1ecb tr\u01b0\u1eddng Vi\u1ec7t Nam, c\u00f9ng ni\u1ec1m \u0111am m\u00ea khoa h\u1ecdc c\u00f4ng ngh\u1ec7 hi\u1ec7n \u0111\u1ea1i ch\u00fang t\u00f4i \u0111\u00e3 v\u00e0 lu\u00f4n mong mu\u1ed1n \u0111\u01b0\u1ee3c h\u1ed7 tr\u1ee3, t\u01b0 v\u1ea5n v\u00e0 h\u1ee3p t\u00e1c v\u1edbi c\u00e1c Qu\u00fd Kh\u00e1ch h\u00e0ng \u0111\u1ec3 \u0111\u00e1p \u1ee9ng nhu c\u00e2u v\u1ec1 thi c\u00f4ng l\u1eafp \u0111\u1eb7t h\u1ec7 th\u1ed1ng \u0111i\u1ec7n, h\u1ec7 th\u1ed1ng chi\u1ebfu s\u00e1ng, s\u1ea3n ph\u1ea9m bao g\u1ed3m h\u1ec7 th\u1ed1ng thi\u1ebft b\u1ecb \u0111i\u1ec7n kh\u00e1ch s\u1ea1n v\u00e0 d\u00e2n d\u1ee5ng, c\u00f4ng t\u1eafc, \u1ed5 c\u1eafm \u00e2m t\u01b0\u1eddng Seri S1, S2, S3, S3X S4, S4X\u2026 th\u01b0\u1eddng \u0111\u01b0\u1ee3c l\u1ef1a ch\u1ecdn cho nhi\u1ec1u d\u1ef1 \u00e1n t\u1eeb cao c\u1ea5p \u0111\u1ebfn ph\u1ed5 th\u00f4ng nh\u1edd ti\u00eau chu\u1ea9n ch\u1ea5t l\u01b0\u1ee3ng cao, m\u1eabu m\u00e3 \u0111a d\u1ea1ng v\u00e0 \u0111\u1ea7y \u0111\u1ee7 c\u00e1c ch\u1ee9c n\u0103ng \u0111\u00e1p \u1ee9ng cho th\u1ecb tr\u01b0\u1eddng nh\u00e0 \u1edf, th\u01b0\u01a1ng m\u1ea1i v\u00e0 c\u00f4ng nghi\u1ec7p. C\u00e1c c\u00f4ng ngh\u1ec7 m\u1edbi nh\u1ea5t, ph\u01b0\u01a1ng \u00e1n ph\u00f9 h\u1ee3p nh\u1ea5t lu\u00f4n \u0111\u01b0\u1ee3c ch\u00fang t\u00f4i \u00e1p d\u1ee5ng v\u00e0o \u0111i\u1ec1u ki\u1ec7n th\u1ef1c t\u1ebf c\u1ee7a t\u1eebng t\u00f2a nh\u00e0, trung t\u00e2m th\u01b0\u01a1ng m\u1ea1i, kh\u00e1ch s\u1ea1n, nh\u00e0 m\u00e1y, x\u00ed nghi\u1ec7p \u2026 \u0111\u1ec3 mang t\u1edbi ch\u1ea5t l\u01b0\u1ee3ng t\u1ed1t nh\u1ea5t cho t\u1eebng s\u1ea3n ph\u1ea9m. S\u1ef1 h\u00e0i l\u00f2ng c\u1ee7a Qu\u00fd Kh\u00e1ch h\u00e0ng l\u00e0 m\u1ee5c ti\u00eau quan tr\u1ecdng nh\u1ea5t v\u00e0 xuy\u00ean su\u1ed1t trong qu\u00e1 tr\u00ecnh ho\u1ea1t \u0111\u1ed9ng v\u00e0 ph\u00e1t tri\u1ec3n c\u1ee7a C\u00f4ng ty ch\u00fang t\u00f4i.<\/p>\n<p>V\u1edbi ph\u01b0\u01a1ng ch\u00e2m \u201c<strong>V\u00ec s\u1ef1 an to\u00e0n v\u00e0 ph\u00e1t tri\u1ec3n c\u1ee7a b\u1ea1n<\/strong>\u201d, <strong>ESENCO <\/strong><strong>Lighting<\/strong> lu\u00f4n \u0111\u1eb7t l\u1ee3i \u00edch kh\u00e1ch h\u00e0ng l\u00ean tr\u00ean h\u1ebft, mang l\u1ea1i s\u1ef1 y\u00ean t\u00e2m, an to\u00e0n, chu \u0111\u00e1o v\u00e0 ch\u1ea5t l\u01b0\u1ee3ng trong t\u1eebng s\u1ea3n ph\u1ea9m. H\u1ee3p t\u00e1c v\u1edbi ch\u00fang t\u00f4i, Qu\u00fd Kh\u00e1ch h\u00e0ng, \u0111\u1ed1i t\u00e1c s\u1ebd h\u00e0i l\u00f2ng b\u1edfi s\u1ef1 chuy\u00ean nghi\u1ec7p c\u1ee7a nh\u1eefng chuy\u00ean gia, k\u1ef9 s\u01b0 gi\u00e0u kinh nghi\u1ec7m, \u0111\u1ed9i ng\u0169 c\u00f4ng nh\u00e2n, k\u1ef9 thu\u1eadt l\u00e0nh ngh\u00ea, v\u00e0 ch\u1eafc ch\u1eafn s\u1ebd mang l\u1ea1i c\u00e1c s\u1ea3n ph\u1ea9m ch\u1ea5t l\u01b0\u1ee3ng t\u1ed1t, nh\u1eefng gi\u1ea3i ph\u00e1p to\u00e0n di\u1ec7n, d\u1ecbch v\u1ee5 chu \u0111\u00e1o t\u1eadn t\u00ecnh c\u0169ng nh\u01b0 gi\u00e1 c\u1ea3 h\u1ee3p l\u00fd h\u01b0\u1edbng t\u1edbi gi\u00e1 tr\u1ecb t\u1ed1i \u01b0u cho Kh\u00e1ch h\u00e0ng, \u0110\u1ed1i t\u00e1c.<\/p>\n<p>Ch\u00fang t\u00f4i lu\u00f4n mong mu\u1ed1n \u0111\u01b0\u1ee3c \u201c<strong>Chung tay h\u1ee3p t\u00e1c &amp; Chia s\u1ebb th\u00e0nh c\u00f4ng<\/strong>\u201d c\u00f9ng v\u1edbi Qu\u00fd Kh\u00e1ch h\u00e0ng, \u0110\u1ed1i t\u00e1c.<\/p>\n<p>Tr\u00e2n tr\u1ecdng!<\/p>\n\t\t\n<style>\n#text-2856062253 {\n  font-size: 0.95rem;\n}\n<\/style>\n\t<\/div>\n\t\n\t\t<\/div>\n\t\t\t\t\n<style>\n#col-1179900068 > .col-inner {\n  padding: 45px 35px 35px 35px;\n  margin: -60px 0px 0px 0px;\n}\n<\/style>\n\t<\/div>\n\n\t\n\n\t<div id=\"col-1350516206\" class=\"col radius-right-top text-justify medium-5 large-5\"  >\n\t\t\t\t<div class=\"col-inner\"  >\n\t\t\t\n\t\t\t\n\t\t<\/div>\n\t\t\t\t\t<\/div>\n\n\t\n<\/div>\n\t\t<\/div>\n\n\t\t\n<style>\n#section_525220399 {\n  padding-top: 30px;\n  padding-bottom: 30px;\n}\n#section_525220399 .section-bg-overlay {\n  background-color: rgba(255, 255, 255, 0.395);\n}\n#section_525220399 .section-bg.bg-loaded {\n  background-image: url(https:\/\/esenco.com.vn\/wp-content\/uploads\/2024\/04\/backgroud-home6.jpg);\n}\n#section_525220399 .ux-shape-divider--top svg {\n  height: 150px;\n  --divider-top-width: 100%;\n}\n#section_525220399 .ux-shape-divider--top .ux-shape-fill {\n  fill: rgb(0, 0, 0);\n}\n<\/style>\n\t<\/section>\n\t\n","protected":false},"excerpt":{"rendered":"","protected":false},"author":1,"featured_media":0,"parent":0,"menu_order":0,"comment_status":"closed","ping_status":"closed","template":"page-blank.php","meta":{"_acf_changed":false,"footnotes":""},"class_list":["post-314","page","type-page","status-publish","hentry"],"acf":[],"yoast_head":"<!-- This site is optimized with the Yoast SEO plugin v22.4 - https:\/\/yoast.com\/wordpress\/plugins\/seo\/ -->\n<title>Th\u1eed Ng\u1ecf - ESENCO<\/title>\n<meta name=\"robots\" content=\"index, follow, max-snippet:-1, max-image-preview:large, max-video-preview:-1\" \/>\n<link rel=\"canonical\" href=\"https:\/\/esenco.com.vn\/?page_id=314\" \/>\n<meta property=\"og:locale\" content=\"vi_VN\" \/>\n<meta property=\"og:type\" content=\"article\" \/>\n<meta property=\"og:title\" content=\"Th\u1eed Ng\u1ecf - ESENCO\" \/>\n<meta property=\"og:url\" content=\"https:\/\/esenco.com.vn\/?page_id=314\" \/>\n<meta property=\"og:site_name\" content=\"ESENCO\" \/>\n<meta property=\"article:modified_time\" content=\"2024-04-22T01:59:21+00:00\" \/>\n<meta name=\"twitter:card\" content=\"summary_large_image\" \/>\n<meta name=\"twitter:label1\" content=\"\u01af\u1edbc t\u00ednh th\u1eddi gian \u0111\u1ecdc\" \/>\n\t<meta name=\"twitter:data1\" content=\"4 ph\u00fat\" \/>\n<script type=\"application\/ld+json\" class=\"yoast-schema-graph\">{\"@context\":\"https:\/\/schema.org\",\"@graph\":[{\"@type\":\"WebPage\",\"@id\":\"https:\/\/esenco.com.vn\/?page_id=314\",\"url\":\"https:\/\/esenco.com.vn\/?page_id=314\",\"name\":\"Th\u1eed Ng\u1ecf - ESENCO\",\"isPartOf\":{\"@id\":\"https:\/\/esenco.com.vn\/#website\"},\"datePublished\":\"2024-04-02T06:30:22+00:00\",\"dateModified\":\"2024-04-22T01:59:21+00:00\",\"breadcrumb\":{\"@id\":\"https:\/\/esenco.com.vn\/?page_id=314#breadcrumb\"},\"inLanguage\":\"vi\",\"potentialAction\":[{\"@type\":\"ReadAction\",\"target\":[\"https:\/\/esenco.com.vn\/?page_id=314\"]}]},{\"@type\":\"BreadcrumbList\",\"@id\":\"https:\/\/esenco.com.vn\/?page_id=314#breadcrumb\",\"itemListElement\":[{\"@type\":\"ListItem\",\"position\":1,\"name\":\"Trang ch\u1ee7\",\"item\":\"https:\/\/esenco.com.vn\/\"},{\"@type\":\"ListItem\",\"position\":2,\"name\":\"Th\u1eed Ng\u1ecf\"}]},{\"@type\":\"WebSite\",\"@id\":\"https:\/\/esenco.com.vn\/#website\",\"url\":\"https:\/\/esenco.com.vn\/\",\"name\":\"ESENCO\",\"description\":\"CH\u1ea4T L\u01af\u1ee2NG L\u00c0 TR\u00c1CH NHI\u1ec6M\",\"potentialAction\":[{\"@type\":\"SearchAction\",\"target\":{\"@type\":\"EntryPoint\",\"urlTemplate\":\"https:\/\/esenco.com.vn\/?s={search_term_string}\"},\"query-input\":\"required name=search_term_string\"}],\"inLanguage\":\"vi\"}]}<\/script>\n<!-- \/ Yoast SEO plugin. -->","yoast_head_json":{"title":"Th\u1eed Ng\u1ecf - ESENCO","robots":{"index":"index","follow":"follow","max-snippet":"max-snippet:-1","max-image-preview":"max-image-preview:large","max-video-preview":"max-video-preview:-1"},"canonical":"https:\/\/esenco.com.vn\/?page_id=314","og_locale":"vi_VN","og_type":"article","og_title":"Th\u1eed Ng\u1ecf - ESENCO","og_url":"https:\/\/esenco.com.vn\/?page_id=314","og_site_name":"ESENCO","article_modified_time":"2024-04-22T01:59:21+00:00","twitter_card":"summary_large_image","twitter_misc":{"\u01af\u1edbc t\u00ednh th\u1eddi gian \u0111\u1ecdc":"4 ph\u00fat"},"schema":{"@context":"https:\/\/schema.org","@graph":[{"@type":"WebPage","@id":"https:\/\/esenco.com.vn\/?page_id=314","url":"https:\/\/esenco.com.vn\/?page_id=314","name":"Th\u1eed Ng\u1ecf - ESENCO","isPartOf":{"@id":"https:\/\/esenco.com.vn\/#website"},"datePublished":"2024-04-02T06:30:22+00:00","dateModified":"2024-04-22T01:59:21+00:00","breadcrumb":{"@id":"https:\/\/esenco.com.vn\/?page_id=314#breadcrumb"},"inLanguage":"vi","potentialAction":[{"@type":"ReadAction","target":["https:\/\/esenco.com.vn\/?page_id=314"]}]},{"@type":"BreadcrumbList","@id":"https:\/\/esenco.com.vn\/?page_id=314#breadcrumb","itemListElement":[{"@type":"ListItem","position":1,"name":"Trang ch\u1ee7","item":"https:\/\/esenco.com.vn\/"},{"@type":"ListItem","position":2,"name":"Th\u1eed Ng\u1ecf"}]},{"@type":"WebSite","@id":"https:\/\/esenco.com.vn\/#website","url":"https:\/\/esenco.com.vn\/","name":"ESENCO","description":"CH\u1ea4T L\u01af\u1ee2NG L\u00c0 TR\u00c1CH NHI\u1ec6M","potentialAction":[{"@type":"SearchAction","target":{"@type":"EntryPoint","urlTemplate":"https:\/\/esenco.com.vn\/?s={search_term_string}"},"query-input":"required name=search_term_string"}],"inLanguage":"vi"}]}},"_links":{"self":[{"href":"https:\/\/esenco.com.vn\/index.php?rest_route=\/wp\/v2\/pages\/314","targetHints":{"allow":["GET"]}}],"collection":[{"href":"https:\/\/esenco.com.vn\/index.php?rest_route=\/wp\/v2\/pages"}],"about":[{"href":"https:\/\/esenco.com.vn\/index.php?rest_route=\/wp\/v2\/types\/page"}],"author":[{"embeddable":true,"href":"https:\/\/esenco.com.vn\/index.php?rest_route=\/wp\/v2\/users\/1"}],"replies":[{"embeddable":true,"href":"https:\/\/esenco.com.vn\/index.php?rest_route=%2Fwp%2Fv2%2Fcomments&post=314"}],"version-history":[{"count":13,"href":"https:\/\/esenco.com.vn\/index.php?rest_route=\/wp\/v2\/pages\/314\/revisions"}],"predecessor-version":[{"id":997,"href":"https:\/\/esenco.com.vn\/index.php?rest_route=\/wp\/v2\/pages\/314\/revisions\/997"}],"wp:attachment":[{"href":"https:\/\/esenco.com.vn\/index.php?rest_route=%2Fwp%2Fv2%2Fmedia&parent=314"}],"curies":[{"name":"wp","href":"https:\/\/api.w.org\/{rel}","templated":true}]}}