{"id":348,"date":"2024-04-02T09:17:48","date_gmt":"2024-04-02T09:17:48","guid":{"rendered":"https:\/\/haiantique.com\/esenco\/?page_id=348"},"modified":"2024-04-02T09:20:09","modified_gmt":"2024-04-02T09:20:09","slug":"tin-tuc","status":"publish","type":"page","link":"https:\/\/esenco.com.vn\/?page_id=348","title":{"rendered":"Tin T\u1ee9c"},"content":{"rendered":"\t<div id=\"gap-559025674\" class=\"gap-element clearfix\" style=\"display:block; height:auto;\">\n\t\t\n<style>\n#gap-559025674 {\n  padding-top: 60px;\n}\n<\/style>\n\t<\/div>\n\t\n\t<section class=\"section blog-post\" id=\"section_551283310\">\n\t\t<div class=\"bg section-bg fill bg-fill  bg-loaded\" >\n\n\t\t\t\n\t\t\t\n\t\t\t\n\n\t\t<\/div>\n\n\t\t\n\n\t\t<div class=\"section-content relative\">\n\t\t\t\n<div class=\"row\"  id=\"row-1145990794\">\n\n\t<div id=\"col-1965717327\" class=\"col small-12 large-12\"  >\n\t\t\t\t<div class=\"col-inner\"  >\n\t\t\t\n\t\t\t\n\n  \n    <div class=\"row large-columns-3 medium-columns-1 small-columns-1\" >\n  <div class=\"trendy-blog col post-item\" >\n\t\t\t<div class=\"col-inner\">\n\t\t\t\t<div class=\"box box-normal box-text-bottom box-blog-post has-hover\">\n                          <div class=\"item--featured\">\n  \t\t\t\t\t<div class=\"box-image\" >\n  \t\t\t\t\t\t<div class=\"image-cover\" style=\"padding-top:56.25%;\">\n\t\t\t\t\t\t\t<a href=\"https:\/\/esenco.com.vn\/?p=281\" class=\"plain\" aria-label=\"Ch\u1ec9 s\u1ed1 CRI l\u00e0 g\u00ec? \u00dd ngh\u0129a v\u00e0 3 c\u00e1ch ch\u1ecdn \u0111\u00e8n LED c\u00f3 CRI ph\u00f9 h\u1ee3p\">\n\t\t\t\t\t\t\t\t<img loading=\"lazy\" decoding=\"async\" width=\"300\" height=\"200\" src=\"https:\/\/esenco.com.vn\/wp-content\/uploads\/2024\/04\/cri-la-chi-so-hoan-mau-cua-den-led_08a31c1c12664e9c8a98dffd6891944e_grande-2-300x200.jpg\" class=\"attachment-medium size-medium wp-post-image\" alt=\"\" srcset=\"https:\/\/esenco.com.vn\/wp-content\/uploads\/2024\/04\/cri-la-chi-so-hoan-mau-cua-den-led_08a31c1c12664e9c8a98dffd6891944e_grande-2-300x200.jpg 300w, https:\/\/esenco.com.vn\/wp-content\/uploads\/2024\/04\/cri-la-chi-so-hoan-mau-cua-den-led_08a31c1c12664e9c8a98dffd6891944e_grande-2.jpg 600w\" sizes=\"auto, (max-width: 300px) 100vw, 300px\" \/>\t\t\t\t\t\t\t<\/a>\n  \t\t\t\t\t\t\t  \t\t\t\t\t\t\t  \t\t\t\t\t\t<\/div>\n  \t\t\t\t\t\t  \t\t\t\t\t<\/div>\n  \t\t\t\t\t<\/div>\n          \t\t\t\t\t<div class=\"box-text text-center\" >\n\t\t\t\t\t<div class=\"box-text-inner blog-post-inner\">\n                    <ul class=\"item--meta\">\n                        <li class=\"item--category \">\n                        <a href=\"tin-tuc\" title=\"Tin T\u1ee9c\">Tin T\u1ee9c<\/a>\n                      <\/li>                      \n                      <div class=\"date_blog post-meta \">\n                        <span class=\"date-up\">\n                          <i class=\"fa-regular fa-calendar-days\"><\/i>\n                          <span class=\"color_main\">02\/04\/2024<\/span>\n                        <\/span>\n                      <\/div>\n                    <\/ul>\n\t\t\t\t\t\n\t\t\t\t\t\n\t\t\t\t\t<h3 class=\"post-title is-large \">\n\t\t\t\t\t\t<a href=\"https:\/\/esenco.com.vn\/?p=281\" class=\"plain\">Ch\u1ec9 s\u1ed1 CRI l\u00e0 g\u00ec? \u00dd ngh\u0129a v\u00e0 3 c\u00e1ch ch\u1ecdn \u0111\u00e8n LED c\u00f3 CRI ph\u00f9 h\u1ee3p<\/a>\n\t\t\t\t\t<\/h3>\n\t\t\t\t\t<a class=\"item--readmore\" href=\"https:\/\/esenco.com.vn\/?p=281\" tabindex=\"0\"> <i class=\"fa-solid fa-angles-right\"><\/i> <\/a>\n\t\t\t\t\t\t\t\t\t\t\n\t\t\t\t\t                    \n\t\t\t\t\t\n\t\t\t\t\t\n\t\t\t\t\t<\/div>\n\t\t\t\t\t<\/div>\n\t\t\t\t\t\t\t\t\t<\/div>\n\t\t\t<\/div>\n\t\t<\/div><div class=\"trendy-blog col post-item\" >\n\t\t\t<div class=\"col-inner\">\n\t\t\t\t<div class=\"box box-normal box-text-bottom box-blog-post has-hover\">\n                          <div class=\"item--featured\">\n  \t\t\t\t\t<div class=\"box-image\" >\n  \t\t\t\t\t\t<div class=\"image-cover\" style=\"padding-top:56.25%;\">\n\t\t\t\t\t\t\t<a href=\"https:\/\/esenco.com.vn\/?p=278\" class=\"plain\" aria-label=\"C\u00e1ch ch\u1ecdn \u0111\u00e8n c\u1ea7u thang hi\u1ec7n \u0111\u1ea1i \u0111\u1eb9p v\u00e0 \u1ea5n t\u01b0\u1ee3ng\">\n\t\t\t\t\t\t\t\t<img loading=\"lazy\" decoding=\"async\" width=\"300\" height=\"176\" src=\"https:\/\/esenco.com.vn\/wp-content\/uploads\/2024\/04\/anh-den-cau-thang-hien-dai_cc9b8f0f53bb49848a2d2bfd7aa2cfb4-2-300x176.jpg\" class=\"attachment-medium size-medium wp-post-image\" alt=\"\" srcset=\"https:\/\/esenco.com.vn\/wp-content\/uploads\/2024\/04\/anh-den-cau-thang-hien-dai_cc9b8f0f53bb49848a2d2bfd7aa2cfb4-2-300x176.jpg 300w, https:\/\/esenco.com.vn\/wp-content\/uploads\/2024\/04\/anh-den-cau-thang-hien-dai_cc9b8f0f53bb49848a2d2bfd7aa2cfb4-2-768x452.jpg 768w, https:\/\/esenco.com.vn\/wp-content\/uploads\/2024\/04\/anh-den-cau-thang-hien-dai_cc9b8f0f53bb49848a2d2bfd7aa2cfb4-2-600x353.jpg 600w, https:\/\/esenco.com.vn\/wp-content\/uploads\/2024\/04\/anh-den-cau-thang-hien-dai_cc9b8f0f53bb49848a2d2bfd7aa2cfb4-2.jpg 850w\" sizes=\"auto, (max-width: 300px) 100vw, 300px\" \/>\t\t\t\t\t\t\t<\/a>\n  \t\t\t\t\t\t\t  \t\t\t\t\t\t\t  \t\t\t\t\t\t<\/div>\n  \t\t\t\t\t\t  \t\t\t\t\t<\/div>\n  \t\t\t\t\t<\/div>\n          \t\t\t\t\t<div class=\"box-text text-center\" >\n\t\t\t\t\t<div class=\"box-text-inner blog-post-inner\">\n                    <ul class=\"item--meta\">\n                        <li class=\"item--category \">\n                        <a href=\"tin-tuc\" title=\"Tin T\u1ee9c\">Tin T\u1ee9c<\/a>\n                      <\/li>                      \n                      <div class=\"date_blog post-meta \">\n                        <span class=\"date-up\">\n                          <i class=\"fa-regular fa-calendar-days\"><\/i>\n                          <span class=\"color_main\">02\/04\/2024<\/span>\n                        <\/span>\n                      <\/div>\n                    <\/ul>\n\t\t\t\t\t\n\t\t\t\t\t\n\t\t\t\t\t<h3 class=\"post-title is-large \">\n\t\t\t\t\t\t<a href=\"https:\/\/esenco.com.vn\/?p=278\" class=\"plain\">C\u00e1ch ch\u1ecdn \u0111\u00e8n c\u1ea7u thang hi\u1ec7n \u0111\u1ea1i \u0111\u1eb9p v\u00e0 \u1ea5n t\u01b0\u1ee3ng<\/a>\n\t\t\t\t\t<\/h3>\n\t\t\t\t\t<a class=\"item--readmore\" href=\"https:\/\/esenco.com.vn\/?p=278\" tabindex=\"0\"> <i class=\"fa-solid fa-angles-right\"><\/i> <\/a>\n\t\t\t\t\t\t\t\t\t\t\n\t\t\t\t\t                    \n\t\t\t\t\t\n\t\t\t\t\t\n\t\t\t\t\t<\/div>\n\t\t\t\t\t<\/div>\n\t\t\t\t\t\t\t\t\t<\/div>\n\t\t\t<\/div>\n\t\t<\/div><div class=\"trendy-blog col post-item\" >\n\t\t\t<div class=\"col-inner\">\n\t\t\t\t<div class=\"box box-normal box-text-bottom box-blog-post has-hover\">\n                          <div class=\"item--featured\">\n  \t\t\t\t\t<div class=\"box-image\" >\n  \t\t\t\t\t\t<div class=\"image-cover\" style=\"padding-top:56.25%;\">\n\t\t\t\t\t\t\t<a href=\"https:\/\/esenco.com.vn\/?p=276\" class=\"plain\" aria-label=\"Top 7 lo\u1ea1i \u0111\u00e8n pha b\u1ea3ng hi\u1ec7u ngo\u00e0i tr\u1eddi ch\u00ednh h\u00e3ng gi\u00e1 t\u1ed1t nh\u1ea5t hi\u1ec7n nay\">\n\t\t\t\t\t\t\t\t<img loading=\"lazy\" decoding=\"async\" width=\"300\" height=\"200\" src=\"https:\/\/esenco.com.vn\/wp-content\/uploads\/2024\/04\/den-pha-bang-hieu-1-300x200.jpg\" class=\"attachment-medium size-medium wp-post-image\" alt=\"\" srcset=\"https:\/\/esenco.com.vn\/wp-content\/uploads\/2024\/04\/den-pha-bang-hieu-1-300x200.jpg 300w, https:\/\/esenco.com.vn\/wp-content\/uploads\/2024\/04\/den-pha-bang-hieu-1-768x513.jpg 768w, https:\/\/esenco.com.vn\/wp-content\/uploads\/2024\/04\/den-pha-bang-hieu-1-600x400.jpg 600w, https:\/\/esenco.com.vn\/wp-content\/uploads\/2024\/04\/den-pha-bang-hieu-1.jpg 899w\" sizes=\"auto, (max-width: 300px) 100vw, 300px\" \/>\t\t\t\t\t\t\t<\/a>\n  \t\t\t\t\t\t\t  \t\t\t\t\t\t\t  \t\t\t\t\t\t<\/div>\n  \t\t\t\t\t\t  \t\t\t\t\t<\/div>\n  \t\t\t\t\t<\/div>\n          \t\t\t\t\t<div class=\"box-text text-center\" >\n\t\t\t\t\t<div class=\"box-text-inner blog-post-inner\">\n                    <ul class=\"item--meta\">\n                        <li class=\"item--category \">\n                        <a href=\"tin-tuc\" title=\"Tin T\u1ee9c\">Tin T\u1ee9c<\/a>\n                      <\/li>                      \n                      <div class=\"date_blog post-meta \">\n                        <span class=\"date-up\">\n                          <i class=\"fa-regular fa-calendar-days\"><\/i>\n                          <span class=\"color_main\">02\/04\/2024<\/span>\n                        <\/span>\n                      <\/div>\n                    <\/ul>\n\t\t\t\t\t\n\t\t\t\t\t\n\t\t\t\t\t<h3 class=\"post-title is-large \">\n\t\t\t\t\t\t<a href=\"https:\/\/esenco.com.vn\/?p=276\" class=\"plain\">Top 7 lo\u1ea1i \u0111\u00e8n pha b\u1ea3ng hi\u1ec7u ngo\u00e0i tr\u1eddi ch\u00ednh h\u00e3ng gi\u00e1 t\u1ed1t nh\u1ea5t hi\u1ec7n nay<\/a>\n\t\t\t\t\t<\/h3>\n\t\t\t\t\t<a class=\"item--readmore\" href=\"https:\/\/esenco.com.vn\/?p=276\" tabindex=\"0\"> <i class=\"fa-solid fa-angles-right\"><\/i> <\/a>\n\t\t\t\t\t\t\t\t\t\t\n\t\t\t\t\t                    \n\t\t\t\t\t\n\t\t\t\t\t\n\t\t\t\t\t<\/div>\n\t\t\t\t\t<\/div>\n\t\t\t\t\t\t\t\t\t<\/div>\n\t\t\t<\/div>\n\t\t<\/div><div class=\"trendy-blog col post-item\" >\n\t\t\t<div class=\"col-inner\">\n\t\t\t\t<div class=\"box box-normal box-text-bottom box-blog-post has-hover\">\n                          <div class=\"item--featured\">\n  \t\t\t\t\t<div class=\"box-image\" >\n  \t\t\t\t\t\t<div class=\"image-cover\" style=\"padding-top:56.25%;\">\n\t\t\t\t\t\t\t<a href=\"https:\/\/esenco.com.vn\/?p=270\" class=\"plain\" aria-label=\"Top 4 \u0111\u00e8n LED c\u00f4ng su\u1ea5t l\u1edbn an to\u00e0n, ch\u1ea5t l\u01b0\u1ee3ng v\u00e0 ti\u1ebft ki\u1ec7m chi ph\u00ed\">\n\t\t\t\t\t\t\t\t<img loading=\"lazy\" decoding=\"async\" width=\"300\" height=\"200\" src=\"https:\/\/esenco.com.vn\/wp-content\/uploads\/2024\/04\/den-cong-suat-lon-duoc-ua-chuong-1-300x200.jpg\" class=\"attachment-medium size-medium wp-post-image\" alt=\"\" srcset=\"https:\/\/esenco.com.vn\/wp-content\/uploads\/2024\/04\/den-cong-suat-lon-duoc-ua-chuong-1-300x200.jpg 300w, https:\/\/esenco.com.vn\/wp-content\/uploads\/2024\/04\/den-cong-suat-lon-duoc-ua-chuong-1-768x513.jpg 768w, https:\/\/esenco.com.vn\/wp-content\/uploads\/2024\/04\/den-cong-suat-lon-duoc-ua-chuong-1-600x400.jpg 600w, https:\/\/esenco.com.vn\/wp-content\/uploads\/2024\/04\/den-cong-suat-lon-duoc-ua-chuong-1.jpg 899w\" sizes=\"auto, (max-width: 300px) 100vw, 300px\" \/>\t\t\t\t\t\t\t<\/a>\n  \t\t\t\t\t\t\t  \t\t\t\t\t\t\t  \t\t\t\t\t\t<\/div>\n  \t\t\t\t\t\t  \t\t\t\t\t<\/div>\n  \t\t\t\t\t<\/div>\n          \t\t\t\t\t<div class=\"box-text text-center\" >\n\t\t\t\t\t<div class=\"box-text-inner blog-post-inner\">\n                    <ul class=\"item--meta\">\n                        <li class=\"item--category \">\n                        <a href=\"tin-tuc\" title=\"Tin T\u1ee9c\">Tin T\u1ee9c<\/a>\n                      <\/li>                      \n                      <div class=\"date_blog post-meta \">\n                        <span class=\"date-up\">\n                          <i class=\"fa-regular fa-calendar-days\"><\/i>\n                          <span class=\"color_main\">02\/04\/2024<\/span>\n                        <\/span>\n                      <\/div>\n                    <\/ul>\n\t\t\t\t\t\n\t\t\t\t\t\n\t\t\t\t\t<h3 class=\"post-title is-large \">\n\t\t\t\t\t\t<a href=\"https:\/\/esenco.com.vn\/?p=270\" class=\"plain\">Top 4 \u0111\u00e8n LED c\u00f4ng su\u1ea5t l\u1edbn an to\u00e0n, ch\u1ea5t l\u01b0\u1ee3ng v\u00e0 ti\u1ebft ki\u1ec7m chi ph\u00ed<\/a>\n\t\t\t\t\t<\/h3>\n\t\t\t\t\t<a class=\"item--readmore\" href=\"https:\/\/esenco.com.vn\/?p=270\" tabindex=\"0\"> <i class=\"fa-solid fa-angles-right\"><\/i> <\/a>\n\t\t\t\t\t\t\t\t\t\t\n\t\t\t\t\t                    \n\t\t\t\t\t\n\t\t\t\t\t\n\t\t\t\t\t<\/div>\n\t\t\t\t\t<\/div>\n\t\t\t\t\t\t\t\t\t<\/div>\n\t\t\t<\/div>\n\t\t<\/div><\/div>\n\t\t<\/div>\n\t\t\t\t\t<\/div>\n\n\t\n<\/div>\n\t\t<\/div>\n\n\t\t\n<style>\n#section_551283310 {\n  padding-top: 60px;\n  padding-bottom: 60px;\n}\n<\/style>\n\t<\/section>\n\t\n","protected":false},"excerpt":{"rendered":"","protected":false},"author":1,"featured_media":0,"parent":0,"menu_order":0,"comment_status":"closed","ping_status":"closed","template":"page-blank.php","meta":{"_acf_changed":false,"footnotes":""},"class_list":["post-348","page","type-page","status-publish","hentry"],"acf":[],"yoast_head":"<!-- This site is optimized with the Yoast SEO plugin v22.4 - https:\/\/yoast.com\/wordpress\/plugins\/seo\/ -->\n<title>Tin T\u1ee9c - ESENCO<\/title>\n<meta name=\"robots\" content=\"index, follow, max-snippet:-1, max-image-preview:large, max-video-preview:-1\" \/>\n<link rel=\"canonical\" href=\"https:\/\/esenco.com.vn\/?page_id=348\" \/>\n<meta property=\"og:locale\" content=\"vi_VN\" \/>\n<meta property=\"og:type\" content=\"article\" \/>\n<meta property=\"og:title\" content=\"Tin T\u1ee9c - ESENCO\" \/>\n<meta property=\"og:url\" content=\"https:\/\/esenco.com.vn\/?page_id=348\" \/>\n<meta property=\"og:site_name\" content=\"ESENCO\" \/>\n<meta property=\"article:modified_time\" content=\"2024-04-02T09:20:09+00:00\" \/>\n<meta name=\"twitter:card\" content=\"summary_large_image\" \/>\n<script type=\"application\/ld+json\" class=\"yoast-schema-graph\">{\"@context\":\"https:\/\/schema.org\",\"@graph\":[{\"@type\":\"WebPage\",\"@id\":\"https:\/\/esenco.com.vn\/?page_id=348\",\"url\":\"https:\/\/esenco.com.vn\/?page_id=348\",\"name\":\"Tin T\u1ee9c - ESENCO\",\"isPartOf\":{\"@id\":\"https:\/\/esenco.com.vn\/#website\"},\"datePublished\":\"2024-04-02T09:17:48+00:00\",\"dateModified\":\"2024-04-02T09:20:09+00:00\",\"breadcrumb\":{\"@id\":\"https:\/\/esenco.com.vn\/?page_id=348#breadcrumb\"},\"inLanguage\":\"vi\",\"potentialAction\":[{\"@type\":\"ReadAction\",\"target\":[\"https:\/\/esenco.com.vn\/?page_id=348\"]}]},{\"@type\":\"BreadcrumbList\",\"@id\":\"https:\/\/esenco.com.vn\/?page_id=348#breadcrumb\",\"itemListElement\":[{\"@type\":\"ListItem\",\"position\":1,\"name\":\"Trang ch\u1ee7\",\"item\":\"https:\/\/esenco.com.vn\/\"},{\"@type\":\"ListItem\",\"position\":2,\"name\":\"Tin T\u1ee9c\"}]},{\"@type\":\"WebSite\",\"@id\":\"https:\/\/esenco.com.vn\/#website\",\"url\":\"https:\/\/esenco.com.vn\/\",\"name\":\"ESENCO\",\"description\":\"CH\u1ea4T L\u01af\u1ee2NG L\u00c0 TR\u00c1CH NHI\u1ec6M\",\"potentialAction\":[{\"@type\":\"SearchAction\",\"target\":{\"@type\":\"EntryPoint\",\"urlTemplate\":\"https:\/\/esenco.com.vn\/?s={search_term_string}\"},\"query-input\":\"required name=search_term_string\"}],\"inLanguage\":\"vi\"}]}<\/script>\n<!-- \/ Yoast SEO plugin. -->","yoast_head_json":{"title":"Tin T\u1ee9c - ESENCO","robots":{"index":"index","follow":"follow","max-snippet":"max-snippet:-1","max-image-preview":"max-image-preview:large","max-video-preview":"max-video-preview:-1"},"canonical":"https:\/\/esenco.com.vn\/?page_id=348","og_locale":"vi_VN","og_type":"article","og_title":"Tin T\u1ee9c - ESENCO","og_url":"https:\/\/esenco.com.vn\/?page_id=348","og_site_name":"ESENCO","article_modified_time":"2024-04-02T09:20:09+00:00","twitter_card":"summary_large_image","schema":{"@context":"https:\/\/schema.org","@graph":[{"@type":"WebPage","@id":"https:\/\/esenco.com.vn\/?page_id=348","url":"https:\/\/esenco.com.vn\/?page_id=348","name":"Tin T\u1ee9c - ESENCO","isPartOf":{"@id":"https:\/\/esenco.com.vn\/#website"},"datePublished":"2024-04-02T09:17:48+00:00","dateModified":"2024-04-02T09:20:09+00:00","breadcrumb":{"@id":"https:\/\/esenco.com.vn\/?page_id=348#breadcrumb"},"inLanguage":"vi","potentialAction":[{"@type":"ReadAction","target":["https:\/\/esenco.com.vn\/?page_id=348"]}]},{"@type":"BreadcrumbList","@id":"https:\/\/esenco.com.vn\/?page_id=348#breadcrumb","itemListElement":[{"@type":"ListItem","position":1,"name":"Trang ch\u1ee7","item":"https:\/\/esenco.com.vn\/"},{"@type":"ListItem","position":2,"name":"Tin T\u1ee9c"}]},{"@type":"WebSite","@id":"https:\/\/esenco.com.vn\/#website","url":"https:\/\/esenco.com.vn\/","name":"ESENCO","description":"CH\u1ea4T L\u01af\u1ee2NG L\u00c0 TR\u00c1CH NHI\u1ec6M","potentialAction":[{"@type":"SearchAction","target":{"@type":"EntryPoint","urlTemplate":"https:\/\/esenco.com.vn\/?s={search_term_string}"},"query-input":"required name=search_term_string"}],"inLanguage":"vi"}]}},"_links":{"self":[{"href":"https:\/\/esenco.com.vn\/index.php?rest_route=\/wp\/v2\/pages\/348","targetHints":{"allow":["GET"]}}],"collection":[{"href":"https:\/\/esenco.com.vn\/index.php?rest_route=\/wp\/v2\/pages"}],"about":[{"href":"https:\/\/esenco.com.vn\/index.php?rest_route=\/wp\/v2\/types\/page"}],"author":[{"embeddable":true,"href":"https:\/\/esenco.com.vn\/index.php?rest_route=\/wp\/v2\/users\/1"}],"replies":[{"embeddable":true,"href":"https:\/\/esenco.com.vn\/index.php?rest_route=%2Fwp%2Fv2%2Fcomments&post=348"}],"version-history":[{"count":4,"href":"https:\/\/esenco.com.vn\/index.php?rest_route=\/wp\/v2\/pages\/348\/revisions"}],"predecessor-version":[{"id":352,"href":"https:\/\/esenco.com.vn\/index.php?rest_route=\/wp\/v2\/pages\/348\/revisions\/352"}],"wp:attachment":[{"href":"https:\/\/esenco.com.vn\/index.php?rest_route=%2Fwp%2Fv2%2Fmedia&parent=348"}],"curies":[{"name":"wp","href":"https:\/\/api.w.org\/{rel}","templated":true}]}}