{"id":495,"date":"2024-04-07T20:32:29","date_gmt":"2024-04-07T13:32:29","guid":{"rendered":"https:\/\/esenco.com.vn\/?page_id=495"},"modified":"2024-04-22T09:03:46","modified_gmt":"2024-04-22T02:03:46","slug":"cua-hang-phan-phoi","status":"publish","type":"page","link":"https:\/\/esenco.com.vn\/?page_id=495","title":{"rendered":"C\u1eeda h\u00e0ng ph\u00e2n ph\u1ed1i"},"content":{"rendered":"\t<section class=\"section\" id=\"section_568125263\">\n\t\t<div class=\"bg section-bg fill bg-fill  \" >\n\n\t\t\t\n\t\t\t<div class=\"section-bg-overlay absolute fill\"><\/div>\n\t\t\t\n\n\t\t<\/div>\n\n\t\t\n\n\t\t<div class=\"section-content relative\">\n\t\t\t\n\t<div id=\"gap-533028089\" class=\"gap-element clearfix\" style=\"display:block; height:auto;\">\n\t\t\n<style>\n#gap-533028089 {\n  padding-top: 30px;\n}\n<\/style>\n\t<\/div>\n\t\n\t<div id=\"text-2381695731\" class=\"text section-title-container sub-title\">\n\t\t\n<h3 class=\"section-title section-title-center\"><b><\/b><span class=\"section-title-main\">Danh s\u00e1ch c\u1eeda h\u00e0ng<\/span><b><\/b><\/h3>\n\t\t\n<style>\n#text-2381695731 {\n  color: rgb(255,255,255);\n}\n#text-2381695731 > * {\n  color: rgb(255,255,255);\n}\n<\/style>\n\t<\/div>\n\t\n\t<div id=\"text-3786373704\" class=\"text background-linear m5\">\n\t\t\n<h2 class=\"uppercase\"><span>C\u00d4NG TY C\u1ed4 ph\u1ea7n N\u0102NG L\u01af\u1ee2NG XANH \u0110A<br \/>\nQU\u1ed0C GIA  <\/span><\/h2>\n\t\t\n<style>\n#text-3786373704 {\n  font-size: 1.75rem;\n  text-align: center;\n  color: rgb(255,255,255);\n}\n#text-3786373704 > * {\n  color: rgb(255,255,255);\n}\n<\/style>\n\t<\/div>\n\t\n\t\t<\/div>\n\n\t\t\n<style>\n#section_568125263 {\n  padding-top: 60px;\n  padding-bottom: 60px;\n  min-height: 400px;\n}\n#section_568125263 .section-bg-overlay {\n  background-color: rgba(0, 0, 0, 0.831);\n}\n#section_568125263 .section-bg.bg-loaded {\n  background-image: url(https:\/\/esenco.com.vn\/wp-content\/uploads\/2024\/04\/Thi-cong-giai-phap.1200.jpg);\n}\n<\/style>\n\t<\/section>\n\t\n\t<section class=\"section about-us\" id=\"section_911863581\">\n\t\t<div class=\"bg section-bg fill bg-fill  bg-loaded\" >\n\n\t\t\t\n\t\t\t\n\t\t\t\n\n\t\t<\/div>\n\n\t\t\n\n\t\t<div class=\"section-content relative\">\n\t\t\t\n<div class=\"row row-collapse align-center\"  id=\"row-959410714\">\n\n\t<div id=\"col-1149350447\" class=\"col medium-10 large-10\"  >\n\t\t\t\t<div class=\"col-inner\"  >\n\t\t\t\n\t\t\t\n\n<div class=\"trendystore_maps_wrap\">\n    <div class=\"trendystore_maps_container\">\n        <div class=\"dvls_maps_row dvls_maps_header\">\n            <div class=\"dvls_maps_header_left\"><span>T\u00ecm c\u1eeda h\u00e0ng<\/span>\n<span>\n\t<a href=\"javascript:void(0);\" class=\"trendystore_near_you tooltip tooltipstered\" title=\"T\u00ecm ki\u1ebfm c\u1eeda h\u00e0ng g\u1ea7n b\u1ea1n (<=20 km)\"><img decoding=\"async\" src=\"https:\/\/esenco.com.vn\/wp-content\/uploads\/2024\/04\/near-icon.png\" class=\"img-icon-near\" style=\"margin-left: 5px;width: 35px\"><\/a>\n\t\n\t\n\n<\/span><\/div>\n            <div class=\"dvls_maps_header_right\">\n                <form action=\"\" method=\"get\">\n                    <div class=\"dvls_maps_3col\">\n                        <div class=\"dvls_maps_col\">\n                            <select name=\"city\" id=\"dvls_city\" data-value=\"\">\n                                <option value=\"null\">Ch\u1ecdn t\u1ec9nh, th\u00e0nh ph\u1ed1<\/option>\n                            <\/select>\n                        <\/div>\n                        <div class=\"dvls_maps_col\">\n                            <select name=\"district\" id=\"dvls_district\" data-value=\"\">\n                                <option value=\"null\">Ch\u1ecdn qu\u1eadn, huy\u1ec7n<\/option>\n                            <\/select>\n                        <\/div>\n                        <div class=\"dvls_maps_col\">\n                            <input type=\"hidden\" id=\"dvls_nonce\" name=\"dvls_nonce\" value=\"010fe16263\" \/><input type=\"hidden\" name=\"_wp_http_referer\" value=\"\/index.php?rest_route=%2Fwp%2Fv2%2Fpages%2F495\" \/>                            <input value=\"T\u00ecm ki\u1ebfm\" type=\"submit\" class=\"dvls-submit\"\/>\n                        <\/div>\n                    <\/div>\n                    <div class=\"dvls_maps_col\">\n                        \n                    <\/div>\n                <\/form>\n            <\/div>\n        <\/div>\n        <div class=\"dvls_maps_row dvls_maps_body\">\n            <div class=\"dvls_maps_sidebar\">\n                                <div class=\"dvls_maps_sidebar_content\">\n                    <div class=\"dvls_result_status\">T\u00ecm th\u1ea5y <strong><\/strong> c\u1eeda h\u00e0ng<\/div>\n                    <div class=\"dvls_result_wrap\">\n                        \u0110ang t\u1ea3i...                    <\/div>\n                <\/div>\n                            <\/div>\n            <div class=\"dvls_maps_main\">\n                <div id=\"dvls_maps\"  data-lat=\"21.020799\" data-lng=\"105.809476\"><\/div>\n            <\/div>\n            <div id=\"dvls_fountainG\">\n                <div id=\"fountainG_1\" class=\"fountainG\"><\/div>\n                <div id=\"fountainG_2\" class=\"fountainG\"><\/div>\n                <div id=\"fountainG_3\" class=\"fountainG\"><\/div>\n                <div id=\"fountainG_4\" class=\"fountainG\"><\/div>\n                <div id=\"fountainG_5\" class=\"fountainG\"><\/div>\n                <div id=\"fountainG_6\" class=\"fountainG\"><\/div>\n                <div id=\"fountainG_7\" class=\"fountainG\"><\/div>\n                <div id=\"fountainG_8\" class=\"fountainG\"><\/div>\n            <\/div>\n        <\/div>\n    <\/div>\n<\/div> t<br \/>\n\n\t\t<\/div>\n\t\t\t\t\n<style>\n#col-1149350447 > .col-inner {\n  margin: -50px 0px 0px 0px;\n}\n<\/style>\n\t<\/div>\n\n\t\n<\/div>\n\t\t<\/div>\n\n\t\t\n<style>\n#section_911863581 {\n  padding-top: 30px;\n  padding-bottom: 30px;\n}\n<\/style>\n\t<\/section>\n\t\n\t<section class=\"section\" id=\"section_1291318366\">\n\t\t<div class=\"bg section-bg fill bg-fill  bg-loaded\" >\n\n\t\t\t\n\t\t\t<div class=\"section-bg-overlay absolute fill\"><\/div>\n\t\t\t\n\n\t\t<\/div>\n\n\t\t\t<div class=\"ux-shape-divider ux-shape-divider--top ux-shape-divider--style-tilt ux-shape-divider--flip\">\n\t\t<svg viewBox=\"0 0 1000 100\" xmlns=\"http:\/\/www.w3.org\/2000\/svg\" preserveAspectRatio=\"none\">\n\t<path class=\"ux-shape-fill\" d=\"M1000 100V0L-40 100H1000Z\"\/>\n<\/svg>\n\t<\/div>\n\n\n\t\t<div class=\"section-content relative\">\n\t\t\t\n\t<div id=\"gap-1360499697\" class=\"gap-element clearfix\" style=\"display:block; height:auto;\">\n\t\t\n<style>\n#gap-1360499697 {\n  padding-top: 30px;\n}\n<\/style>\n\t<\/div>\n\t\n<div class=\"row\"  id=\"row-923728069\">\n\n\t<div id=\"col-40916219\" class=\"col medium-8 small-12 large-8\"  >\n\t\t\t\t<div class=\"col-inner\"  >\n\t\t\t\n\t\t\t\n\t<div id=\"gap-1176247421\" class=\"gap-element clearfix\" style=\"display:block; height:auto;\">\n\t\t\n<style>\n#gap-1176247421 {\n  padding-top: 90px;\n}\n<\/style>\n\t<\/div>\n\t\n\t<div id=\"text-856601696\" class=\"text section-title-container m-l0 sub-title m-b5\">\n\t\t\n<h3 class=\"section-title section-title-bold\"><b><\/b><span class=\"section-title-main\">ESENCO<\/span><b><\/b><\/h3>\n\t\t\n<style>\n#text-856601696 {\n  color: rgb(255,255,255);\n}\n#text-856601696 > * {\n  color: rgb(255,255,255);\n}\n<\/style>\n\t<\/div>\n\t\n\t<div id=\"text-2559045414\" class=\"text background-linear m5\">\n\t\t\n<h2 class=\"uppercase\">V\u00ec sao Ch\u1ecdn ch\u00fang t\u00f4i?<\/h2>\n\t\t\n<style>\n#text-2559045414 {\n  font-size: 1.55rem;\n  color: rgb(255,255,255);\n}\n#text-2559045414 > * {\n  color: rgb(255,255,255);\n}\n<\/style>\n\t<\/div>\n\t\n\t<div id=\"text-2603078942\" class=\"text text-justify\">\n\t\t\n<p>V\u1edbi ESENCO LIGHTING \u2013 \u0110\u1ec9nh cao c\u1ee7a tr\u00e1ch nhi\u1ec7m l\u00e0 ch\u1ea5t l\u01b0\u1ee3ng, v\u1eady n\u00ean c\u00e1c ho\u1ea1t \u0111\u1ed9ng nghi\u00ean c\u1ee9u, l\u1ef1a ch\u1ecdn v\u00e0 cho ra \u0111\u1eddi c\u00e1c s\u1ea3n ph\u1ea9m ph\u1ea3i \u0111\u1ea3m b\u1ea3o y\u1ebfu t\u1ed1 \u0111\u1ea7u ti\u00ean l\u00e0 ch\u1ea5t l\u01b0\u1ee3ng t\u1ed1t. C\u00e1c s\u1ea3n ph\u1ea9m cung c\u1ea5p \u0111\u1ebfn kh\u00e1ch h\u00e0ng kh\u00f4ng ch\u1ec9 \u0111\u01a1n thu\u1ea7n l\u00e0 b\u00e1n m\u1ed9t s\u1ea3n ph\u1ea9m kinh doanh \u0111\u1eb7c th\u00f9 m\u00e0 h\u01a1n th\u1ebf n\u1eefa \u0111\u00f3 l\u00e0 cung c\u1ea5p gi\u1ea3i ph\u00e1p, t\u0103ng th\u00eam l\u1ef1a ch\u1ecdn v\u00e0 s\u1eafc m\u00e0u ho\u00e1 cu\u1ed9c s\u1ed1ng c\u1ee7a kh\u00e1ch h\u00e0ng.<\/p>\n<p>H\u01b0\u1edbng t\u1edbi n\u00ean c\u00f4ng nghi\u1ec7p n\u0103ng l\u01b0\u1ee3ng xanh, th\u00e2n thi\u1ec7n, b\u1ea3o v\u1ec7 con ng\u01b0\u1eddi, b\u1ea3o v\u1ec7 m\u00f4i tr\u01b0\u1eddng, ESENCO n\u1ed7 l\u1ef1c theo \u0111u\u1ed5i kim ch\u1ec9 nam h\u00e0nh \u0111\u1ed9ng n\u00e0y \u201cCH\u1ea4T L\u01af\u1ee2NG L\u00c0 S\u1ef0 S\u1ed0NG C\u00d2N C\u1ee6A DOANH NGHI\u1ec6P\u201d.<\/p>\n\t\t\n<style>\n#text-2603078942 {\n  color: rgb(255,255,255);\n}\n#text-2603078942 > * {\n  color: rgb(255,255,255);\n}\n<\/style>\n\t<\/div>\n\t\n\t<div id=\"gap-1098573838\" class=\"gap-element clearfix\" style=\"display:block; height:auto;\">\n\t\t\n<style>\n#gap-1098573838 {\n  padding-top: 30px;\n}\n<\/style>\n\t<\/div>\n\t\n\t\t<\/div>\n\t\t\t\t\n<style>\n#col-40916219 > .col-inner {\n  padding: 0px 0px 0px 0px;\n  margin: 70px 0px 0px 0px;\n}\n<\/style>\n\t<\/div>\n\n\t\n\n\t<div id=\"col-217086236\" class=\"col medium-4 small-12 large-4\"  >\n\t\t\t\t<div class=\"col-inner\"  >\n\t\t\t\n\t\t\t\n\n<div id=\"image_hover856107243\" class=\"trendy-image\">\n<div class=\"trendy-img-hover has-hover\">\n<div class=\"box-img img-final\"><img loading=\"lazy\" decoding=\"async\" class=\"attachment-original size-original\" src=\"https:\/\/esenco.com.vn\/wp-content\/uploads\/2024\/04\/360x622.Den-tat.png\" alt=\"\" width=\"360\" height=\"622\" \/><\/div>\n<div class=\"box-img img-hover\"><img loading=\"lazy\" decoding=\"async\" class=\"attachment-original size-original\" src=\"https:\/\/esenco.com.vn\/wp-content\/uploads\/2024\/04\/360x622.Den-mo_.png\" alt=\"\" width=\"360\" height=\"622\" \/><\/div>\n<\/div>\n<\/div>\n\n\t\t<\/div>\n\t\t\t\t\n<style>\n#col-217086236 > .col-inner {\n  margin: -100px 0px 0px 0px;\n}\n<\/style>\n\t<\/div>\n\n\t\n\n<style>\n#row-923728069 > .col > .col-inner {\n  padding: 0px 0px 0px 0px;\n}\n<\/style>\n<\/div>\n\n<div class=\"img has-hover over-img abs-why-left x md-x lg-x y md-y lg-y\">\n<div class=\"img-inner dark\"><img loading=\"lazy\" decoding=\"async\" class=\"attachment-original size-original\" src=\"https:\/\/esenco.com.vn\/wp-content\/uploads\/2024\/04\/360x622.-Anh-xoa-phong-nen-do.png\" alt=\"\" width=\"360\" height=\"622\" \/><\/div>\n<\/div>\n\n<div class=\"row trendy-element-wrapper box-why\"  id=\"row-1181009331\">\n\n\t<div id=\"col-1711849503\" class=\"col medium-3 small-6 large-3\"  >\n\t\t\t\t<div class=\"col-inner\"  >\n\t\t\t\n\t\t\t\n\t<div id=\"text-736241178\" class=\"text section-title-container m-l0 m-b5\">\n\t\t\n<h3 class=\"section-title section-title-bold\"><b><\/b><span class=\"section-title-main\"><i class=\"icon-certificate\"><\/i>Ch\u1ea5t l\u01b0\u1ee3ng s\u1ea3n ph\u1ea9m<\/span><b><\/b><\/h3>\n\t\t\n<style>\n#text-736241178 {\n  color: rgb(255,255,255);\n}\n#text-736241178 > * {\n  color: rgb(255,255,255);\n}\n<\/style>\n\t<\/div>\n\t\n\t<div id=\"text-1626032190\" class=\"text text-justify\">\n\t\t\n<p>ESENCO cung c\u1ea5p s\u1ea3n ph\u1ea9m c\u00f3 ch\u1ea5t l\u01b0\u1ee3ng cao, b\u1ec1n b\u1ec9 v\u00e0 \u0111\u00e1ng tin c\u1eady.\u00a0<\/p>\n\t\t\n<style>\n#text-1626032190 {\n  font-size: 0.9rem;\n  color: rgb(193, 193, 193);\n}\n#text-1626032190 > * {\n  color: rgb(193, 193, 193);\n}\n<\/style>\n\t<\/div>\n\t\n\t\t<\/div>\n\t\t\t\t\t<\/div>\n\n\t\n\n\t<div id=\"col-759327998\" class=\"col medium-3 small-6 large-3\"  >\n\t\t\t\t<div class=\"col-inner\"  >\n\t\t\t\n\t\t\t\n\t<div id=\"text-4073584382\" class=\"text section-title-container m-l0 m-b5\">\n\t\t\n<h3 class=\"section-title section-title-bold\"><b><\/b><span class=\"section-title-main\"><i class=\"icon-certificate\"><\/i>Ch\u1ea5t l\u01b0\u1ee3ng s\u1ea3n ph\u1ea9m<\/span><b><\/b><\/h3>\n\t\t\n<style>\n#text-4073584382 {\n  color: rgb(255,255,255);\n}\n#text-4073584382 > * {\n  color: rgb(255,255,255);\n}\n<\/style>\n\t<\/div>\n\t\n\t<div id=\"text-2652824211\" class=\"text text-justify\">\n\t\t\n<p>ESENCO cung c\u1ea5p s\u1ea3n ph\u1ea9m c\u00f3 ch\u1ea5t l\u01b0\u1ee3ng cao, b\u1ec1n b\u1ec9 v\u00e0 \u0111\u00e1ng tin c\u1eady. S\u1ea3n ph\u1ea9m kh\u00f4ng ch\u1ec9 ho\u1ea1t \u0111\u1ed9ng hi\u1ec7u qu\u1ea3 m\u00e0 c\u00f2n an to\u00e0n cho ng\u01b0\u1eddi s\u1eed d\u1ee5ng.<br \/>\n\t\t\n<style>\n#text-2652824211 {\n  font-size: 0.9rem;\n  color: rgb(193, 193, 193);\n}\n#text-2652824211 > * {\n  color: rgb(193, 193, 193);\n}\n<\/style>\n\t<\/div>\n\t\n\t\t<\/div>\n\t\t\t\t\t<\/div>\n\n\t\n\n\t<div id=\"col-477206126\" class=\"col medium-3 small-6 large-3\"  >\n\t\t\t\t<div class=\"col-inner\"  >\n\t\t\t\n\t\t\t\n\t<div id=\"text-1855561955\" class=\"text section-title-container m-l0 m-b5\">\n\t\t\n<h3 class=\"section-title section-title-bold\"><b><\/b><span class=\"section-title-main\"><i class=\"icon-certificate\"><\/i>Ch\u1ea5t l\u01b0\u1ee3ng s\u1ea3n ph\u1ea9m<\/span><b><\/b><\/h3>\n\t\t\n<style>\n#text-1855561955 {\n  color: rgb(255,255,255);\n}\n#text-1855561955 > * {\n  color: rgb(255,255,255);\n}\n<\/style>\n\t<\/div>\n\t\n\t<div id=\"text-424364629\" class=\"text text-justify\">\n\t\t\n<p>ESENCO cung c\u1ea5p s\u1ea3n ph\u1ea9m c\u00f3 ch\u1ea5t l\u01b0\u1ee3ng cao, b\u1ec1n b\u1ec9 v\u00e0 \u0111\u00e1ng tin c\u1eady. S\u1ea3n ph\u1ea9m kh\u00f4ng ch\u1ec9 ho\u1ea1t \u0111\u1ed9ng hi\u1ec7u qu\u1ea3 m\u00e0 c\u00f2n an to\u00e0n cho ng\u01b0\u1eddi s\u1eed d\u1ee5ng.<br \/>\n\t\t\n<style>\n#text-424364629 {\n  font-size: 0.9rem;\n  color: rgb(193, 193, 193);\n}\n#text-424364629 > * {\n  color: rgb(193, 193, 193);\n}\n<\/style>\n\t<\/div>\n\t\n\t\t<\/div>\n\t\t\t\t\t<\/div>\n\n\t\n\n\t<div id=\"col-1965301256\" class=\"col medium-3 small-6 large-3\"  >\n\t\t\t\t<div class=\"col-inner\"  >\n\t\t\t\n\t\t\t\n\t<div id=\"text-1442024150\" class=\"text section-title-container m-l0 m-b5\">\n\t\t\n<h3 class=\"section-title section-title-bold\"><b><\/b><span class=\"section-title-main\"><i class=\"icon-certificate\"><\/i>Ch\u1ea5t l\u01b0\u1ee3ng s\u1ea3n ph\u1ea9m<\/span><b><\/b><\/h3>\n\t\t\n<style>\n#text-1442024150 {\n  color: rgb(255,255,255);\n}\n#text-1442024150 > * {\n  color: rgb(255,255,255);\n}\n<\/style>\n\t<\/div>\n\t\n\t<div id=\"text-3928146190\" class=\"text text-justify\">\n\t\t\n<p>ESENCO cung c\u1ea5p s\u1ea3n ph\u1ea9m c\u00f3 ch\u1ea5t l\u01b0\u1ee3ng cao, b\u1ec1n b\u1ec9 v\u00e0 \u0111\u00e1ng tin c\u1eady. S\u1ea3n ph\u1ea9m kh\u00f4ng ch\u1ec9 ho\u1ea1t \u0111\u1ed9ng hi\u1ec7u qu\u1ea3 m\u00e0 c\u00f2n an to\u00e0n cho ng\u01b0\u1eddi s\u1eed d\u1ee5ng.<br \/>\n\t\t\n<style>\n#text-3928146190 {\n  font-size: 0.9rem;\n  color: rgb(193, 193, 193);\n}\n#text-3928146190 > * {\n  color: rgb(193, 193, 193);\n}\n<\/style>\n\t<\/div>\n\t\n\t\t<\/div>\n\t\t\t\t\t<\/div>\n\n\t\n\n\t<div id=\"col-1209474558\" class=\"col medium-3 small-6 large-3\"  >\n\t\t\t\t<div class=\"col-inner\"  >\n\t\t\t\n\t\t\t\n\t<div id=\"text-1080314810\" class=\"text section-title-container m-l0 m-b5\">\n\t\t\n<h3 class=\"section-title section-title-bold\"><b><\/b><span class=\"section-title-main\"><i class=\"icon-certificate\"><\/i>Ch\u1ea5t l\u01b0\u1ee3ng s\u1ea3n ph\u1ea9m<\/span><b><\/b><\/h3>\n\t\t\n<style>\n#text-1080314810 {\n  color: rgb(255,255,255);\n}\n#text-1080314810 > * {\n  color: rgb(255,255,255);\n}\n<\/style>\n\t<\/div>\n\t\n\t<div id=\"text-3506949354\" class=\"text text-justify\">\n\t\t\n<p>ESENCO cung c\u1ea5p s\u1ea3n ph\u1ea9m c\u00f3 ch\u1ea5t l\u01b0\u1ee3ng cao, b\u1ec1n b\u1ec9 v\u00e0 \u0111\u00e1ng tin c\u1eady. S\u1ea3n ph\u1ea9m kh\u00f4ng ch\u1ec9 ho\u1ea1t \u0111\u1ed9ng hi\u1ec7u qu\u1ea3 m\u00e0 c\u00f2n an to\u00e0n cho ng\u01b0\u1eddi s\u1eed d\u1ee5ng.<br \/>\n\t\t\n<style>\n#text-3506949354 {\n  font-size: 0.9rem;\n  color: rgb(193, 193, 193);\n}\n#text-3506949354 > * {\n  color: rgb(193, 193, 193);\n}\n<\/style>\n\t<\/div>\n\t\n\t\t<\/div>\n\t\t\t\t\t<\/div>\n\n\t\n\n\t<div id=\"col-1622183798\" class=\"col medium-3 small-6 large-3\"  >\n\t\t\t\t<div class=\"col-inner\"  >\n\t\t\t\n\t\t\t\n\t<div id=\"text-1870793193\" class=\"text section-title-container m-l0 m-b5\">\n\t\t\n<h3 class=\"section-title section-title-bold\"><b><\/b><span class=\"section-title-main\"><i class=\"icon-certificate\"><\/i>Ch\u1ea5t l\u01b0\u1ee3ng s\u1ea3n ph\u1ea9m<\/span><b><\/b><\/h3>\n\t\t\n<style>\n#text-1870793193 {\n  color: rgb(255,255,255);\n}\n#text-1870793193 > * {\n  color: rgb(255,255,255);\n}\n<\/style>\n\t<\/div>\n\t\n\t<div id=\"text-3385293483\" class=\"text text-justify\">\n\t\t\n<p>ESENCO cung c\u1ea5p s\u1ea3n ph\u1ea9m c\u00f3 ch\u1ea5t l\u01b0\u1ee3ng cao, b\u1ec1n b\u1ec9 v\u00e0 \u0111\u00e1ng tin c\u1eady. S\u1ea3n ph\u1ea9m kh\u00f4ng ch\u1ec9 ho\u1ea1t \u0111\u1ed9ng hi\u1ec7u qu\u1ea3 m\u00e0 c\u00f2n an to\u00e0n cho ng\u01b0\u1eddi s\u1eed d\u1ee5ng.<br \/>\n\t\t\n<style>\n#text-3385293483 {\n  font-size: 0.9rem;\n  color: rgb(193, 193, 193);\n}\n#text-3385293483 > * {\n  color: rgb(193, 193, 193);\n}\n<\/style>\n\t<\/div>\n\t\n\t\t<\/div>\n\t\t\t\t\t<\/div>\n\n\t\n\n\t<div id=\"col-5889963\" class=\"col medium-3 small-6 large-3\"  >\n\t\t\t\t<div class=\"col-inner\"  >\n\t\t\t\n\t\t\t\n\t<div id=\"text-2233811454\" class=\"text section-title-container m-l0 m-b5\">\n\t\t\n<h3 class=\"section-title section-title-bold\"><b><\/b><span class=\"section-title-main\"><i class=\"icon-certificate\"><\/i>Ch\u1ea5t l\u01b0\u1ee3ng s\u1ea3n ph\u1ea9m<\/span><b><\/b><\/h3>\n\t\t\n<style>\n#text-2233811454 {\n  color: rgb(255,255,255);\n}\n#text-2233811454 > * {\n  color: rgb(255,255,255);\n}\n<\/style>\n\t<\/div>\n\t\n\t<div id=\"text-293416847\" class=\"text text-justify\">\n\t\t\n<p>ESENCO cung c\u1ea5p s\u1ea3n ph\u1ea9m c\u00f3 ch\u1ea5t l\u01b0\u1ee3ng cao, b\u1ec1n b\u1ec9 v\u00e0 \u0111\u00e1ng tin c\u1eady. S\u1ea3n ph\u1ea9m kh\u00f4ng ch\u1ec9 ho\u1ea1t \u0111\u1ed9ng hi\u1ec7u qu\u1ea3 m\u00e0 c\u00f2n an to\u00e0n cho ng\u01b0\u1eddi s\u1eed d\u1ee5ng.<br \/>\n\t\t\n<style>\n#text-293416847 {\n  font-size: 0.9rem;\n  color: rgb(193, 193, 193);\n}\n#text-293416847 > * {\n  color: rgb(193, 193, 193);\n}\n<\/style>\n\t<\/div>\n\t\n\t\t<\/div>\n\t\t\t\t\t<\/div>\n\n\t\n\n\t<div id=\"col-2003472515\" class=\"col medium-3 small-6 large-3\"  >\n\t\t\t\t<div class=\"col-inner\"  >\n\t\t\t\n\t\t\t\n\t<div id=\"text-1658075146\" class=\"text section-title-container m-l0 m-b5\">\n\t\t\n<h3 class=\"section-title section-title-bold\"><b><\/b><span class=\"section-title-main\"><i class=\"icon-certificate\"><\/i>Ch\u1ea5t l\u01b0\u1ee3ng s\u1ea3n ph\u1ea9m<\/span><b><\/b><\/h3>\n\t\t\n<style>\n#text-1658075146 {\n  color: rgb(255,255,255);\n}\n#text-1658075146 > * {\n  color: rgb(255,255,255);\n}\n<\/style>\n\t<\/div>\n\t\n\t<div id=\"text-2892292445\" class=\"text text-justify\">\n\t\t\n<p>ESENCO cung c\u1ea5p s\u1ea3n ph\u1ea9m c\u00f3 ch\u1ea5t l\u01b0\u1ee3ng cao, b\u1ec1n b\u1ec9 v\u00e0 \u0111\u00e1ng tin c\u1eady. S\u1ea3n ph\u1ea9m kh\u00f4ng ch\u1ec9 ho\u1ea1t \u0111\u1ed9ng hi\u1ec7u qu\u1ea3 m\u00e0 c\u00f2n an to\u00e0n cho ng\u01b0\u1eddi s\u1eed d\u1ee5ng.<br \/>\n\t\t\n<style>\n#text-2892292445 {\n  font-size: 0.9rem;\n  color: rgb(193, 193, 193);\n}\n#text-2892292445 > * {\n  color: rgb(193, 193, 193);\n}\n<\/style>\n\t<\/div>\n\t\n\t\t<\/div>\n\t\t\t\t\t<\/div>\n\n\t\n<\/div>\n\t<div id=\"gap-551873555\" class=\"gap-element clearfix\" style=\"display:block; height:auto;\">\n\t\t\n<style>\n#gap-551873555 {\n  padding-top: 30px;\n}\n<\/style>\n\t<\/div>\n\t\n\t<div id=\"text-427827997\" class=\"text background-linear m5\">\n\t\t\n<h3 class=\"uppercase\">\u0110\u1ed0I T\u00c1C Chi\u1ebfn l\u01b0\u1ee3c<\/h3>\n\t\t\n<style>\n#text-427827997 {\n  font-size: 1.55rem;\n  text-align: center;\n  color: rgb(255, 255, 255);\n}\n#text-427827997 > * {\n  color: rgb(255, 255, 255);\n}\n<\/style>\n\t<\/div>\n\t\n\t<div id=\"gap-1716683504\" class=\"gap-element clearfix\" style=\"display:block; height:auto;\">\n\t\t\n<style>\n#gap-1716683504 {\n  padding-top: 70px;\n}\n<\/style>\n\t<\/div>\n\t\n\t\t<\/div>\n\n\t\t\n<style>\n#section_1291318366 {\n  padding-top: 30px;\n  padding-bottom: 30px;\n}\n#section_1291318366 .section-bg-overlay {\n  background-color: rgba(0, 0, 0, 0.93);\n}\n#section_1291318366 .ux-shape-divider--top svg {\n  height: 150px;\n  --divider-top-width: 120%;\n}\n<\/style>\n\t<\/section>\n\t\n","protected":false},"excerpt":{"rendered":"","protected":false},"author":1,"featured_media":0,"parent":0,"menu_order":0,"comment_status":"closed","ping_status":"closed","template":"page-blank.php","meta":{"_acf_changed":false,"footnotes":""},"class_list":["post-495","page","type-page","status-publish","hentry"],"acf":[],"yoast_head":"<!-- This site is optimized with the Yoast SEO plugin v22.4 - https:\/\/yoast.com\/wordpress\/plugins\/seo\/ -->\n<title>C\u1eeda h\u00e0ng ph\u00e2n ph\u1ed1i - ESENCO<\/title>\n<meta name=\"robots\" content=\"index, follow, max-snippet:-1, max-image-preview:large, max-video-preview:-1\" \/>\n<link rel=\"canonical\" href=\"https:\/\/esenco.com.vn\/?page_id=495\" \/>\n<meta property=\"og:locale\" content=\"vi_VN\" \/>\n<meta property=\"og:type\" content=\"article\" \/>\n<meta property=\"og:title\" content=\"C\u1eeda h\u00e0ng ph\u00e2n ph\u1ed1i - ESENCO\" \/>\n<meta property=\"og:url\" content=\"https:\/\/esenco.com.vn\/?page_id=495\" \/>\n<meta property=\"og:site_name\" content=\"ESENCO\" \/>\n<meta property=\"article:modified_time\" content=\"2024-04-22T02:03:46+00:00\" \/>\n<meta property=\"og:image\" content=\"https:\/\/esenco.com.vn\/wp-content\/uploads\/2024\/04\/360x622.Den-tat.png\" \/>\n<meta name=\"twitter:card\" content=\"summary_large_image\" \/>\n<meta name=\"twitter:label1\" content=\"\u01af\u1edbc t\u00ednh th\u1eddi gian \u0111\u1ecdc\" \/>\n\t<meta name=\"twitter:data1\" content=\"5 ph\u00fat\" \/>\n<script type=\"application\/ld+json\" class=\"yoast-schema-graph\">{\"@context\":\"https:\/\/schema.org\",\"@graph\":[{\"@type\":\"WebPage\",\"@id\":\"https:\/\/esenco.com.vn\/?page_id=495\",\"url\":\"https:\/\/esenco.com.vn\/?page_id=495\",\"name\":\"C\u1eeda h\u00e0ng ph\u00e2n ph\u1ed1i - ESENCO\",\"isPartOf\":{\"@id\":\"https:\/\/esenco.com.vn\/#website\"},\"primaryImageOfPage\":{\"@id\":\"https:\/\/esenco.com.vn\/?page_id=495#primaryimage\"},\"image\":{\"@id\":\"https:\/\/esenco.com.vn\/?page_id=495#primaryimage\"},\"thumbnailUrl\":\"https:\/\/esenco.com.vn\/wp-content\/uploads\/2024\/04\/360x622.Den-tat.png\",\"datePublished\":\"2024-04-07T13:32:29+00:00\",\"dateModified\":\"2024-04-22T02:03:46+00:00\",\"breadcrumb\":{\"@id\":\"https:\/\/esenco.com.vn\/?page_id=495#breadcrumb\"},\"inLanguage\":\"vi\",\"potentialAction\":[{\"@type\":\"ReadAction\",\"target\":[\"https:\/\/esenco.com.vn\/?page_id=495\"]}]},{\"@type\":\"ImageObject\",\"inLanguage\":\"vi\",\"@id\":\"https:\/\/esenco.com.vn\/?page_id=495#primaryimage\",\"url\":\"https:\/\/esenco.com.vn\/wp-content\/uploads\/2024\/04\/360x622.Den-tat.png\",\"contentUrl\":\"https:\/\/esenco.com.vn\/wp-content\/uploads\/2024\/04\/360x622.Den-tat.png\",\"width\":360,\"height\":622},{\"@type\":\"BreadcrumbList\",\"@id\":\"https:\/\/esenco.com.vn\/?page_id=495#breadcrumb\",\"itemListElement\":[{\"@type\":\"ListItem\",\"position\":1,\"name\":\"Trang ch\u1ee7\",\"item\":\"https:\/\/esenco.com.vn\/\"},{\"@type\":\"ListItem\",\"position\":2,\"name\":\"C\u1eeda h\u00e0ng ph\u00e2n ph\u1ed1i\"}]},{\"@type\":\"WebSite\",\"@id\":\"https:\/\/esenco.com.vn\/#website\",\"url\":\"https:\/\/esenco.com.vn\/\",\"name\":\"ESENCO\",\"description\":\"CH\u1ea4T L\u01af\u1ee2NG L\u00c0 TR\u00c1CH NHI\u1ec6M\",\"potentialAction\":[{\"@type\":\"SearchAction\",\"target\":{\"@type\":\"EntryPoint\",\"urlTemplate\":\"https:\/\/esenco.com.vn\/?s={search_term_string}\"},\"query-input\":\"required name=search_term_string\"}],\"inLanguage\":\"vi\"}]}<\/script>\n<!-- \/ Yoast SEO plugin. -->","yoast_head_json":{"title":"C\u1eeda h\u00e0ng ph\u00e2n ph\u1ed1i - ESENCO","robots":{"index":"index","follow":"follow","max-snippet":"max-snippet:-1","max-image-preview":"max-image-preview:large","max-video-preview":"max-video-preview:-1"},"canonical":"https:\/\/esenco.com.vn\/?page_id=495","og_locale":"vi_VN","og_type":"article","og_title":"C\u1eeda h\u00e0ng ph\u00e2n ph\u1ed1i - ESENCO","og_url":"https:\/\/esenco.com.vn\/?page_id=495","og_site_name":"ESENCO","article_modified_time":"2024-04-22T02:03:46+00:00","og_image":[{"url":"https:\/\/esenco.com.vn\/wp-content\/uploads\/2024\/04\/360x622.Den-tat.png"}],"twitter_card":"summary_large_image","twitter_misc":{"\u01af\u1edbc t\u00ednh th\u1eddi gian \u0111\u1ecdc":"5 ph\u00fat"},"schema":{"@context":"https:\/\/schema.org","@graph":[{"@type":"WebPage","@id":"https:\/\/esenco.com.vn\/?page_id=495","url":"https:\/\/esenco.com.vn\/?page_id=495","name":"C\u1eeda h\u00e0ng ph\u00e2n ph\u1ed1i - ESENCO","isPartOf":{"@id":"https:\/\/esenco.com.vn\/#website"},"primaryImageOfPage":{"@id":"https:\/\/esenco.com.vn\/?page_id=495#primaryimage"},"image":{"@id":"https:\/\/esenco.com.vn\/?page_id=495#primaryimage"},"thumbnailUrl":"https:\/\/esenco.com.vn\/wp-content\/uploads\/2024\/04\/360x622.Den-tat.png","datePublished":"2024-04-07T13:32:29+00:00","dateModified":"2024-04-22T02:03:46+00:00","breadcrumb":{"@id":"https:\/\/esenco.com.vn\/?page_id=495#breadcrumb"},"inLanguage":"vi","potentialAction":[{"@type":"ReadAction","target":["https:\/\/esenco.com.vn\/?page_id=495"]}]},{"@type":"ImageObject","inLanguage":"vi","@id":"https:\/\/esenco.com.vn\/?page_id=495#primaryimage","url":"https:\/\/esenco.com.vn\/wp-content\/uploads\/2024\/04\/360x622.Den-tat.png","contentUrl":"https:\/\/esenco.com.vn\/wp-content\/uploads\/2024\/04\/360x622.Den-tat.png","width":360,"height":622},{"@type":"BreadcrumbList","@id":"https:\/\/esenco.com.vn\/?page_id=495#breadcrumb","itemListElement":[{"@type":"ListItem","position":1,"name":"Trang ch\u1ee7","item":"https:\/\/esenco.com.vn\/"},{"@type":"ListItem","position":2,"name":"C\u1eeda h\u00e0ng ph\u00e2n ph\u1ed1i"}]},{"@type":"WebSite","@id":"https:\/\/esenco.com.vn\/#website","url":"https:\/\/esenco.com.vn\/","name":"ESENCO","description":"CH\u1ea4T L\u01af\u1ee2NG L\u00c0 TR\u00c1CH NHI\u1ec6M","potentialAction":[{"@type":"SearchAction","target":{"@type":"EntryPoint","urlTemplate":"https:\/\/esenco.com.vn\/?s={search_term_string}"},"query-input":"required name=search_term_string"}],"inLanguage":"vi"}]}},"_links":{"self":[{"href":"https:\/\/esenco.com.vn\/index.php?rest_route=\/wp\/v2\/pages\/495","targetHints":{"allow":["GET"]}}],"collection":[{"href":"https:\/\/esenco.com.vn\/index.php?rest_route=\/wp\/v2\/pages"}],"about":[{"href":"https:\/\/esenco.com.vn\/index.php?rest_route=\/wp\/v2\/types\/page"}],"author":[{"embeddable":true,"href":"https:\/\/esenco.com.vn\/index.php?rest_route=\/wp\/v2\/users\/1"}],"replies":[{"embeddable":true,"href":"https:\/\/esenco.com.vn\/index.php?rest_route=%2Fwp%2Fv2%2Fcomments&post=495"}],"version-history":[{"count":10,"href":"https:\/\/esenco.com.vn\/index.php?rest_route=\/wp\/v2\/pages\/495\/revisions"}],"predecessor-version":[{"id":1002,"href":"https:\/\/esenco.com.vn\/index.php?rest_route=\/wp\/v2\/pages\/495\/revisions\/1002"}],"wp:attachment":[{"href":"https:\/\/esenco.com.vn\/index.php?rest_route=%2Fwp%2Fv2%2Fmedia&parent=495"}],"curies":[{"name":"wp","href":"https:\/\/api.w.org\/{rel}","templated":true}]}}