{"id":54,"date":"2024-04-01T08:02:15","date_gmt":"2024-04-01T08:02:15","guid":{"rendered":"https:\/\/haiantique.com\/esenco\/?page_id=54"},"modified":"2024-09-25T09:19:53","modified_gmt":"2024-09-25T02:19:53","slug":"lien-he","status":"publish","type":"page","link":"https:\/\/esenco.com.vn\/?page_id=54","title":{"rendered":"Li\u00ean H\u1ec7"},"content":{"rendered":"\t<section class=\"section\" id=\"section_1892147114\">\n\t\t<div class=\"bg section-bg fill bg-fill  \" >\n\n\t\t\t\n\t\t\t<div class=\"section-bg-overlay absolute fill\"><\/div>\n\t\t\t\n\n\t\t<\/div>\n\n\t\t\n\n\t\t<div class=\"section-content relative\">\n\t\t\t\n\t<div id=\"gap-342061767\" class=\"gap-element clearfix\" style=\"display:block; height:auto;\">\n\t\t\n<style>\n#gap-342061767 {\n  padding-top: 30px;\n}\n<\/style>\n\t<\/div>\n\t\n\t<div id=\"text-341013957\" class=\"text section-title-container sub-title\">\n\t\t\n<h3 class=\"section-title section-title-center\"><b><\/b><span class=\"section-title-main\">CONTACT US<\/span><b><\/b><\/h3>\n\t\t\n<style>\n#text-341013957 {\n  color: rgb(255,255,255);\n}\n#text-341013957 > * {\n  color: rgb(255,255,255);\n}\n<\/style>\n\t<\/div>\n\t\n\t<div id=\"text-4107962702\" class=\"text background-linear m5\">\n\t\t\n<h2 class=\"uppercase\"><span>LI\u00caN H\u1ec6 \u0110\u1ebeN CH\u00daNG T\u00d4I <\/p>\n<style>#text-1075770564{font-size:1.75rem;text-align:center}<\/style>\n<p><\/span><\/h2>\n\t\t\n<style>\n#text-4107962702 {\n  font-size: 1.75rem;\n  text-align: center;\n  color: rgb(255,255,255);\n}\n#text-4107962702 > * {\n  color: rgb(255,255,255);\n}\n<\/style>\n\t<\/div>\n\t\n\t\t<\/div>\n\n\t\t\n<style>\n#section_1892147114 {\n  padding-top: 60px;\n  padding-bottom: 60px;\n  min-height: 400px;\n}\n#section_1892147114 .section-bg-overlay {\n  background-color: rgba(0, 0, 0, 0.831);\n}\n#section_1892147114 .section-bg.bg-loaded {\n  background-image: url(https:\/\/esenco.com.vn\/wp-content\/uploads\/2024\/04\/home-background.jpg);\n}\n<\/style>\n\t<\/section>\n\t\n\t<section class=\"section dark\" id=\"section_465439889\">\n\t\t<div class=\"bg section-bg fill bg-fill  bg-loaded\" >\n\n\t\t\t\n\t\t\t<div class=\"section-bg-overlay absolute fill\"><\/div>\n\t\t\t\n\n\t\t<\/div>\n\n\t\t\n\n\t\t<div class=\"section-content relative\">\n\t\t\t\n\t<div id=\"gap-1832619219\" class=\"gap-element clearfix\" style=\"display:block; height:auto;\">\n\t\t\n<style>\n#gap-1832619219 {\n  padding-top: 30px;\n}\n<\/style>\n\t<\/div>\n\t\n<div class=\"row\"  id=\"row-1741244144\">\n\n\t<div id=\"col-2134012645\" class=\"col medium-12 small-12 large-5\"  >\n\t\t\t\t<div class=\"col-inner\"  >\n\t\t\t\n\t\t\t\n\t<div id=\"text-4046446751\" class=\"text background-linear m5\">\n\t\t\n<h2 class=\"uppercase\"><span>H\u00e3y li\u00ean l\u1ea1c b\u1ea5t c\u1ee9 l\u00fac n\u00e0o <\/p>\n<p><\/span><\/h2>\n\t\t\n<style>\n#text-4046446751 {\n  font-size: 1.1rem;\n}\n<\/style>\n\t<\/div>\n\t\n\t<div id=\"text-2921434558\" class=\"text background-linear m5\">\n\t\t\n<p>Ch\u00fang t\u00f4i lu\u00f4n s\u1eb5n s\u00e0ng, \u0111\u01b0\u1ee3c h\u1ee3p t\u00e1c v\u00e0 \u0111\u1ed3ng h\u00e0nh c\u00f9ng qu\u00fd kh\u00e1ch l\u00e0 vinh d\u1ef1 c\u1ee7a ch\u00fang t\u00f4i!<\/p>\n\t\t\n<style>\n#text-2921434558 {\n  font-size: 0.9rem;\n}\n<\/style>\n\t<\/div>\n\t\n\n\t\t<div class=\"icon-box featured-box box-support icon-box-left text-left\"  >\n\t\t\t\t\t<div class=\"icon-box-img\" style=\"width: 60px\">\n\t\t\t\t<div class=\"icon\">\n\t\t\t\t\t<div class=\"icon-inner\" style=\"color:rgb(244, 162, 26);\">\n\t\t\t\t\t\t<svg fill=\"#000000\" version=\"1.1\" id=\"Capa_1\" xmlns=\"http:\/\/www.w3.org\/2000\/svg\" xmlns:xlink=\"http:\/\/www.w3.org\/1999\/xlink\" width=\"800px\" height=\"800px\" viewBox=\"0 0 395.71 395.71\" xml:space=\"preserve\">\n<g>\n<path d=\"M197.849,0C122.131,0,60.531,61.609,60.531,137.329c0,72.887,124.591,243.177,129.896,250.388l4.951,6.738\nc0.579,0.792,1.501,1.255,2.471,1.255c0.985,0,1.901-0.463,2.486-1.255l4.948-6.738c5.308-7.211,129.896-177.501,129.896-250.388\nC335.179,61.609,273.569,0,197.849,0z M197.849,88.138c27.13,0,49.191,22.062,49.191,49.191c0,27.115-22.062,49.191-49.191,49.191\nc-27.114,0-49.191-22.076-49.191-49.191C148.658,110.2,170.734,88.138,197.849,88.138z\"><\/path>\n<\/g>\n<\/svg>\t\t\t\t\t<\/div>\n\t\t\t\t<\/div>\n\t\t\t<\/div>\n\t\t\t\t<div class=\"icon-box-text last-reset\">\n\t\t\t\t\t\t\t\t\t\n<h4>\u0110\u1ecaA CH\u1ec8 V\u0102N PH\u00d2NG<\/h4>\n<p>Nh\u00e0 P1-08 Eastern Park, Khu \u0111\u00f4 th\u1ecb Hanoi Garden City, \u0111\u01b0\u1eddng Th\u1ea1ch B\u00e0n, Ph\u01b0\u1eddng Th\u1ea1ch B\u00e0n, Qu\u1eadn Long Bi\u00ean, Th\u00e0nh ph\u1ed1 H\u00e0 N\u1ed9i, Vi\u1ec7t Nam.<\/p>\n\t\t<\/div>\n\t<\/div>\n\t\n\t\n\n\t\t<div class=\"icon-box featured-box box-support icon-box-left text-left\"  >\n\t\t\t\t\t<div class=\"icon-box-img\" style=\"width: 60px\">\n\t\t\t\t<div class=\"icon\">\n\t\t\t\t\t<div class=\"icon-inner\" style=\"color:rgb(244, 162, 26);\">\n\t\t\t\t\t\t<svg xmlns=\"http:\/\/www.w3.org\/2000\/svg\" xml:space=\"preserve\" width=\"508px\" height=\"512px\" version=\"1.1\" shape-rendering=\"geometricPrecision\" text-rendering=\"geometricPrecision\" image-rendering=\"optimizeQuality\" fill-rule=\"evenodd\" clip-rule=\"evenodd\" viewBox=\"0 0 508 512.06\" xmlns:xlink=\"http:\/\/www.w3.org\/1999\/xlink\" xmlns:xodm=\"http:\/\/www.corel.com\/coreldraw\/odm\/2003\">\n<g id=\"Layer_x0020_1\">\n<metadata id=\"CorelCorpID_0Corel-Layer\"><\/metadata>\n<path fill=\"black\" fill-rule=\"nonzero\" d=\"M123.43 249.39c15.07,27.16 32.42,53.26 54.98,77.05 22.61,23.95 50.71,45.72 87.14,64.3 2.7,1.32 5.27,1.32 7.55,0.42 3.46,-1.33 6.99,-4.18 10.47,-7.67 2.7,-2.69 6.04,-6.99 9.56,-11.7 13.99,-18.44 31.34,-41.29 55.81,-29.86 0.54,0.25 0.95,0.53 1.49,0.78l81.66 46.96c0.22,0.12 0.53,0.42 0.77,0.53 10.78,7.41 15.2,18.84 15.32,31.76 0,13.18 -4.85,27.98 -11.96,40.5 -9.4,16.5 -23.27,27.43 -39.25,34.69 -15.2,7 -32.13,10.75 -48.4,13.15 -25.55,3.77 -49.47,1.37 -73.94,-6.16 -23.94,-7.42 -48.03,-19.63 -74.37,-35.89l-1.95 -1.25c-12.07,-7.52 -25.12,-15.61 -37.91,-25.13 -46.91,-35.4 -94.65,-86.48 -125.74,-142.71 -26.08,-47.2 -40.32,-98.15 -32.53,-146.73 4.3,-26.63 15.72,-50.84 35.63,-66.82 17.35,-13.98 40.74,-21.64 71.01,-18.96 3.48,0.23 6.58,2.27 8.19,5.24l52.33 88.5c7.67,9.93 8.61,19.75 4.44,29.58 -3.49,8.09 -10.47,15.5 -20.04,22.46 -2.82,2.4 -6.18,4.84 -9.69,7.4 -11.71,8.5 -25,18.3 -20.45,29.85l-0.12 -0.29zm97.51 -42.25c-8.08,-2.08 -12.94,-10.35 -10.85,-18.43 2.09,-8.08 10.35,-12.94 18.43,-10.85 24.51,6.39 47.56,19.66 66.21,37.07 18.76,17.52 33.31,39.41 40.66,62.88 2.48,7.99 -1.98,16.49 -9.96,18.97 -7.98,2.49 -16.49,-1.97 -18.97,-9.95 -5.75,-18.37 -17.33,-35.69 -32.36,-49.73 -15.15,-14.15 -33.68,-24.88 -53.16,-29.96zm2.01 -92.74c-8.25,-1.4 -13.79,-9.24 -12.39,-17.49 1.39,-8.24 9.24,-13.79 17.48,-12.39 46.21,8 90.08,31.46 125.25,64.38 35.19,32.92 61.82,75.41 73.53,121.46 2.06,8.12 -2.85,16.38 -10.97,18.44 -8.12,2.06 -16.38,-2.85 -18.44,-10.97 -10.3,-40.48 -33.75,-77.89 -64.75,-106.89 -30.93,-28.95 -69.38,-49.55 -109.71,-56.54zm9.74 -84.19c-8.31,-0.95 -14.28,-8.47 -13.33,-16.78 0.95,-8.31 8.46,-14.29 16.77,-13.34 64.65,7.57 125.4,37.22 173.49,80.81 48.21,43.69 83.83,101.51 98.02,165.22 1.8,8.14 -3.35,16.22 -11.5,18.02 -8.14,1.8 -16.22,-3.35 -18.02,-11.5 -12.8,-57.45 -45.05,-109.73 -88.77,-149.34 -43.53,-39.45 -98.4,-66.28 -156.66,-73.09z\"><\/path>\n<\/g>\n<\/svg>\t\t\t\t\t<\/div>\n\t\t\t\t<\/div>\n\t\t\t<\/div>\n\t\t\t\t<div class=\"icon-box-text last-reset\">\n\t\t\t\t\t\t\t\t\t\n<h4>HOTLINE 24\/7<\/h4>\n<p>0989.058.988<\/p>\n\t\t<\/div>\n\t<\/div>\n\t\n\t\n\n\t\t<div class=\"icon-box featured-box box-support icon-box-left text-left\"  >\n\t\t\t\t\t<div class=\"icon-box-img\" style=\"width: 60px\">\n\t\t\t\t<div class=\"icon\">\n\t\t\t\t\t<div class=\"icon-inner\" style=\"color:rgb(244, 162, 26);\">\n\t\t\t\t\t\t<svg xmlns=\"http:\/\/www.w3.org\/2000\/svg\" viewBox=\"131 -131 512 512\" xml:space=\"preserve\"><path d=\"M591.2-79.6H181.9c-28.1 0-50.9 22.8-50.9 50.9v307.4c0 28.1 22.8 50.9 50.9 50.9H592c28.1 0 50.9-22.8 50.9-50.9V-28.7c.1-28.1-22.7-50.9-51.7-50.9m0 101.8L386.6 150.5 181.9 22.2v-50.9L386.5 99.5 591.1-28.7v50.9z\"\/><\/svg>\t\t\t\t\t<\/div>\n\t\t\t\t<\/div>\n\t\t\t<\/div>\n\t\t\t\t<div class=\"icon-box-text last-reset\">\n\t\t\t\t\t\t\t\t\t\n<h4>G\u1eecI EMAIL<\/h4>\n<p>esencovietnam@gmail.com<\/p>\n\t\t<\/div>\n\t<\/div>\n\t\n\t\n\t\t<\/div>\n\t\t\t\t\t<\/div>\n\n\t\n\n\t<div id=\"col-181171419\" class=\"col medium-12 small-12 large-7\"  >\n\t\t\t\t<div class=\"col-inner\" style=\"background-color:rgb(255, 255, 255);\" >\n\t\t\t\n\t\t\t\n<div class=\"row row-small\"  id=\"row-1683989701\">\n\n\t<div id=\"col-596386035\" class=\"col small-12 large-12\"  >\n\t\t\t\t<div class=\"col-inner\"  >\n\t\t\t\n\t\t\t\n\t<div id=\"text-3765462612\" class=\"text\">\n\t\t\n<p>Qu\u00fd kh\u00e1ch vui l\u00f2ng \u0111\u1ec3 l\u1ea1i l\u1eddi nh\u1eafn theo bi\u1ec3u m\u1eabu d\u01b0\u1edbi \u0111\u00e2y \u0111\u1ec3 \u0111\u01b0\u1ee3c h\u1ed7 tr\u1ee3.<\/p>\n\t\t\n<style>\n#text-3765462612 {\n  color: rgb(0,0,0);\n}\n#text-3765462612 > * {\n  color: rgb(0,0,0);\n}\n<\/style>\n\t<\/div>\n\t\n\n<div class=\"wpcf7 no-js\" id=\"wpcf7-f299-o1\" lang=\"en-US\" dir=\"ltr\">\n<div class=\"screen-reader-response\"><p role=\"status\" aria-live=\"polite\" aria-atomic=\"true\"><\/p> <ul><\/ul><\/div>\n<form action=\"\/index.php?rest_route=%2Fwp%2Fv2%2Fpages%2F54#wpcf7-f299-o1\" method=\"post\" class=\"wpcf7-form init\" aria-label=\"Contact form\" novalidate=\"novalidate\" data-status=\"init\">\n<div style=\"display: none;\">\n<input type=\"hidden\" name=\"_wpcf7\" value=\"299\" \/>\n<input type=\"hidden\" name=\"_wpcf7_version\" value=\"5.9.3\" \/>\n<input type=\"hidden\" name=\"_wpcf7_locale\" value=\"en_US\" \/>\n<input type=\"hidden\" name=\"_wpcf7_unit_tag\" value=\"wpcf7-f299-o1\" \/>\n<input type=\"hidden\" name=\"_wpcf7_container_post\" value=\"0\" \/>\n<input type=\"hidden\" name=\"_wpcf7_posted_data_hash\" value=\"\" \/>\n<\/div>\n<div class=\"trendy-form\">\n\t<div class=\"row row-small\">\n\t\t<div class=\"input-filled col large-6\">\n\t\t\t<p><span class=\"wpcf7-form-control-wrap\" data-name=\"your-phone\"><br \/>\n<label>H\u1ecd t\u00ean *<\/label><br \/>\n<i class=\"fa fa-user input-icon\"><\/i><br \/>\n<span class=\"wpcf7-form-control-wrap\" data-name=\"your-name\"><input size=\"40\" class=\"wpcf7-form-control wpcf7-text wpcf7-validates-as-required\" autocomplete=\"name\" aria-required=\"true\" aria-invalid=\"false\" value=\"\" type=\"text\" name=\"your-name\" \/><\/span><br \/>\n<\/span>\n\t\t\t<\/p>\n\t\t<\/div>\n\t\t<div class=\"input-filled col large-6\">\n\t\t\t<p><span class=\"wpcf7-form-control-wrap\" data-name=\"your-phone\"><br \/>\n<label>S\u1ed1 \u0111i\u1ec7n tho\u1ea1i*<\/label><br \/>\n<i class=\"fa fa-phone input-icon\"><\/i><br \/>\n<span class=\"wpcf7-form-control-wrap\" data-name=\"tel-249\"><input size=\"40\" class=\"wpcf7-form-control wpcf7-tel wpcf7-validates-as-required wpcf7-text wpcf7-validates-as-tel\" aria-required=\"true\" aria-invalid=\"false\" value=\"\" type=\"tel\" name=\"tel-249\" \/><\/span><br \/>\n<\/span>\n\t\t\t<\/p>\n\t\t<\/div>\n\t\t<div class=\"input-filled col large-6\">\n\t\t\t<p><span class=\"wpcf7-form-control-wrap\" data-name=\"your-email\"><br \/>\n<label>Email *<\/label><br \/>\n<i class=\"fa fa-envelope input-icon\"><\/i><br \/>\n<span class=\"wpcf7-form-control-wrap\" data-name=\"your-email\"><input size=\"40\" class=\"wpcf7-form-control wpcf7-email wpcf7-validates-as-required wpcf7-text wpcf7-validates-as-email\" autocomplete=\"email\" aria-required=\"true\" aria-invalid=\"false\" value=\"\" type=\"email\" name=\"your-email\" \/><\/span><br \/>\n<\/span>\n\t\t\t<\/p>\n\t\t<\/div>\n\t\t<div class=\"input-filled col large-6\">\n\t\t\t<p><span class=\"wpcf7-form-control-wrap\" data-name=\"your-email\"><br \/>\n<label>Qu\u00fd kh\u00e1ch l\u00e0?<\/label><br \/>\n<i class=\"fa-solid fa-people-group\"><\/i><br \/>\n<span class=\"wpcf7-form-control-wrap\" data-name=\"menu-194\"><select class=\"wpcf7-form-control wpcf7-select\" aria-invalid=\"false\" name=\"menu-194\"><option value=\"Mua l\u1ebb c\u00e1 nh\u00e2n\">Mua l\u1ebb c\u00e1 nh\u00e2n<\/option><option value=\"\u0110\u1ea1i L\u00fd\">\u0110\u1ea1i L\u00fd<\/option><option value=\"Nh\u00e0 Ph\u00e2n Ph\u1ed1i\">Nh\u00e0 Ph\u00e2n Ph\u1ed1i<\/option><\/select><\/span><br \/>\n<\/span>\n\t\t\t<\/p>\n\t\t<\/div>\n\t\t<div class=\"input-filled col large-12\">\n\t\t\t<p><span class=\"wpcf7-form-control-wrap\" data-name=\"your-email\"><br \/>\n<label>Tin nh\u1eafn<\/label><br \/>\n<i class=\"fa-solid fa-pen-to-square\"><\/i><br \/>\n<span class=\"wpcf7-form-control-wrap\" data-name=\"your-message\"><textarea cols=\"40\" rows=\"10\" class=\"wpcf7-form-control wpcf7-textarea\" aria-invalid=\"false\" name=\"your-message\"><\/textarea><\/span><br \/>\n<\/span>\n\t\t\t<\/p>\n\t\t<\/div>\n\t\t<div class=\"input-filled submit col large-12\">\n\t\t\t<p><br \/>\n<button type=\"submit\" class=\"wpcf7-submit btn btn-animate\">G\u1eedi \u0111i <i class=\"icon-angle-right\" aria-hidden=\"true\"><\/i><br \/>\n<\/button>\n\t\t\t<\/p>\n\t\t<\/div>\n\t<\/div>\n<\/div><div class=\"wpcf7-response-output\" aria-hidden=\"true\"><\/div>\n<\/form>\n<\/div>\n\n\t\t<\/div>\n\t\t\t\t\t<\/div>\n\n\t\n<\/div>\n\t\t<\/div>\n\t\t\t\t\n<style>\n#col-181171419 > .col-inner {\n  padding: 45px 35px 0px 35px;\n  border-radius: 5px;\n}\n<\/style>\n\t<\/div>\n\n\t\n<\/div>\n\t<div id=\"gap-43731813\" class=\"gap-element clearfix\" style=\"display:block; height:auto;\">\n\t\t\n<style>\n#gap-43731813 {\n  padding-top: 60px;\n}\n<\/style>\n\t<\/div>\n\t\n\t\t<\/div>\n\n\t\t\n<style>\n#section_465439889 {\n  padding-top: 30px;\n  padding-bottom: 30px;\n}\n#section_465439889 .section-bg-overlay {\n  background-color: rgb(21, 21, 21);\n}\n@media (min-width:550px) {\n  #section_465439889 {\n    padding-top: 0px;\n    padding-bottom: 0px;\n  }\n}\n<\/style>\n\t<\/section>\n\t\n","protected":false},"excerpt":{"rendered":"","protected":false},"author":1,"featured_media":0,"parent":0,"menu_order":0,"comment_status":"closed","ping_status":"closed","template":"page-blank.php","meta":{"_acf_changed":false,"footnotes":""},"class_list":["post-54","page","type-page","status-publish","hentry"],"acf":[],"yoast_head":"<!-- This site is optimized with the Yoast SEO plugin v22.4 - https:\/\/yoast.com\/wordpress\/plugins\/seo\/ -->\n<title>Li\u00ean H\u1ec7 - ESENCO<\/title>\n<meta name=\"robots\" content=\"index, follow, max-snippet:-1, max-image-preview:large, max-video-preview:-1\" \/>\n<link rel=\"canonical\" href=\"https:\/\/esenco.com.vn\/?page_id=54\" \/>\n<meta property=\"og:locale\" content=\"vi_VN\" \/>\n<meta property=\"og:type\" content=\"article\" \/>\n<meta property=\"og:title\" content=\"Li\u00ean H\u1ec7 - ESENCO\" \/>\n<meta property=\"og:url\" content=\"https:\/\/esenco.com.vn\/?page_id=54\" \/>\n<meta property=\"og:site_name\" content=\"ESENCO\" \/>\n<meta property=\"article:modified_time\" content=\"2024-09-25T02:19:53+00:00\" \/>\n<meta name=\"twitter:card\" content=\"summary_large_image\" \/>\n<meta name=\"twitter:label1\" content=\"\u01af\u1edbc t\u00ednh th\u1eddi gian \u0111\u1ecdc\" \/>\n\t<meta name=\"twitter:data1\" content=\"1 ph\u00fat\" \/>\n<script type=\"application\/ld+json\" class=\"yoast-schema-graph\">{\"@context\":\"https:\/\/schema.org\",\"@graph\":[{\"@type\":\"WebPage\",\"@id\":\"https:\/\/esenco.com.vn\/?page_id=54\",\"url\":\"https:\/\/esenco.com.vn\/?page_id=54\",\"name\":\"Li\u00ean H\u1ec7 - ESENCO\",\"isPartOf\":{\"@id\":\"https:\/\/esenco.com.vn\/#website\"},\"datePublished\":\"2024-04-01T08:02:15+00:00\",\"dateModified\":\"2024-09-25T02:19:53+00:00\",\"breadcrumb\":{\"@id\":\"https:\/\/esenco.com.vn\/?page_id=54#breadcrumb\"},\"inLanguage\":\"vi\",\"potentialAction\":[{\"@type\":\"ReadAction\",\"target\":[\"https:\/\/esenco.com.vn\/?page_id=54\"]}]},{\"@type\":\"BreadcrumbList\",\"@id\":\"https:\/\/esenco.com.vn\/?page_id=54#breadcrumb\",\"itemListElement\":[{\"@type\":\"ListItem\",\"position\":1,\"name\":\"Trang ch\u1ee7\",\"item\":\"https:\/\/esenco.com.vn\/\"},{\"@type\":\"ListItem\",\"position\":2,\"name\":\"Li\u00ean H\u1ec7\"}]},{\"@type\":\"WebSite\",\"@id\":\"https:\/\/esenco.com.vn\/#website\",\"url\":\"https:\/\/esenco.com.vn\/\",\"name\":\"ESENCO\",\"description\":\"CH\u1ea4T L\u01af\u1ee2NG L\u00c0 TR\u00c1CH NHI\u1ec6M\",\"potentialAction\":[{\"@type\":\"SearchAction\",\"target\":{\"@type\":\"EntryPoint\",\"urlTemplate\":\"https:\/\/esenco.com.vn\/?s={search_term_string}\"},\"query-input\":\"required name=search_term_string\"}],\"inLanguage\":\"vi\"}]}<\/script>\n<!-- \/ Yoast SEO plugin. -->","yoast_head_json":{"title":"Li\u00ean H\u1ec7 - ESENCO","robots":{"index":"index","follow":"follow","max-snippet":"max-snippet:-1","max-image-preview":"max-image-preview:large","max-video-preview":"max-video-preview:-1"},"canonical":"https:\/\/esenco.com.vn\/?page_id=54","og_locale":"vi_VN","og_type":"article","og_title":"Li\u00ean H\u1ec7 - ESENCO","og_url":"https:\/\/esenco.com.vn\/?page_id=54","og_site_name":"ESENCO","article_modified_time":"2024-09-25T02:19:53+00:00","twitter_card":"summary_large_image","twitter_misc":{"\u01af\u1edbc t\u00ednh th\u1eddi gian \u0111\u1ecdc":"1 ph\u00fat"},"schema":{"@context":"https:\/\/schema.org","@graph":[{"@type":"WebPage","@id":"https:\/\/esenco.com.vn\/?page_id=54","url":"https:\/\/esenco.com.vn\/?page_id=54","name":"Li\u00ean H\u1ec7 - ESENCO","isPartOf":{"@id":"https:\/\/esenco.com.vn\/#website"},"datePublished":"2024-04-01T08:02:15+00:00","dateModified":"2024-09-25T02:19:53+00:00","breadcrumb":{"@id":"https:\/\/esenco.com.vn\/?page_id=54#breadcrumb"},"inLanguage":"vi","potentialAction":[{"@type":"ReadAction","target":["https:\/\/esenco.com.vn\/?page_id=54"]}]},{"@type":"BreadcrumbList","@id":"https:\/\/esenco.com.vn\/?page_id=54#breadcrumb","itemListElement":[{"@type":"ListItem","position":1,"name":"Trang ch\u1ee7","item":"https:\/\/esenco.com.vn\/"},{"@type":"ListItem","position":2,"name":"Li\u00ean H\u1ec7"}]},{"@type":"WebSite","@id":"https:\/\/esenco.com.vn\/#website","url":"https:\/\/esenco.com.vn\/","name":"ESENCO","description":"CH\u1ea4T L\u01af\u1ee2NG L\u00c0 TR\u00c1CH NHI\u1ec6M","potentialAction":[{"@type":"SearchAction","target":{"@type":"EntryPoint","urlTemplate":"https:\/\/esenco.com.vn\/?s={search_term_string}"},"query-input":"required name=search_term_string"}],"inLanguage":"vi"}]}},"_links":{"self":[{"href":"https:\/\/esenco.com.vn\/index.php?rest_route=\/wp\/v2\/pages\/54","targetHints":{"allow":["GET"]}}],"collection":[{"href":"https:\/\/esenco.com.vn\/index.php?rest_route=\/wp\/v2\/pages"}],"about":[{"href":"https:\/\/esenco.com.vn\/index.php?rest_route=\/wp\/v2\/types\/page"}],"author":[{"embeddable":true,"href":"https:\/\/esenco.com.vn\/index.php?rest_route=\/wp\/v2\/users\/1"}],"replies":[{"embeddable":true,"href":"https:\/\/esenco.com.vn\/index.php?rest_route=%2Fwp%2Fv2%2Fcomments&post=54"}],"version-history":[{"count":6,"href":"https:\/\/esenco.com.vn\/index.php?rest_route=\/wp\/v2\/pages\/54\/revisions"}],"predecessor-version":[{"id":1213,"href":"https:\/\/esenco.com.vn\/index.php?rest_route=\/wp\/v2\/pages\/54\/revisions\/1213"}],"wp:attachment":[{"href":"https:\/\/esenco.com.vn\/index.php?rest_route=%2Fwp%2Fv2%2Fmedia&parent=54"}],"curies":[{"name":"wp","href":"https:\/\/api.w.org\/{rel}","templated":true}]}}