{"id":1141,"date":"2024-05-08T13:58:51","date_gmt":"2024-05-08T06:58:51","guid":{"rendered":"https:\/\/esenco.com.vn\/?post_type=product&#038;p=1141"},"modified":"2024-05-11T10:03:16","modified_gmt":"2024-05-11T03:03:16","slug":"den-led-ong-bo-cob-vien-vang-7w","status":"publish","type":"product","link":"https:\/\/esenco.com.vn\/?product=den-led-ong-bo-cob-vien-vang-7w","title":{"rendered":"\u0110\u00c8N LED \u1ed0NG B\u01a0 COB VI\u1ec0N V\u00c0NG 7W"},"content":{"rendered":"<ul>\n<li>S\u1ea3n ph\u1ea9m \u0111\u01b0\u1ee3c t\u1ea1o t\u1eeb th\u00e2n nh\u00f4m \u0111\u00fac nguy\u00ean kh\u1ed1i l\u00e0m t\u0103ng \u0111\u1ed9 b\u1ec1n, v\u1ecf phun s\u01a1n t\u0129nh \u0111i\u1ec7n t\u1ea1o n\u00ean v\u1ebb \u0111\u1eb9p v\u00e0 s\u1ef1 sang tr\u1ecdng<\/li>\n<li>Ph\u1ea3n quang ch\u1ed1ng l\u00f3a t\u1ea1o cho kh\u00f4ng gian \u00e1nh s\u00e1ng ch\u00e2n th\u1ef1c nh\u1ea5t<\/li>\n<li>Chip led nh\u1eadp kh\u1ea9u cao c\u1ea5p, tu\u1ed5i th\u1ecd cao<\/li>\n<li>B\u1ed9 ngu\u1ed3n \u1ed5n \u0111\u1ecbnh ch\u1ed1ng ch\u00e1y n\u1ed5<\/li>\n<li>C\u00f4ng su\u1ea5t 7W (\u0111\u01b0\u1eddng k\u00ednh 9cm, chi\u1ec1u cao 5cm). C\u00f4ng su\u1ea5t 12W (\u0111\u01b0\u1eddng k\u00ednh 11cm, chi\u1ec1u cao 6.5cm)<\/li>\n<li>\u00c1nh s\u00e1ng 1 m\u00e0u (tr\u1eafng, v\u00e0ng, trung t\u00ednh) ho\u1eb7c 3 m\u00e0u thay \u0111\u1ed5i sau m\u1ed7i l\u1ea7n b\u1eadt\/ t\u1eaft.<\/li>\n<\/ul>\n<p>H\u00ecnh th\u1ee9c: b\u01a1 c\u00f3 2 lo\u1ea1i c\u00f3 vi\u1ec1n v\u00e0ng\/kh\u00f4ng c\u00f3 vi\u1ec1n v\u00e0ng<\/p>\n<p>\u0110\u00e8n \u1ed1ng b\u01a1 th\u01b0\u1eddng \u0111\u01b0\u1ee3c s\u1eed d\u1ee5ng trong c\u00e1c h\u1ed1c t\u01b0\u1eddng, n\u01a1i c\u00f3 g\u00f3c c\u1ea1nh \u0111\u1ec3 chi\u1ebfu s\u00e1ng v\u00e0 t\u0103ng t\u00ednh th\u1ea9m m\u1ef9 cho kh\u00f4ng gian.<\/p>\n","protected":false},"excerpt":{"rendered":"<p>S\u1ea3n ph\u1ea9m \u0111\u01b0\u1ee3c t\u1ea1o t\u1eeb th\u00e2n nh\u00f4m \u0111\u00fac nguy\u00ean kh\u1ed1i l\u00e0m t\u0103ng \u0111\u1ed9 b\u1ec1n, v\u1ecf phun s\u01a1n t\u0129nh \u0111i\u1ec7n t\u1ea1o n\u00ean v\u1ebb \u0111\u1eb9p v\u00e0 s\u1ef1 sang tr\u1ecdng Ph\u1ea3n quang ch\u1ed1ng l\u00f3a t\u1ea1o cho kh\u00f4ng gian \u00e1nh s\u00e1ng ch\u00e2n th\u1ef1c nh\u1ea5t Chip led nh\u1eadp kh\u1ea9u cao c\u1ea5p, tu\u1ed5i th\u1ecd cao B\u1ed9 ngu\u1ed3n \u1ed5n \u0111\u1ecbnh ch\u1ed1ng ch\u00e1y [&#8230;]\n","protected":false},"featured_media":1196,"comment_status":"open","ping_status":"closed","template":"","meta":{"_acf_changed":false},"product_cat":[20],"product_tag":[67,66],"class_list":{"0":"post-1141","1":"product","2":"type-product","3":"status-publish","4":"has-post-thumbnail","6":"product_cat-den-trang-tri","7":"product_tag-bo-cob","8":"product_tag-den-ong-bo","10":"first","11":"instock","12":"shipping-taxable","13":"purchasable","14":"product-type-variable"},"acf":[],"yoast_head":"<!-- This site is optimized with the Yoast SEO plugin v22.4 - https:\/\/yoast.com\/wordpress\/plugins\/seo\/ -->\n<title>\u0110\u00c8N LED \u1ed0NG B\u01a0 COB VI\u1ec0N V\u00c0NG 7W - ESENCO<\/title>\n<meta name=\"description\" content=\"Khi l\u1eafp \u0111\u1eb7t, duy tr\u00ec t\u00ednh to\u00e0n v\u1eb9n c\u1ee7a tr\u1ea7n nh\u00e0 v\u00e0 k\u1ebft c\u1ea5u nh\u00e0, c\u00f3 th\u1ec3 th\u00e1o v\u00e0 thay th\u1ebf d\u1ec5 d\u00e0ng\" \/>\n<meta name=\"robots\" content=\"index, follow, max-snippet:-1, max-image-preview:large, max-video-preview:-1\" \/>\n<link rel=\"canonical\" href=\"https:\/\/esenco.com.vn\/?product=den-led-ong-bo-cob-vien-vang-7w\" \/>\n<meta property=\"og:locale\" content=\"vi_VN\" \/>\n<meta property=\"og:type\" content=\"article\" \/>\n<meta property=\"og:title\" content=\"\u0110\u00c8N LED \u1ed0NG B\u01a0 COB VI\u1ec0N V\u00c0NG 7W - ESENCO\" \/>\n<meta property=\"og:description\" content=\"Khi l\u1eafp \u0111\u1eb7t, duy tr\u00ec t\u00ednh to\u00e0n v\u1eb9n c\u1ee7a tr\u1ea7n nh\u00e0 v\u00e0 k\u1ebft c\u1ea5u nh\u00e0, c\u00f3 th\u1ec3 th\u00e1o v\u00e0 thay th\u1ebf d\u1ec5 d\u00e0ng\" \/>\n<meta property=\"og:url\" content=\"https:\/\/esenco.com.vn\/?product=den-led-ong-bo-cob-vien-vang-7w\" \/>\n<meta property=\"og:site_name\" content=\"ESENCO\" \/>\n<meta property=\"article:modified_time\" content=\"2024-05-11T03:03:16+00:00\" \/>\n<meta property=\"og:image\" content=\"https:\/\/esenco.com.vn\/wp-content\/uploads\/2024\/05\/PNG.-Bo-Spot-light-vien-vang_\u753b\u677f-1.png\" \/>\n\t<meta property=\"og:image:width\" content=\"3544\" \/>\n\t<meta property=\"og:image:height\" content=\"3544\" \/>\n\t<meta property=\"og:image:type\" content=\"image\/png\" \/>\n<meta name=\"twitter:card\" content=\"summary_large_image\" \/>\n<meta name=\"twitter:label1\" content=\"\u01af\u1edbc t\u00ednh th\u1eddi gian \u0111\u1ecdc\" \/>\n\t<meta name=\"twitter:data1\" content=\"1 ph\u00fat\" \/>\n<script type=\"application\/ld+json\" class=\"yoast-schema-graph\">{\"@context\":\"https:\/\/schema.org\",\"@graph\":[{\"@type\":\"WebPage\",\"@id\":\"https:\/\/esenco.com.vn\/?product=den-led-ong-bo-cob-vien-vang-7w\",\"url\":\"https:\/\/esenco.com.vn\/?product=den-led-ong-bo-cob-vien-vang-7w\",\"name\":\"\u0110\u00c8N LED \u1ed0NG B\u01a0 COB VI\u1ec0N V\u00c0NG 7W - ESENCO\",\"isPartOf\":{\"@id\":\"https:\/\/esenco.com.vn\/#website\"},\"primaryImageOfPage\":{\"@id\":\"https:\/\/esenco.com.vn\/?product=den-led-ong-bo-cob-vien-vang-7w#primaryimage\"},\"image\":{\"@id\":\"https:\/\/esenco.com.vn\/?product=den-led-ong-bo-cob-vien-vang-7w#primaryimage\"},\"thumbnailUrl\":\"https:\/\/esenco.com.vn\/wp-content\/uploads\/2024\/05\/PNG.-Bo-Spot-light-vien-vang_\u753b\u677f-1.png\",\"datePublished\":\"2024-05-08T06:58:51+00:00\",\"dateModified\":\"2024-05-11T03:03:16+00:00\",\"description\":\"Khi l\u1eafp \u0111\u1eb7t, duy tr\u00ec t\u00ednh to\u00e0n v\u1eb9n c\u1ee7a tr\u1ea7n nh\u00e0 v\u00e0 k\u1ebft c\u1ea5u nh\u00e0, c\u00f3 th\u1ec3 th\u00e1o v\u00e0 thay th\u1ebf d\u1ec5 d\u00e0ng\",\"breadcrumb\":{\"@id\":\"https:\/\/esenco.com.vn\/?product=den-led-ong-bo-cob-vien-vang-7w#breadcrumb\"},\"inLanguage\":\"vi\",\"potentialAction\":[{\"@type\":\"ReadAction\",\"target\":[\"https:\/\/esenco.com.vn\/?product=den-led-ong-bo-cob-vien-vang-7w\"]}]},{\"@type\":\"ImageObject\",\"inLanguage\":\"vi\",\"@id\":\"https:\/\/esenco.com.vn\/?product=den-led-ong-bo-cob-vien-vang-7w#primaryimage\",\"url\":\"https:\/\/esenco.com.vn\/wp-content\/uploads\/2024\/05\/PNG.-Bo-Spot-light-vien-vang_\u753b\u677f-1.png\",\"contentUrl\":\"https:\/\/esenco.com.vn\/wp-content\/uploads\/2024\/05\/PNG.-Bo-Spot-light-vien-vang_\u753b\u677f-1.png\",\"width\":3544,\"height\":3544},{\"@type\":\"BreadcrumbList\",\"@id\":\"https:\/\/esenco.com.vn\/?product=den-led-ong-bo-cob-vien-vang-7w#breadcrumb\",\"itemListElement\":[{\"@type\":\"ListItem\",\"position\":1,\"name\":\"Trang ch\u1ee7\",\"item\":\"https:\/\/esenco.com.vn\/\"},{\"@type\":\"ListItem\",\"position\":2,\"name\":\"Shop\",\"item\":\"https:\/\/esenco.com.vn\/?page_id=37\"},{\"@type\":\"ListItem\",\"position\":3,\"name\":\"\u0110\u00c8N LED \u1ed0NG B\u01a0 COB VI\u1ec0N V\u00c0NG 7W\"}]},{\"@type\":\"WebSite\",\"@id\":\"https:\/\/esenco.com.vn\/#website\",\"url\":\"https:\/\/esenco.com.vn\/\",\"name\":\"ESENCO\",\"description\":\"CH\u1ea4T L\u01af\u1ee2NG L\u00c0 TR\u00c1CH NHI\u1ec6M\",\"potentialAction\":[{\"@type\":\"SearchAction\",\"target\":{\"@type\":\"EntryPoint\",\"urlTemplate\":\"https:\/\/esenco.com.vn\/?s={search_term_string}\"},\"query-input\":\"required name=search_term_string\"}],\"inLanguage\":\"vi\"}]}<\/script>\n<!-- \/ Yoast SEO plugin. -->","yoast_head_json":{"title":"\u0110\u00c8N LED \u1ed0NG B\u01a0 COB VI\u1ec0N V\u00c0NG 7W - ESENCO","description":"Khi l\u1eafp \u0111\u1eb7t, duy tr\u00ec t\u00ednh to\u00e0n v\u1eb9n c\u1ee7a tr\u1ea7n nh\u00e0 v\u00e0 k\u1ebft c\u1ea5u nh\u00e0, c\u00f3 th\u1ec3 th\u00e1o v\u00e0 thay th\u1ebf d\u1ec5 d\u00e0ng","robots":{"index":"index","follow":"follow","max-snippet":"max-snippet:-1","max-image-preview":"max-image-preview:large","max-video-preview":"max-video-preview:-1"},"canonical":"https:\/\/esenco.com.vn\/?product=den-led-ong-bo-cob-vien-vang-7w","og_locale":"vi_VN","og_type":"article","og_title":"\u0110\u00c8N LED \u1ed0NG B\u01a0 COB VI\u1ec0N V\u00c0NG 7W - ESENCO","og_description":"Khi l\u1eafp \u0111\u1eb7t, duy tr\u00ec t\u00ednh to\u00e0n v\u1eb9n c\u1ee7a tr\u1ea7n nh\u00e0 v\u00e0 k\u1ebft c\u1ea5u nh\u00e0, c\u00f3 th\u1ec3 th\u00e1o v\u00e0 thay th\u1ebf d\u1ec5 d\u00e0ng","og_url":"https:\/\/esenco.com.vn\/?product=den-led-ong-bo-cob-vien-vang-7w","og_site_name":"ESENCO","article_modified_time":"2024-05-11T03:03:16+00:00","og_image":[{"width":3544,"height":3544,"url":"https:\/\/esenco.com.vn\/wp-content\/uploads\/2024\/05\/PNG.-Bo-Spot-light-vien-vang_\u753b\u677f-1.png","type":"image\/png"}],"twitter_card":"summary_large_image","twitter_misc":{"\u01af\u1edbc t\u00ednh th\u1eddi gian \u0111\u1ecdc":"1 ph\u00fat"},"schema":{"@context":"https:\/\/schema.org","@graph":[{"@type":"WebPage","@id":"https:\/\/esenco.com.vn\/?product=den-led-ong-bo-cob-vien-vang-7w","url":"https:\/\/esenco.com.vn\/?product=den-led-ong-bo-cob-vien-vang-7w","name":"\u0110\u00c8N LED \u1ed0NG B\u01a0 COB VI\u1ec0N V\u00c0NG 7W - ESENCO","isPartOf":{"@id":"https:\/\/esenco.com.vn\/#website"},"primaryImageOfPage":{"@id":"https:\/\/esenco.com.vn\/?product=den-led-ong-bo-cob-vien-vang-7w#primaryimage"},"image":{"@id":"https:\/\/esenco.com.vn\/?product=den-led-ong-bo-cob-vien-vang-7w#primaryimage"},"thumbnailUrl":"https:\/\/esenco.com.vn\/wp-content\/uploads\/2024\/05\/PNG.-Bo-Spot-light-vien-vang_\u753b\u677f-1.png","datePublished":"2024-05-08T06:58:51+00:00","dateModified":"2024-05-11T03:03:16+00:00","description":"Khi l\u1eafp \u0111\u1eb7t, duy tr\u00ec t\u00ednh to\u00e0n v\u1eb9n c\u1ee7a tr\u1ea7n nh\u00e0 v\u00e0 k\u1ebft c\u1ea5u nh\u00e0, c\u00f3 th\u1ec3 th\u00e1o v\u00e0 thay th\u1ebf d\u1ec5 d\u00e0ng","breadcrumb":{"@id":"https:\/\/esenco.com.vn\/?product=den-led-ong-bo-cob-vien-vang-7w#breadcrumb"},"inLanguage":"vi","potentialAction":[{"@type":"ReadAction","target":["https:\/\/esenco.com.vn\/?product=den-led-ong-bo-cob-vien-vang-7w"]}]},{"@type":"ImageObject","inLanguage":"vi","@id":"https:\/\/esenco.com.vn\/?product=den-led-ong-bo-cob-vien-vang-7w#primaryimage","url":"https:\/\/esenco.com.vn\/wp-content\/uploads\/2024\/05\/PNG.-Bo-Spot-light-vien-vang_\u753b\u677f-1.png","contentUrl":"https:\/\/esenco.com.vn\/wp-content\/uploads\/2024\/05\/PNG.-Bo-Spot-light-vien-vang_\u753b\u677f-1.png","width":3544,"height":3544},{"@type":"BreadcrumbList","@id":"https:\/\/esenco.com.vn\/?product=den-led-ong-bo-cob-vien-vang-7w#breadcrumb","itemListElement":[{"@type":"ListItem","position":1,"name":"Trang ch\u1ee7","item":"https:\/\/esenco.com.vn\/"},{"@type":"ListItem","position":2,"name":"Shop","item":"https:\/\/esenco.com.vn\/?page_id=37"},{"@type":"ListItem","position":3,"name":"\u0110\u00c8N LED \u1ed0NG B\u01a0 COB VI\u1ec0N V\u00c0NG 7W"}]},{"@type":"WebSite","@id":"https:\/\/esenco.com.vn\/#website","url":"https:\/\/esenco.com.vn\/","name":"ESENCO","description":"CH\u1ea4T L\u01af\u1ee2NG L\u00c0 TR\u00c1CH NHI\u1ec6M","potentialAction":[{"@type":"SearchAction","target":{"@type":"EntryPoint","urlTemplate":"https:\/\/esenco.com.vn\/?s={search_term_string}"},"query-input":"required name=search_term_string"}],"inLanguage":"vi"}]}},"_links":{"self":[{"href":"https:\/\/esenco.com.vn\/index.php?rest_route=\/wp\/v2\/product\/1141","targetHints":{"allow":["GET"]}}],"collection":[{"href":"https:\/\/esenco.com.vn\/index.php?rest_route=\/wp\/v2\/product"}],"about":[{"href":"https:\/\/esenco.com.vn\/index.php?rest_route=\/wp\/v2\/types\/product"}],"replies":[{"embeddable":true,"href":"https:\/\/esenco.com.vn\/index.php?rest_route=%2Fwp%2Fv2%2Fcomments&post=1141"}],"wp:featuredmedia":[{"embeddable":true,"href":"https:\/\/esenco.com.vn\/index.php?rest_route=\/wp\/v2\/media\/1196"}],"wp:attachment":[{"href":"https:\/\/esenco.com.vn\/index.php?rest_route=%2Fwp%2Fv2%2Fmedia&parent=1141"}],"wp:term":[{"taxonomy":"product_cat","embeddable":true,"href":"https:\/\/esenco.com.vn\/index.php?rest_route=%2Fwp%2Fv2%2Fproduct_cat&post=1141"},{"taxonomy":"product_tag","embeddable":true,"href":"https:\/\/esenco.com.vn\/index.php?rest_route=%2Fwp%2Fv2%2Fproduct_tag&post=1141"}],"curies":[{"name":"wp","href":"https:\/\/api.w.org\/{rel}","templated":true}]}}