{"id":1149,"date":"2024-05-08T14:09:11","date_gmt":"2024-05-08T07:09:11","guid":{"rendered":"https:\/\/esenco.com.vn\/?post_type=product&#038;p=1149"},"modified":"2024-05-11T08:46:17","modified_gmt":"2024-05-11T01:46:17","slug":"panel","status":"publish","type":"product","link":"https:\/\/esenco.com.vn\/?product=panel","title":{"rendered":"PANEL 600&#215;600"},"content":{"rendered":"<p>\u0110\u00e8n panel \u0111\u01b0\u1ee3c thi\u1ebft k\u1ebf hi\u1ec7n \u0111\u1ea1i bao g\u1ed3m k\u00ednh ph\u1ea3n x\u1ea1, t\u1ea5m d\u1eabn s\u00e1ng, t\u1ea5m khu\u1ebfch t\u00e1n, khung nh\u00f4m v\u00e0 chip led. T\u1ea5t c\u1ea3 \u0111\u1ec1u \u0111\u01b0\u1ee3c ESENCO l\u00e0m t\u1eeb nh\u1eefng ch\u1ea5t li\u1ec7u cao c\u1ea5p, t\u1ea1o n\u00ean chi\u1ebfc \u0111\u00e8n t\u1ed1i \u01b0u:<\/p>\n<ul>\n<li>Khung \u0111\u00e8n l\u00e0m t\u1eeb h\u1ee3p kim nh\u00f4m s\u01a1n t\u0129nh \u0111i\u1ec7n b\u1ec1n b\u1ec9 v\u00e0 c\u00f3 ch\u1ee9c n\u0103ng l\u00e0m gi\u1ea3m \u00e1nh s\u00e1ng b\u1ecb r\u00f2 r\u1ec9 ra ngo\u00e0i v\u00e0 gi\u00fap \u0111\u00e8n t\u1ea3n nhi\u1ec7t t\u1ed1t h\u01a1n.<\/li>\n<li>Kh\u1ea3 n\u0103ng ch\u1ed1ng s\u1ed1c c\u1ee7a led panel t\u01b0\u01a1ng \u0111\u1ed1i cao v\u00ec c\u00e1c linh ki\u1ec7n c\u1ea5u t\u1ea1o n\u00ean b\u1ed9 ph\u1eadn ph\u00e1t s\u00e1ng c\u1ee7a ch\u00fang \u0111\u01b0\u1ee3c l\u00e0m t\u1eeb nh\u1ef1a c\u1ee9ng cao c\u1ea5p n\u00ean h\u1ea1n ch\u1ebf \u0111\u01b0\u1ee3c l\u1ef1c rung r\u1ea5t t\u1ed1t.<\/li>\n<li>Chip led \u0111\u01b0\u1ee3c l\u1ef1a ch\u1ecdn l\u00e0 chip led cao c\u1ea5p &#8211; th\u01b0\u01a1ng hi\u1ec7u chip uy t\u00edn tr\u00ean th\u1ecb tr\u01b0\u1eddng.<\/li>\n<li>Panel c\u00f3 3 lo\u1ea1i: t\u1ea5m si\u00eau m\u1ecfng-h\u1ed9p cao c\u1ea5p-panel l\u1eafp n\u1ed5i<\/li>\n<li>C\u00f3 2 d\u1ea1ng k\u00edch th\u01b0\u1edbc: 600x600mm v\u00e0 300x1200mm<\/li>\n<\/ul>\n","protected":false},"excerpt":{"rendered":"<p>\u0110\u00e8n panel \u0111\u01b0\u1ee3c thi\u1ebft k\u1ebf hi\u1ec7n \u0111\u1ea1i bao g\u1ed3m k\u00ednh ph\u1ea3n x\u1ea1, t\u1ea5m d\u1eabn s\u00e1ng, t\u1ea5m khu\u1ebfch t\u00e1n, khung nh\u00f4m v\u00e0 chip led. T\u1ea5t c\u1ea3 \u0111\u1ec1u \u0111\u01b0\u1ee3c ESENCO l\u00e0m t\u1eeb nh\u1eefng ch\u1ea5t li\u1ec7u cao c\u1ea5p, t\u1ea1o n\u00ean chi\u1ebfc \u0111\u00e8n t\u1ed1i \u01b0u: Khung \u0111\u00e8n l\u00e0m t\u1eeb h\u1ee3p kim nh\u00f4m s\u01a1n t\u0129nh \u0111i\u1ec7n b\u1ec1n b\u1ec9 v\u00e0 c\u00f3 [&#8230;]\n","protected":false},"featured_media":1007,"comment_status":"open","ping_status":"closed","template":"","meta":{"_acf_changed":false},"product_cat":[39],"product_tag":[73,74,71,72],"class_list":{"0":"post-1149","1":"product","2":"type-product","3":"status-publish","4":"has-post-thumbnail","6":"product_cat-panel","7":"product_tag-hop-cao-cap","8":"product_tag-lap-noi","9":"product_tag-panel","10":"product_tag-tam-sieu-mong","12":"first","13":"instock","14":"shipping-taxable","15":"purchasable","16":"product-type-variable"},"acf":[],"yoast_head":"<!-- This site is optimized with the Yoast SEO plugin v22.4 - https:\/\/yoast.com\/wordpress\/plugins\/seo\/ -->\n<title>PANEL 600x600 - ESENCO<\/title>\n<meta name=\"description\" content=\"\u0110\u01b0\u1ee3c thi\u1ebft k\u1ebf hi\u1ec7n \u0111\u1ea1i t\u1eeb nh\u1eefng ch\u1ea5t li\u1ec7u cao c\u1ea5p\" \/>\n<meta name=\"robots\" content=\"index, follow, max-snippet:-1, max-image-preview:large, max-video-preview:-1\" \/>\n<link rel=\"canonical\" href=\"https:\/\/esenco.com.vn\/?product=panel\" \/>\n<meta property=\"og:locale\" content=\"vi_VN\" \/>\n<meta property=\"og:type\" content=\"article\" \/>\n<meta property=\"og:title\" content=\"PANEL 600x600 - ESENCO\" \/>\n<meta property=\"og:description\" content=\"\u0110\u01b0\u1ee3c thi\u1ebft k\u1ebf hi\u1ec7n \u0111\u1ea1i t\u1eeb nh\u1eefng ch\u1ea5t li\u1ec7u cao c\u1ea5p\" \/>\n<meta property=\"og:url\" content=\"https:\/\/esenco.com.vn\/?product=panel\" \/>\n<meta property=\"og:site_name\" content=\"ESENCO\" \/>\n<meta property=\"article:modified_time\" content=\"2024-05-11T01:46:17+00:00\" \/>\n<meta property=\"og:image\" content=\"https:\/\/esenco.com.vn\/wp-content\/uploads\/2024\/04\/\u672a\u6807\u9898-1_\u753b\u677f-1-1.png\" \/>\n\t<meta property=\"og:image:width\" content=\"3766\" \/>\n\t<meta property=\"og:image:height\" content=\"3998\" \/>\n\t<meta property=\"og:image:type\" content=\"image\/png\" \/>\n<meta name=\"twitter:card\" content=\"summary_large_image\" \/>\n<meta name=\"twitter:label1\" content=\"\u01af\u1edbc t\u00ednh th\u1eddi gian \u0111\u1ecdc\" \/>\n\t<meta name=\"twitter:data1\" content=\"2 ph\u00fat\" \/>\n<script type=\"application\/ld+json\" class=\"yoast-schema-graph\">{\"@context\":\"https:\/\/schema.org\",\"@graph\":[{\"@type\":\"WebPage\",\"@id\":\"https:\/\/esenco.com.vn\/?product=panel\",\"url\":\"https:\/\/esenco.com.vn\/?product=panel\",\"name\":\"PANEL 600x600 - ESENCO\",\"isPartOf\":{\"@id\":\"https:\/\/esenco.com.vn\/#website\"},\"primaryImageOfPage\":{\"@id\":\"https:\/\/esenco.com.vn\/?product=panel#primaryimage\"},\"image\":{\"@id\":\"https:\/\/esenco.com.vn\/?product=panel#primaryimage\"},\"thumbnailUrl\":\"https:\/\/esenco.com.vn\/wp-content\/uploads\/2024\/04\/\u672a\u6807\u9898-1_\u753b\u677f-1-1.png\",\"datePublished\":\"2024-05-08T07:09:11+00:00\",\"dateModified\":\"2024-05-11T01:46:17+00:00\",\"description\":\"\u0110\u01b0\u1ee3c thi\u1ebft k\u1ebf hi\u1ec7n \u0111\u1ea1i t\u1eeb nh\u1eefng ch\u1ea5t li\u1ec7u cao c\u1ea5p\",\"breadcrumb\":{\"@id\":\"https:\/\/esenco.com.vn\/?product=panel#breadcrumb\"},\"inLanguage\":\"vi\",\"potentialAction\":[{\"@type\":\"ReadAction\",\"target\":[\"https:\/\/esenco.com.vn\/?product=panel\"]}]},{\"@type\":\"ImageObject\",\"inLanguage\":\"vi\",\"@id\":\"https:\/\/esenco.com.vn\/?product=panel#primaryimage\",\"url\":\"https:\/\/esenco.com.vn\/wp-content\/uploads\/2024\/04\/\u672a\u6807\u9898-1_\u753b\u677f-1-1.png\",\"contentUrl\":\"https:\/\/esenco.com.vn\/wp-content\/uploads\/2024\/04\/\u672a\u6807\u9898-1_\u753b\u677f-1-1.png\",\"width\":3766,\"height\":3998},{\"@type\":\"BreadcrumbList\",\"@id\":\"https:\/\/esenco.com.vn\/?product=panel#breadcrumb\",\"itemListElement\":[{\"@type\":\"ListItem\",\"position\":1,\"name\":\"Trang ch\u1ee7\",\"item\":\"https:\/\/esenco.com.vn\/\"},{\"@type\":\"ListItem\",\"position\":2,\"name\":\"Shop\",\"item\":\"https:\/\/esenco.com.vn\/?page_id=37\"},{\"@type\":\"ListItem\",\"position\":3,\"name\":\"PANEL 600&#215;600\"}]},{\"@type\":\"WebSite\",\"@id\":\"https:\/\/esenco.com.vn\/#website\",\"url\":\"https:\/\/esenco.com.vn\/\",\"name\":\"ESENCO\",\"description\":\"CH\u1ea4T L\u01af\u1ee2NG L\u00c0 TR\u00c1CH NHI\u1ec6M\",\"potentialAction\":[{\"@type\":\"SearchAction\",\"target\":{\"@type\":\"EntryPoint\",\"urlTemplate\":\"https:\/\/esenco.com.vn\/?s={search_term_string}\"},\"query-input\":\"required name=search_term_string\"}],\"inLanguage\":\"vi\"}]}<\/script>\n<!-- \/ Yoast SEO plugin. -->","yoast_head_json":{"title":"PANEL 600x600 - ESENCO","description":"\u0110\u01b0\u1ee3c thi\u1ebft k\u1ebf hi\u1ec7n \u0111\u1ea1i t\u1eeb nh\u1eefng ch\u1ea5t li\u1ec7u cao c\u1ea5p","robots":{"index":"index","follow":"follow","max-snippet":"max-snippet:-1","max-image-preview":"max-image-preview:large","max-video-preview":"max-video-preview:-1"},"canonical":"https:\/\/esenco.com.vn\/?product=panel","og_locale":"vi_VN","og_type":"article","og_title":"PANEL 600x600 - ESENCO","og_description":"\u0110\u01b0\u1ee3c thi\u1ebft k\u1ebf hi\u1ec7n \u0111\u1ea1i t\u1eeb nh\u1eefng ch\u1ea5t li\u1ec7u cao c\u1ea5p","og_url":"https:\/\/esenco.com.vn\/?product=panel","og_site_name":"ESENCO","article_modified_time":"2024-05-11T01:46:17+00:00","og_image":[{"width":3766,"height":3998,"url":"https:\/\/esenco.com.vn\/wp-content\/uploads\/2024\/04\/\u672a\u6807\u9898-1_\u753b\u677f-1-1.png","type":"image\/png"}],"twitter_card":"summary_large_image","twitter_misc":{"\u01af\u1edbc t\u00ednh th\u1eddi gian \u0111\u1ecdc":"2 ph\u00fat"},"schema":{"@context":"https:\/\/schema.org","@graph":[{"@type":"WebPage","@id":"https:\/\/esenco.com.vn\/?product=panel","url":"https:\/\/esenco.com.vn\/?product=panel","name":"PANEL 600x600 - ESENCO","isPartOf":{"@id":"https:\/\/esenco.com.vn\/#website"},"primaryImageOfPage":{"@id":"https:\/\/esenco.com.vn\/?product=panel#primaryimage"},"image":{"@id":"https:\/\/esenco.com.vn\/?product=panel#primaryimage"},"thumbnailUrl":"https:\/\/esenco.com.vn\/wp-content\/uploads\/2024\/04\/\u672a\u6807\u9898-1_\u753b\u677f-1-1.png","datePublished":"2024-05-08T07:09:11+00:00","dateModified":"2024-05-11T01:46:17+00:00","description":"\u0110\u01b0\u1ee3c thi\u1ebft k\u1ebf hi\u1ec7n \u0111\u1ea1i t\u1eeb nh\u1eefng ch\u1ea5t li\u1ec7u cao c\u1ea5p","breadcrumb":{"@id":"https:\/\/esenco.com.vn\/?product=panel#breadcrumb"},"inLanguage":"vi","potentialAction":[{"@type":"ReadAction","target":["https:\/\/esenco.com.vn\/?product=panel"]}]},{"@type":"ImageObject","inLanguage":"vi","@id":"https:\/\/esenco.com.vn\/?product=panel#primaryimage","url":"https:\/\/esenco.com.vn\/wp-content\/uploads\/2024\/04\/\u672a\u6807\u9898-1_\u753b\u677f-1-1.png","contentUrl":"https:\/\/esenco.com.vn\/wp-content\/uploads\/2024\/04\/\u672a\u6807\u9898-1_\u753b\u677f-1-1.png","width":3766,"height":3998},{"@type":"BreadcrumbList","@id":"https:\/\/esenco.com.vn\/?product=panel#breadcrumb","itemListElement":[{"@type":"ListItem","position":1,"name":"Trang ch\u1ee7","item":"https:\/\/esenco.com.vn\/"},{"@type":"ListItem","position":2,"name":"Shop","item":"https:\/\/esenco.com.vn\/?page_id=37"},{"@type":"ListItem","position":3,"name":"PANEL 600&#215;600"}]},{"@type":"WebSite","@id":"https:\/\/esenco.com.vn\/#website","url":"https:\/\/esenco.com.vn\/","name":"ESENCO","description":"CH\u1ea4T L\u01af\u1ee2NG L\u00c0 TR\u00c1CH NHI\u1ec6M","potentialAction":[{"@type":"SearchAction","target":{"@type":"EntryPoint","urlTemplate":"https:\/\/esenco.com.vn\/?s={search_term_string}"},"query-input":"required name=search_term_string"}],"inLanguage":"vi"}]}},"_links":{"self":[{"href":"https:\/\/esenco.com.vn\/index.php?rest_route=\/wp\/v2\/product\/1149","targetHints":{"allow":["GET"]}}],"collection":[{"href":"https:\/\/esenco.com.vn\/index.php?rest_route=\/wp\/v2\/product"}],"about":[{"href":"https:\/\/esenco.com.vn\/index.php?rest_route=\/wp\/v2\/types\/product"}],"replies":[{"embeddable":true,"href":"https:\/\/esenco.com.vn\/index.php?rest_route=%2Fwp%2Fv2%2Fcomments&post=1149"}],"wp:featuredmedia":[{"embeddable":true,"href":"https:\/\/esenco.com.vn\/index.php?rest_route=\/wp\/v2\/media\/1007"}],"wp:attachment":[{"href":"https:\/\/esenco.com.vn\/index.php?rest_route=%2Fwp%2Fv2%2Fmedia&parent=1149"}],"wp:term":[{"taxonomy":"product_cat","embeddable":true,"href":"https:\/\/esenco.com.vn\/index.php?rest_route=%2Fwp%2Fv2%2Fproduct_cat&post=1149"},{"taxonomy":"product_tag","embeddable":true,"href":"https:\/\/esenco.com.vn\/index.php?rest_route=%2Fwp%2Fv2%2Fproduct_tag&post=1149"}],"curies":[{"name":"wp","href":"https:\/\/api.w.org\/{rel}","templated":true}]}}