{"id":1168,"date":"2024-05-08T14:39:22","date_gmt":"2024-05-08T07:39:22","guid":{"rendered":"https:\/\/esenco.com.vn\/?post_type=product&#038;p=1168"},"modified":"2024-05-13T08:31:25","modified_gmt":"2024-05-13T01:31:25","slug":"day-led-5s-the-he-moi","status":"publish","type":"product","link":"https:\/\/esenco.com.vn\/?product=day-led-5s-the-he-moi","title":{"rendered":"D\u00c2Y LED 5S TH\u1ebe H\u1ec6 M\u1edaI"},"content":{"rendered":"<p>C\u1ea5u t\u1ea1o: g\u1ed3m c\u00e1c th\u00e0nh ph\u1ea7n ch\u00ednh: Chip led, v\u1ecf \u0111\u00e8n, ngu\u1ed3n \u0111\u00e8n<\/p>\n<ul>\n<li><strong>Chip LED: L\u00e0 b\u1ed9 ph\u1eadn t\u1ea1o ra \u00e1nh s\u00e1ng, s\u1eed d\u1ee5ng chip LED 2835 c\u00f9ng c\u00f4ng ngh\u1ec7 SMD cho ch\u1ea5t l\u01b0\u1ee3ng m\u1ea1ch LED d\u00e2y t\u1ed1t nh\u1ea5t. S\u1ed1 l\u01b0\u1ee3ng m\u1eb7t LED tr\u00ean 1m d\u00e0i s\u1ea3n ph\u1ea9m l\u00ean t\u1edbi 156 m\u1eaft gi\u00fap s\u1ea3n ph\u1ea9m s\u00e1ng \u0111\u1ed3ng \u0111\u1ec1u, li\u00ean t\u1ee5c kh\u00f4ng ng\u1eaft qu\u00e3ng.<\/strong><\/li>\n<li><strong>V\u1ecf \u0111\u00e8n: L\u00e0 b\u1ed9 ph\u1eadn b\u1ea3o v\u1ec7 chip LED, \u0111\u01b0\u1ee3c l\u00e0m t\u1eeb nh\u1ef1a nguy\u00ean sinh gi\u00fap \u00e1nh s\u00e1ng t\u1eeb chip LED \u0111\u01b0\u1ee3c t\u00e1n \u0111\u1ec1u. Ngo\u00e0i ra v\u1ecf \u0111\u00e8n m\u1ec1m, d\u1ec5 d\u00e0ng thi c\u00f4ng v\u1edbi m\u1ecdi b\u1ec1 m\u1eb7t, c\u00f3 t\u00ednh ch\u1ed1ng n\u01b0\u1edbc cao \u0111\u1ea3m b\u1ea3o ho\u1ea1t \u0111\u1ed9ng \u1ed5n \u0111\u1ecbnh d\u00f9 trong nh\u00e0 hay ngo\u00e0i tr\u1eddi<\/strong><\/li>\n<li><strong><strong>Ngu\u1ed3n \u0111\u00e8n: Cung c\u1ea5p \u0111i\u1ec7n \u00e1p \u1ed5n \u0111\u1ecbnh cho s\u1ea3n ph\u1ea9m, b\u1ed9 ngu\u1ed3n l\u00e0m t\u1eeb linh ki\u1ec7n ch\u1ea5t l\u01b0\u1ee3ng, \u0111\u1ea3m b\u1ea3o t\u00ednh \u1ed5n \u0111\u1ecbnh trong su\u1ed1t qu\u00e1 tr\u00ecnh ho\u1ea1t \u0111\u1ed9ng nh\u1edd \u0111\u00f3 g\u00f3p ph\u1ea7n t\u0103ng tu\u1ed5i th\u1ecd s\u1ea3n ph\u1ea9m\u00a0\u00a0<\/strong><\/strong><\/li>\n<li><strong>\u1ee8NG D\u1ee4NG TH\u1ef0C T\u1ebe<\/strong>\u2013 Chi\u1ebfu s\u00e1ng trang tr\u00ed trong nh\u00e0: h\u1eaft khe tr\u1ea7n, h\u1eaft khe t\u01b0\u1eddng, \u0111\u1ed3 n\u1ed9i th\u1ea5t, k\u1ec7 ti vi, ng\u0103n t\u1ee7<br \/>\n\u2013 Chi\u1ebfu s\u00e1ng trang tr\u00ed qu\u00e1n bar, nh\u00e0 h\u00e0ng, showroom\u2026<br \/>\n\u2013 Chi\u1ebfu s\u00e1ng ngo\u00e0i tr\u1eddi: trang tr\u00ed c\u1ed5ng c\u1eeda, qu\u1ea5n c\u00e2y, nh\u00e0 th\u1edd\u2026<\/li>\n<\/ul>\n","protected":false},"excerpt":{"rendered":"<p>C\u1ea5u t\u1ea1o: g\u1ed3m c\u00e1c th\u00e0nh ph\u1ea7n ch\u00ednh: Chip led, v\u1ecf \u0111\u00e8n, ngu\u1ed3n \u0111\u00e8n Chip LED: L\u00e0 b\u1ed9 ph\u1eadn t\u1ea1o ra \u00e1nh s\u00e1ng, s\u1eed d\u1ee5ng chip LED 2835 c\u00f9ng c\u00f4ng ngh\u1ec7 SMD cho ch\u1ea5t l\u01b0\u1ee3ng m\u1ea1ch LED d\u00e2y t\u1ed1t nh\u1ea5t. S\u1ed1 l\u01b0\u1ee3ng m\u1eb7t LED tr\u00ean 1m d\u00e0i s\u1ea3n ph\u1ea9m l\u00ean t\u1edbi 156 m\u1eaft gi\u00fap s\u1ea3n ph\u1ea9m [&#8230;]\n","protected":false},"featured_media":1185,"comment_status":"open","ping_status":"closed","template":"","meta":{"_acf_changed":false},"product_cat":[40],"product_tag":[83,81,82],"class_list":{"0":"post-1168","1":"product","2":"type-product","3":"status-publish","4":"has-post-thumbnail","6":"product_cat-day-led","7":"product_tag-day-le-5s","8":"product_tag-day-led","9":"product_tag-led-day","11":"first","12":"instock","13":"shipping-taxable","14":"purchasable","15":"product-type-variable"},"acf":[],"yoast_head":"<!-- This site is optimized with the Yoast SEO plugin v22.4 - https:\/\/yoast.com\/wordpress\/plugins\/seo\/ -->\n<title>D\u00c2Y LED 5S TH\u1ebe H\u1ec6 M\u1edaI - ESENCO<\/title>\n<meta name=\"description\" content=\"C\u1ea5u t\u1ea1o: g\u1ed3m c\u00e1c th\u00e0nh ph\u1ea7n ch\u00ednh: Chip led, v\u1ecf \u0111\u00e8n, ngu\u1ed3n \u0111\u00e8n\" \/>\n<meta name=\"robots\" content=\"index, follow, max-snippet:-1, max-image-preview:large, max-video-preview:-1\" \/>\n<link rel=\"canonical\" href=\"https:\/\/esenco.com.vn\/?product=day-led-5s-the-he-moi\" \/>\n<meta property=\"og:locale\" content=\"vi_VN\" \/>\n<meta property=\"og:type\" content=\"article\" \/>\n<meta property=\"og:title\" content=\"D\u00c2Y LED 5S TH\u1ebe H\u1ec6 M\u1edaI - ESENCO\" \/>\n<meta property=\"og:description\" content=\"C\u1ea5u t\u1ea1o: g\u1ed3m c\u00e1c th\u00e0nh ph\u1ea7n ch\u00ednh: Chip led, v\u1ecf \u0111\u00e8n, ngu\u1ed3n \u0111\u00e8n\" \/>\n<meta property=\"og:url\" content=\"https:\/\/esenco.com.vn\/?product=day-led-5s-the-he-moi\" \/>\n<meta property=\"og:site_name\" content=\"ESENCO\" \/>\n<meta property=\"article:modified_time\" content=\"2024-05-13T01:31:25+00:00\" \/>\n<meta property=\"og:image\" content=\"https:\/\/esenco.com.vn\/wp-content\/uploads\/2024\/05\/1.led-day-5s-the-he-moi.png\" \/>\n\t<meta property=\"og:image:width\" content=\"594\" \/>\n\t<meta property=\"og:image:height\" content=\"512\" \/>\n\t<meta property=\"og:image:type\" content=\"image\/png\" \/>\n<meta name=\"twitter:card\" content=\"summary_large_image\" \/>\n<meta name=\"twitter:label1\" content=\"\u01af\u1edbc t\u00ednh th\u1eddi gian \u0111\u1ecdc\" \/>\n\t<meta name=\"twitter:data1\" content=\"2 ph\u00fat\" \/>\n<script type=\"application\/ld+json\" class=\"yoast-schema-graph\">{\"@context\":\"https:\/\/schema.org\",\"@graph\":[{\"@type\":\"WebPage\",\"@id\":\"https:\/\/esenco.com.vn\/?product=day-led-5s-the-he-moi\",\"url\":\"https:\/\/esenco.com.vn\/?product=day-led-5s-the-he-moi\",\"name\":\"D\u00c2Y LED 5S TH\u1ebe H\u1ec6 M\u1edaI - ESENCO\",\"isPartOf\":{\"@id\":\"https:\/\/esenco.com.vn\/#website\"},\"primaryImageOfPage\":{\"@id\":\"https:\/\/esenco.com.vn\/?product=day-led-5s-the-he-moi#primaryimage\"},\"image\":{\"@id\":\"https:\/\/esenco.com.vn\/?product=day-led-5s-the-he-moi#primaryimage\"},\"thumbnailUrl\":\"https:\/\/esenco.com.vn\/wp-content\/uploads\/2024\/05\/1.led-day-5s-the-he-moi.png\",\"datePublished\":\"2024-05-08T07:39:22+00:00\",\"dateModified\":\"2024-05-13T01:31:25+00:00\",\"description\":\"C\u1ea5u t\u1ea1o: g\u1ed3m c\u00e1c th\u00e0nh ph\u1ea7n ch\u00ednh: Chip led, v\u1ecf \u0111\u00e8n, ngu\u1ed3n \u0111\u00e8n\",\"breadcrumb\":{\"@id\":\"https:\/\/esenco.com.vn\/?product=day-led-5s-the-he-moi#breadcrumb\"},\"inLanguage\":\"vi\",\"potentialAction\":[{\"@type\":\"ReadAction\",\"target\":[\"https:\/\/esenco.com.vn\/?product=day-led-5s-the-he-moi\"]}]},{\"@type\":\"ImageObject\",\"inLanguage\":\"vi\",\"@id\":\"https:\/\/esenco.com.vn\/?product=day-led-5s-the-he-moi#primaryimage\",\"url\":\"https:\/\/esenco.com.vn\/wp-content\/uploads\/2024\/05\/1.led-day-5s-the-he-moi.png\",\"contentUrl\":\"https:\/\/esenco.com.vn\/wp-content\/uploads\/2024\/05\/1.led-day-5s-the-he-moi.png\",\"width\":594,\"height\":512},{\"@type\":\"BreadcrumbList\",\"@id\":\"https:\/\/esenco.com.vn\/?product=day-led-5s-the-he-moi#breadcrumb\",\"itemListElement\":[{\"@type\":\"ListItem\",\"position\":1,\"name\":\"Trang ch\u1ee7\",\"item\":\"https:\/\/esenco.com.vn\/\"},{\"@type\":\"ListItem\",\"position\":2,\"name\":\"Shop\",\"item\":\"https:\/\/esenco.com.vn\/?page_id=37\"},{\"@type\":\"ListItem\",\"position\":3,\"name\":\"D\u00c2Y LED 5S TH\u1ebe H\u1ec6 M\u1edaI\"}]},{\"@type\":\"WebSite\",\"@id\":\"https:\/\/esenco.com.vn\/#website\",\"url\":\"https:\/\/esenco.com.vn\/\",\"name\":\"ESENCO\",\"description\":\"CH\u1ea4T L\u01af\u1ee2NG L\u00c0 TR\u00c1CH NHI\u1ec6M\",\"potentialAction\":[{\"@type\":\"SearchAction\",\"target\":{\"@type\":\"EntryPoint\",\"urlTemplate\":\"https:\/\/esenco.com.vn\/?s={search_term_string}\"},\"query-input\":\"required name=search_term_string\"}],\"inLanguage\":\"vi\"}]}<\/script>\n<!-- \/ Yoast SEO plugin. -->","yoast_head_json":{"title":"D\u00c2Y LED 5S TH\u1ebe H\u1ec6 M\u1edaI - ESENCO","description":"C\u1ea5u t\u1ea1o: g\u1ed3m c\u00e1c th\u00e0nh ph\u1ea7n ch\u00ednh: Chip led, v\u1ecf \u0111\u00e8n, ngu\u1ed3n \u0111\u00e8n","robots":{"index":"index","follow":"follow","max-snippet":"max-snippet:-1","max-image-preview":"max-image-preview:large","max-video-preview":"max-video-preview:-1"},"canonical":"https:\/\/esenco.com.vn\/?product=day-led-5s-the-he-moi","og_locale":"vi_VN","og_type":"article","og_title":"D\u00c2Y LED 5S TH\u1ebe H\u1ec6 M\u1edaI - ESENCO","og_description":"C\u1ea5u t\u1ea1o: g\u1ed3m c\u00e1c th\u00e0nh ph\u1ea7n ch\u00ednh: Chip led, v\u1ecf \u0111\u00e8n, ngu\u1ed3n \u0111\u00e8n","og_url":"https:\/\/esenco.com.vn\/?product=day-led-5s-the-he-moi","og_site_name":"ESENCO","article_modified_time":"2024-05-13T01:31:25+00:00","og_image":[{"width":594,"height":512,"url":"https:\/\/esenco.com.vn\/wp-content\/uploads\/2024\/05\/1.led-day-5s-the-he-moi.png","type":"image\/png"}],"twitter_card":"summary_large_image","twitter_misc":{"\u01af\u1edbc t\u00ednh th\u1eddi gian \u0111\u1ecdc":"2 ph\u00fat"},"schema":{"@context":"https:\/\/schema.org","@graph":[{"@type":"WebPage","@id":"https:\/\/esenco.com.vn\/?product=day-led-5s-the-he-moi","url":"https:\/\/esenco.com.vn\/?product=day-led-5s-the-he-moi","name":"D\u00c2Y LED 5S TH\u1ebe H\u1ec6 M\u1edaI - ESENCO","isPartOf":{"@id":"https:\/\/esenco.com.vn\/#website"},"primaryImageOfPage":{"@id":"https:\/\/esenco.com.vn\/?product=day-led-5s-the-he-moi#primaryimage"},"image":{"@id":"https:\/\/esenco.com.vn\/?product=day-led-5s-the-he-moi#primaryimage"},"thumbnailUrl":"https:\/\/esenco.com.vn\/wp-content\/uploads\/2024\/05\/1.led-day-5s-the-he-moi.png","datePublished":"2024-05-08T07:39:22+00:00","dateModified":"2024-05-13T01:31:25+00:00","description":"C\u1ea5u t\u1ea1o: g\u1ed3m c\u00e1c th\u00e0nh ph\u1ea7n ch\u00ednh: Chip led, v\u1ecf \u0111\u00e8n, ngu\u1ed3n \u0111\u00e8n","breadcrumb":{"@id":"https:\/\/esenco.com.vn\/?product=day-led-5s-the-he-moi#breadcrumb"},"inLanguage":"vi","potentialAction":[{"@type":"ReadAction","target":["https:\/\/esenco.com.vn\/?product=day-led-5s-the-he-moi"]}]},{"@type":"ImageObject","inLanguage":"vi","@id":"https:\/\/esenco.com.vn\/?product=day-led-5s-the-he-moi#primaryimage","url":"https:\/\/esenco.com.vn\/wp-content\/uploads\/2024\/05\/1.led-day-5s-the-he-moi.png","contentUrl":"https:\/\/esenco.com.vn\/wp-content\/uploads\/2024\/05\/1.led-day-5s-the-he-moi.png","width":594,"height":512},{"@type":"BreadcrumbList","@id":"https:\/\/esenco.com.vn\/?product=day-led-5s-the-he-moi#breadcrumb","itemListElement":[{"@type":"ListItem","position":1,"name":"Trang ch\u1ee7","item":"https:\/\/esenco.com.vn\/"},{"@type":"ListItem","position":2,"name":"Shop","item":"https:\/\/esenco.com.vn\/?page_id=37"},{"@type":"ListItem","position":3,"name":"D\u00c2Y LED 5S TH\u1ebe H\u1ec6 M\u1edaI"}]},{"@type":"WebSite","@id":"https:\/\/esenco.com.vn\/#website","url":"https:\/\/esenco.com.vn\/","name":"ESENCO","description":"CH\u1ea4T L\u01af\u1ee2NG L\u00c0 TR\u00c1CH NHI\u1ec6M","potentialAction":[{"@type":"SearchAction","target":{"@type":"EntryPoint","urlTemplate":"https:\/\/esenco.com.vn\/?s={search_term_string}"},"query-input":"required name=search_term_string"}],"inLanguage":"vi"}]}},"_links":{"self":[{"href":"https:\/\/esenco.com.vn\/index.php?rest_route=\/wp\/v2\/product\/1168","targetHints":{"allow":["GET"]}}],"collection":[{"href":"https:\/\/esenco.com.vn\/index.php?rest_route=\/wp\/v2\/product"}],"about":[{"href":"https:\/\/esenco.com.vn\/index.php?rest_route=\/wp\/v2\/types\/product"}],"replies":[{"embeddable":true,"href":"https:\/\/esenco.com.vn\/index.php?rest_route=%2Fwp%2Fv2%2Fcomments&post=1168"}],"wp:featuredmedia":[{"embeddable":true,"href":"https:\/\/esenco.com.vn\/index.php?rest_route=\/wp\/v2\/media\/1185"}],"wp:attachment":[{"href":"https:\/\/esenco.com.vn\/index.php?rest_route=%2Fwp%2Fv2%2Fmedia&parent=1168"}],"wp:term":[{"taxonomy":"product_cat","embeddable":true,"href":"https:\/\/esenco.com.vn\/index.php?rest_route=%2Fwp%2Fv2%2Fproduct_cat&post=1168"},{"taxonomy":"product_tag","embeddable":true,"href":"https:\/\/esenco.com.vn\/index.php?rest_route=%2Fwp%2Fv2%2Fproduct_tag&post=1168"}],"curies":[{"name":"wp","href":"https:\/\/api.w.org\/{rel}","templated":true}]}}