{"id":753,"date":"2024-04-16T09:49:48","date_gmt":"2024-04-16T02:49:48","guid":{"rendered":"https:\/\/esenco.com.vn\/?post_type=product&#038;p=753"},"modified":"2024-05-08T15:09:36","modified_gmt":"2024-05-08T08:09:36","slug":"753","status":"publish","type":"product","link":"https:\/\/esenco.com.vn\/?product=753","title":{"rendered":"B\u00fap LED tr\u1ee5 nh\u1ecf 6W"},"content":{"rendered":"<p>B\u00fap LED tr\u1ee5 nh\u1ecf cao c\u1ea5p \u0111\u01b0\u1ee3c thi\u1ebft k\u1ebf ho\u00e0n to\u00e0n m\u1edbi \u0111\u1ea7y t\u00ednh th\u1ea9m m\u1ef9, v\u00f4 c\u00f9ng b\u1eaft m\u1eaft. B\u00fap LED tr\u1ee5 nh\u1ecf \u0111\u01b0\u1ee3c thi\u1ebft k\u1ebf tinh t\u1ebf, ph\u1ea7n nh\u1ef1a PC nguy\u00ean sinh cao c\u1ea5p mang l\u1ea1i c\u1ea3m gi\u00e1c s\u1ea1ch an to\u00e0n. \u0110\u1ed9 m\u1ecbn b\u00ean ngo\u00e0i th\u00e2n v\u1ecf nh\u01b0 m\u1ed9t l\u1eddi kh\u1eb3ng \u0111\u1ecbnh cho s\u1ea3n ph\u1ea9m cao c\u1ea5p, ch\u1ea5t l\u01b0\u1ee3ng.<br \/>\nB\u00fap LED tr\u1ee5 nh\u1ecf c\u00f3 3 d\u00f2ng c\u00f4ng su\u1ea5t ch\u00ednh: 6W,10W,15W v\u1edbi 2 m\u00e0u s\u1eafc ch\u1ee7 \u0111\u1ea1o l\u00e0 s\u00e1ng tr\u1eafng v\u00e0 s\u00e1ng v\u00e0ng. \u0110\u00e8n c\u00f3 l\u1ee3i th\u1ebf v\u01b0\u1ee3t tr\u1ed9i thay th\u1ebf ho\u00e0n to\u00e0n \u0111\u00e8n s\u1ee3i \u0111\u1ed1t v\u00e0 b\u00f3ng compact. Khi chi\u1ebfu s\u00e1ng, \u0111\u00e8n kh\u00f4ng ph\u00e1t ra c\u00e1c tia c\u00f3 h\u1ea1i nh\u01b0 tia t\u1eed ngo\u1ea1i, tia h\u1ed3ng ngo\u1ea1i v\u00e0 kh\u00f4ng ch\u1ee9a c\u00e1c ch\u1ea5t \u0111\u1ed9c h\u1ea1i nh\u01b0 ch\u00ec, th\u1ee7y ng\u00e2n, b\u1ed9t hu\u1ef3nh quang, an to\u00e0n cho ng\u01b0\u1eddi s\u1eed d\u1ee5ng.<\/p>\n","protected":false},"excerpt":{"rendered":"<p>B\u00fap LED tr\u1ee5 nh\u1ecf cao c\u1ea5p \u0111\u01b0\u1ee3c thi\u1ebft k\u1ebf ho\u00e0n to\u00e0n m\u1edbi \u0111\u1ea7y t\u00ednh th\u1ea9m m\u1ef9, v\u00f4 c\u00f9ng b\u1eaft m\u1eaft. B\u00fap LED tr\u1ee5 nh\u1ecf \u0111\u01b0\u1ee3c thi\u1ebft k\u1ebf tinh t\u1ebf, ph\u1ea7n nh\u1ef1a PC nguy\u00ean sinh cao c\u1ea5p mang l\u1ea1i c\u1ea3m gi\u00e1c s\u1ea1ch an to\u00e0n. \u0110\u1ed9 m\u1ecbn b\u00ean ngo\u00e0i th\u00e2n v\u1ecf nh\u01b0 m\u1ed9t l\u1eddi kh\u1eb3ng \u0111\u1ecbnh cho [&#8230;]\n","protected":false},"featured_media":1183,"comment_status":"open","ping_status":"closed","template":"","meta":{"_acf_changed":false},"product_cat":[37],"product_tag":[47,48],"class_list":{"0":"post-753","1":"product","2":"type-product","3":"status-publish","4":"has-post-thumbnail","6":"product_cat-tru-nho","7":"product_tag-bup-tru-nho","8":"product_tag-den-led","10":"first","11":"instock","12":"shipping-taxable","13":"purchasable","14":"product-type-variable"},"acf":[],"yoast_head":"<!-- This site is optimized with the Yoast SEO plugin v22.4 - https:\/\/yoast.com\/wordpress\/plugins\/seo\/ -->\n<title>B\u00fap LED tr\u1ee5 nh\u1ecf 6W - ESENCO<\/title>\n<meta name=\"description\" content=\"B\u00fap LED tr\u1ee5 nh\u1ecf cao c\u1ea5p \u0111\u01b0\u1ee3c thi\u1ebft k\u1ebf ho\u00e0n to\u00e0n m\u1edbi \u0111\u1ea7y t\u00ednh th\u1ea9m m\u1ef9, v\u00f4 c\u00f9ng b\u1eaft m\u1eaft.\" \/>\n<meta name=\"robots\" content=\"index, follow, max-snippet:-1, max-image-preview:large, max-video-preview:-1\" \/>\n<link rel=\"canonical\" href=\"https:\/\/esenco.com.vn\/?product=753\" \/>\n<meta property=\"og:locale\" content=\"vi_VN\" \/>\n<meta property=\"og:type\" content=\"article\" \/>\n<meta property=\"og:title\" content=\"B\u00fap LED tr\u1ee5 nh\u1ecf 6W - ESENCO\" \/>\n<meta property=\"og:description\" content=\"B\u00fap LED tr\u1ee5 nh\u1ecf cao c\u1ea5p \u0111\u01b0\u1ee3c thi\u1ebft k\u1ebf ho\u00e0n to\u00e0n m\u1edbi \u0111\u1ea7y t\u00ednh th\u1ea9m m\u1ef9, v\u00f4 c\u00f9ng b\u1eaft m\u1eaft.\" \/>\n<meta property=\"og:url\" content=\"https:\/\/esenco.com.vn\/?product=753\" \/>\n<meta property=\"og:site_name\" content=\"ESENCO\" \/>\n<meta property=\"article:modified_time\" content=\"2024-05-08T08:09:36+00:00\" \/>\n<meta property=\"og:image\" content=\"https:\/\/esenco.com.vn\/wp-content\/uploads\/2024\/04\/TNCC-6w.jpg\" \/>\n\t<meta property=\"og:image:width\" content=\"379\" \/>\n\t<meta property=\"og:image:height\" content=\"493\" \/>\n\t<meta property=\"og:image:type\" content=\"image\/jpeg\" \/>\n<meta name=\"twitter:card\" content=\"summary_large_image\" \/>\n<meta name=\"twitter:label1\" content=\"\u01af\u1edbc t\u00ednh th\u1eddi gian \u0111\u1ecdc\" \/>\n\t<meta name=\"twitter:data1\" content=\"1 ph\u00fat\" \/>\n<script type=\"application\/ld+json\" class=\"yoast-schema-graph\">{\"@context\":\"https:\/\/schema.org\",\"@graph\":[{\"@type\":\"WebPage\",\"@id\":\"https:\/\/esenco.com.vn\/?product=753\",\"url\":\"https:\/\/esenco.com.vn\/?product=753\",\"name\":\"B\u00fap LED tr\u1ee5 nh\u1ecf 6W - ESENCO\",\"isPartOf\":{\"@id\":\"https:\/\/esenco.com.vn\/#website\"},\"primaryImageOfPage\":{\"@id\":\"https:\/\/esenco.com.vn\/?product=753#primaryimage\"},\"image\":{\"@id\":\"https:\/\/esenco.com.vn\/?product=753#primaryimage\"},\"thumbnailUrl\":\"https:\/\/esenco.com.vn\/wp-content\/uploads\/2024\/04\/TNCC-6w.jpg\",\"datePublished\":\"2024-04-16T02:49:48+00:00\",\"dateModified\":\"2024-05-08T08:09:36+00:00\",\"description\":\"B\u00fap LED tr\u1ee5 nh\u1ecf cao c\u1ea5p \u0111\u01b0\u1ee3c thi\u1ebft k\u1ebf ho\u00e0n to\u00e0n m\u1edbi \u0111\u1ea7y t\u00ednh th\u1ea9m m\u1ef9, v\u00f4 c\u00f9ng b\u1eaft m\u1eaft.\",\"breadcrumb\":{\"@id\":\"https:\/\/esenco.com.vn\/?product=753#breadcrumb\"},\"inLanguage\":\"vi\",\"potentialAction\":[{\"@type\":\"ReadAction\",\"target\":[\"https:\/\/esenco.com.vn\/?product=753\"]}]},{\"@type\":\"ImageObject\",\"inLanguage\":\"vi\",\"@id\":\"https:\/\/esenco.com.vn\/?product=753#primaryimage\",\"url\":\"https:\/\/esenco.com.vn\/wp-content\/uploads\/2024\/04\/TNCC-6w.jpg\",\"contentUrl\":\"https:\/\/esenco.com.vn\/wp-content\/uploads\/2024\/04\/TNCC-6w.jpg\",\"width\":379,\"height\":493},{\"@type\":\"BreadcrumbList\",\"@id\":\"https:\/\/esenco.com.vn\/?product=753#breadcrumb\",\"itemListElement\":[{\"@type\":\"ListItem\",\"position\":1,\"name\":\"Trang ch\u1ee7\",\"item\":\"https:\/\/esenco.com.vn\/\"},{\"@type\":\"ListItem\",\"position\":2,\"name\":\"Shop\",\"item\":\"https:\/\/esenco.com.vn\/?page_id=37\"},{\"@type\":\"ListItem\",\"position\":3,\"name\":\"B\u00fap LED tr\u1ee5 nh\u1ecf 6W\"}]},{\"@type\":\"WebSite\",\"@id\":\"https:\/\/esenco.com.vn\/#website\",\"url\":\"https:\/\/esenco.com.vn\/\",\"name\":\"ESENCO\",\"description\":\"CH\u1ea4T L\u01af\u1ee2NG L\u00c0 TR\u00c1CH NHI\u1ec6M\",\"potentialAction\":[{\"@type\":\"SearchAction\",\"target\":{\"@type\":\"EntryPoint\",\"urlTemplate\":\"https:\/\/esenco.com.vn\/?s={search_term_string}\"},\"query-input\":\"required name=search_term_string\"}],\"inLanguage\":\"vi\"}]}<\/script>\n<!-- \/ Yoast SEO plugin. -->","yoast_head_json":{"title":"B\u00fap LED tr\u1ee5 nh\u1ecf 6W - ESENCO","description":"B\u00fap LED tr\u1ee5 nh\u1ecf cao c\u1ea5p \u0111\u01b0\u1ee3c thi\u1ebft k\u1ebf ho\u00e0n to\u00e0n m\u1edbi \u0111\u1ea7y t\u00ednh th\u1ea9m m\u1ef9, v\u00f4 c\u00f9ng b\u1eaft m\u1eaft.","robots":{"index":"index","follow":"follow","max-snippet":"max-snippet:-1","max-image-preview":"max-image-preview:large","max-video-preview":"max-video-preview:-1"},"canonical":"https:\/\/esenco.com.vn\/?product=753","og_locale":"vi_VN","og_type":"article","og_title":"B\u00fap LED tr\u1ee5 nh\u1ecf 6W - ESENCO","og_description":"B\u00fap LED tr\u1ee5 nh\u1ecf cao c\u1ea5p \u0111\u01b0\u1ee3c thi\u1ebft k\u1ebf ho\u00e0n to\u00e0n m\u1edbi \u0111\u1ea7y t\u00ednh th\u1ea9m m\u1ef9, v\u00f4 c\u00f9ng b\u1eaft m\u1eaft.","og_url":"https:\/\/esenco.com.vn\/?product=753","og_site_name":"ESENCO","article_modified_time":"2024-05-08T08:09:36+00:00","og_image":[{"width":379,"height":493,"url":"https:\/\/esenco.com.vn\/wp-content\/uploads\/2024\/04\/TNCC-6w.jpg","type":"image\/jpeg"}],"twitter_card":"summary_large_image","twitter_misc":{"\u01af\u1edbc t\u00ednh th\u1eddi gian \u0111\u1ecdc":"1 ph\u00fat"},"schema":{"@context":"https:\/\/schema.org","@graph":[{"@type":"WebPage","@id":"https:\/\/esenco.com.vn\/?product=753","url":"https:\/\/esenco.com.vn\/?product=753","name":"B\u00fap LED tr\u1ee5 nh\u1ecf 6W - ESENCO","isPartOf":{"@id":"https:\/\/esenco.com.vn\/#website"},"primaryImageOfPage":{"@id":"https:\/\/esenco.com.vn\/?product=753#primaryimage"},"image":{"@id":"https:\/\/esenco.com.vn\/?product=753#primaryimage"},"thumbnailUrl":"https:\/\/esenco.com.vn\/wp-content\/uploads\/2024\/04\/TNCC-6w.jpg","datePublished":"2024-04-16T02:49:48+00:00","dateModified":"2024-05-08T08:09:36+00:00","description":"B\u00fap LED tr\u1ee5 nh\u1ecf cao c\u1ea5p \u0111\u01b0\u1ee3c thi\u1ebft k\u1ebf ho\u00e0n to\u00e0n m\u1edbi \u0111\u1ea7y t\u00ednh th\u1ea9m m\u1ef9, v\u00f4 c\u00f9ng b\u1eaft m\u1eaft.","breadcrumb":{"@id":"https:\/\/esenco.com.vn\/?product=753#breadcrumb"},"inLanguage":"vi","potentialAction":[{"@type":"ReadAction","target":["https:\/\/esenco.com.vn\/?product=753"]}]},{"@type":"ImageObject","inLanguage":"vi","@id":"https:\/\/esenco.com.vn\/?product=753#primaryimage","url":"https:\/\/esenco.com.vn\/wp-content\/uploads\/2024\/04\/TNCC-6w.jpg","contentUrl":"https:\/\/esenco.com.vn\/wp-content\/uploads\/2024\/04\/TNCC-6w.jpg","width":379,"height":493},{"@type":"BreadcrumbList","@id":"https:\/\/esenco.com.vn\/?product=753#breadcrumb","itemListElement":[{"@type":"ListItem","position":1,"name":"Trang ch\u1ee7","item":"https:\/\/esenco.com.vn\/"},{"@type":"ListItem","position":2,"name":"Shop","item":"https:\/\/esenco.com.vn\/?page_id=37"},{"@type":"ListItem","position":3,"name":"B\u00fap LED tr\u1ee5 nh\u1ecf 6W"}]},{"@type":"WebSite","@id":"https:\/\/esenco.com.vn\/#website","url":"https:\/\/esenco.com.vn\/","name":"ESENCO","description":"CH\u1ea4T L\u01af\u1ee2NG L\u00c0 TR\u00c1CH NHI\u1ec6M","potentialAction":[{"@type":"SearchAction","target":{"@type":"EntryPoint","urlTemplate":"https:\/\/esenco.com.vn\/?s={search_term_string}"},"query-input":"required name=search_term_string"}],"inLanguage":"vi"}]}},"_links":{"self":[{"href":"https:\/\/esenco.com.vn\/index.php?rest_route=\/wp\/v2\/product\/753","targetHints":{"allow":["GET"]}}],"collection":[{"href":"https:\/\/esenco.com.vn\/index.php?rest_route=\/wp\/v2\/product"}],"about":[{"href":"https:\/\/esenco.com.vn\/index.php?rest_route=\/wp\/v2\/types\/product"}],"replies":[{"embeddable":true,"href":"https:\/\/esenco.com.vn\/index.php?rest_route=%2Fwp%2Fv2%2Fcomments&post=753"}],"wp:featuredmedia":[{"embeddable":true,"href":"https:\/\/esenco.com.vn\/index.php?rest_route=\/wp\/v2\/media\/1183"}],"wp:attachment":[{"href":"https:\/\/esenco.com.vn\/index.php?rest_route=%2Fwp%2Fv2%2Fmedia&parent=753"}],"wp:term":[{"taxonomy":"product_cat","embeddable":true,"href":"https:\/\/esenco.com.vn\/index.php?rest_route=%2Fwp%2Fv2%2Fproduct_cat&post=753"},{"taxonomy":"product_tag","embeddable":true,"href":"https:\/\/esenco.com.vn\/index.php?rest_route=%2Fwp%2Fv2%2Fproduct_tag&post=753"}],"curies":[{"name":"wp","href":"https:\/\/api.w.org\/{rel}","templated":true}]}}