{"id":783,"date":"2024-04-16T14:39:05","date_gmt":"2024-04-16T07:39:05","guid":{"rendered":"https:\/\/esenco.com.vn\/?post_type=product&#038;p=783"},"modified":"2024-04-17T14:14:23","modified_gmt":"2024-04-17T07:14:23","slug":"tuyp-mica-ban-nguyet-40w","status":"publish","type":"product","link":"https:\/\/esenco.com.vn\/?product=tuyp-mica-ban-nguyet-40w","title":{"rendered":"Tu\u00fdp mica b\u00e1n nguy\u1ec7t 40w"},"content":{"rendered":"<ol>\n<li>C\u1ea5u t\u1ea1o:<\/li>\n<\/ol>\n<p>V\u1edbi c\u1ea5u t\u1ea1o \u0111\u1eb7c bi\u1ec7t, ph\u1ea7n m\u00e1ng \u0111\u00e8n g\u1eafn li\u1ec1n v\u1edbi b\u00f3ng \u0111\u00e8n. \u0110\u00e8n tu\u00fdp LED b\u00e1n nguy\u1ec7t c\u00f3 c\u1ea5u t\u1ea1o g\u1ed3m c\u00e1c ph\u1ea7n: Chip LED, Ngu\u1ed3n, Th\u00e2n v\u1ecf ( m\u00e1ng \u0111\u00e8n, k\u00ednh t\u00e1n quang)<\/p>\n<ul>\n<li><strong>Chip LED<\/strong>: \u0111\u01b0\u1ee3c s\u1eed d\u1ee5ng l\u00e0 chip LED cao c\u1ea5p, bao g\u1ed3m c\u00e1c h\u1ea1t chip t\u1ea1o ra \u00e1nh s\u00e1ng ch\u1ea5t l\u01b0\u1ee3ng v\u00e0 ti\u1ebft ki\u1ec7m \u0111i\u1ec7n n\u0103ng.<\/li>\n<li><strong>Ngu\u1ed3n (Driver)<\/strong>: Bi\u1ebfn \u0111\u1ed5i ngu\u1ed3n \u0111i\u1ec7n l\u01b0\u1edbi 220V ph\u00f9 h\u1ee3p v\u1edbi chip LED, gi\u00fap duy tr\u00ec \u1ed5n \u0111\u1ecbnh d\u00f2ng \u0111i\u1ec7n cung c\u1ea5p cho ho\u1ea1t \u0111\u1ed9ng c\u1ee7a tu\u00fdp v\u00e0 t\u0103ng tu\u1ed5i th\u1ecd c\u1ee7a chip LED.<\/li>\n<li><strong>K\u00ednh t\u00e1n quang<\/strong>: \u0110\u01b0\u1ee3c l\u00e0m t\u1eeb nh\u1ef1a mica xuy\u00ean s\u00e1ng, cho \u00e1nh s\u00e1ng \u0111i qua l\u00ean t\u1edbi 92% gi\u00fap \u00e1nh s\u00e1ng t\u1ea3o ra \u0111\u1ec1u kh\u1eafp m\u00f4i tr\u01b0\u1eddng xung quanh, ngo\u00e0i ra k\u00ednh t\u00e1n quang c\u00f2n b\u1ea3o v\u1ec7 chip LED b\u00ean trong<\/li>\n<li><strong>M\u00e1ng \u0111\u00e8n:\u00a0<\/strong>L\u00e0m t\u1eeb h\u1ee3p kim nh\u00f4m, s\u01a1n t\u0129nh \u0111i\u1ec7n gi\u00fap c\u1ed1 \u0111\u1ecbnh c\u00e1c b\u1ed9 ph\u1ea7n c\u1ee7a \u0111\u00e8n, ngo\u00e0i ra m\u00e1ng \u0111\u01b0\u1ee3c l\u00e0m t\u1eeb nh\u00f4m c\u00f2n gi\u00fap qu\u00e1 tr\u00ecnh t\u1ea3n nhi\u1ec7t c\u1ee7a chip LED t\u1ed1t h\u01a1n t\u1eeb \u0111\u00f3 t\u0103ng tu\u1ed5i th\u1ecd cho chip LED<\/li>\n<li>2. \u1ee8ng d\u1ee5ng:<\/li>\n<li>K\u1ebft c\u1ea5u b\u00f3ng d\u00e0i gi\u00fap d\u1ea3i s\u00e1ng r\u1ed9ng h\u01a1n v\u00e0 \u0111\u1ec1u h\u01a1n, ch\u1ec9 v\u1edbi 1 b\u00f3ng tu\u00fdp Led c\u00f3 th\u1ec3 thay th\u1ebf 2 t\u1edbi 3 b\u00f3ng \u0111\u00e8n b\u00fap th\u00f4ng th\u01b0\u1eddng h\u01a1n n\u1eefa, n\u00f3 c\u00f3 th\u1ec3 s\u1eed d\u1ee5ng \u1edf kh\u1eafp m\u1ecdi n\u01a1i trong c\u00e1c c\u00f4ng tr\u00ecnh nh\u00e0 \u1edf, chung c\u01b0, ph\u00f2ng h\u1ecdp, b\u1ec7nh v\u00e0 tr\u01b0\u1eddng h\u1ecdc, ch\u1ec9 c\u1ea7n c\u00f3 m\u1ed9t m\u00e1ng \u0111\u00e8n tu\u00fdp 1m2.<\/li>\n<\/ul>\n","protected":false},"excerpt":{"rendered":"<p>C\u1ea5u t\u1ea1o: V\u1edbi c\u1ea5u t\u1ea1o \u0111\u1eb7c bi\u1ec7t, ph\u1ea7n m\u00e1ng \u0111\u00e8n g\u1eafn li\u1ec1n v\u1edbi b\u00f3ng \u0111\u00e8n. \u0110\u00e8n tu\u00fdp LED b\u00e1n nguy\u1ec7t c\u00f3 c\u1ea5u t\u1ea1o g\u1ed3m c\u00e1c ph\u1ea7n: Chip LED, Ngu\u1ed3n, Th\u00e2n v\u1ecf ( m\u00e1ng \u0111\u00e8n, k\u00ednh t\u00e1n quang) Chip LED: \u0111\u01b0\u1ee3c s\u1eed d\u1ee5ng l\u00e0 chip LED cao c\u1ea5p, bao g\u1ed3m c\u00e1c h\u1ea1t chip t\u1ea1o ra \u00e1nh [&#8230;]\n","protected":false},"featured_media":864,"comment_status":"open","ping_status":"closed","template":"","meta":{"_acf_changed":false},"product_cat":[44],"product_tag":[51,52],"class_list":{"0":"post-783","1":"product","2":"type-product","3":"status-publish","4":"has-post-thumbnail","6":"product_cat-tuyp-led","7":"product_tag-mica-ban-nguyet","8":"product_tag-tuyp-led","10":"first","11":"instock","12":"shipping-taxable","13":"purchasable","14":"product-type-variable"},"acf":[],"yoast_head":"<!-- This site is optimized with the Yoast SEO plugin v22.4 - https:\/\/yoast.com\/wordpress\/plugins\/seo\/ -->\n<title>Tu\u00fdp mica b\u00e1n nguy\u1ec7t 40w - ESENCO<\/title>\n<meta name=\"description\" content=\"B\u00fap LED tr\u1ee5 nh\u1ecf cao c\u1ea5p \u0111\u01b0\u1ee3c thi\u1ebft k\u1ebf ho\u00e0n to\u00e0n m\u1edbi \u0111\u1ea7y t\u00ednh th\u1ea9m m\u1ef9, v\u00f4 c\u00f9ng b\u1eaft m\u1eaft.L\u00e0 gi\u1ea3i ph\u00e1p chi\u1ebfu s\u00e1ng cung c\u1ea5p \u00e1nh s\u00e1ng ho\u00e0n h\u1ea3o b\u1eb1ng ngu\u1ed3n s\u00e1ng led, thay th\u1ebf \u0111\u00e8n hu\u1ef3nh quang truy\u1ec1n th\u1ed1ng mang l\u1ea1i hi\u1ec7u qu\u1ea3 cao.\" \/>\n<meta name=\"robots\" content=\"index, follow, max-snippet:-1, max-image-preview:large, max-video-preview:-1\" \/>\n<link rel=\"canonical\" href=\"https:\/\/esenco.com.vn\/?product=tuyp-mica-ban-nguyet-40w\" \/>\n<meta property=\"og:locale\" content=\"vi_VN\" \/>\n<meta property=\"og:type\" content=\"article\" \/>\n<meta property=\"og:title\" content=\"Tu\u00fdp mica b\u00e1n nguy\u1ec7t 40w - ESENCO\" \/>\n<meta property=\"og:description\" content=\"B\u00fap LED tr\u1ee5 nh\u1ecf cao c\u1ea5p \u0111\u01b0\u1ee3c thi\u1ebft k\u1ebf ho\u00e0n to\u00e0n m\u1edbi \u0111\u1ea7y t\u00ednh th\u1ea9m m\u1ef9, v\u00f4 c\u00f9ng b\u1eaft m\u1eaft.L\u00e0 gi\u1ea3i ph\u00e1p chi\u1ebfu s\u00e1ng cung c\u1ea5p \u00e1nh s\u00e1ng ho\u00e0n h\u1ea3o b\u1eb1ng ngu\u1ed3n s\u00e1ng led, thay th\u1ebf \u0111\u00e8n hu\u1ef3nh quang truy\u1ec1n th\u1ed1ng mang l\u1ea1i hi\u1ec7u qu\u1ea3 cao.\" \/>\n<meta property=\"og:url\" content=\"https:\/\/esenco.com.vn\/?product=tuyp-mica-ban-nguyet-40w\" \/>\n<meta property=\"og:site_name\" content=\"ESENCO\" \/>\n<meta property=\"article:modified_time\" content=\"2024-04-17T07:14:23+00:00\" \/>\n<meta property=\"og:image\" content=\"https:\/\/esenco.com.vn\/wp-content\/uploads\/2024\/04\/40W_\u753b\u677f-1.png\" \/>\n\t<meta property=\"og:image:width\" content=\"5906\" \/>\n\t<meta property=\"og:image:height\" content=\"5906\" \/>\n\t<meta property=\"og:image:type\" content=\"image\/png\" \/>\n<meta name=\"twitter:card\" content=\"summary_large_image\" \/>\n<meta name=\"twitter:label1\" content=\"\u01af\u1edbc t\u00ednh th\u1eddi gian \u0111\u1ecdc\" \/>\n\t<meta name=\"twitter:data1\" content=\"2 ph\u00fat\" \/>\n<script type=\"application\/ld+json\" class=\"yoast-schema-graph\">{\"@context\":\"https:\/\/schema.org\",\"@graph\":[{\"@type\":\"WebPage\",\"@id\":\"https:\/\/esenco.com.vn\/?product=tuyp-mica-ban-nguyet-40w\",\"url\":\"https:\/\/esenco.com.vn\/?product=tuyp-mica-ban-nguyet-40w\",\"name\":\"Tu\u00fdp mica b\u00e1n nguy\u1ec7t 40w - ESENCO\",\"isPartOf\":{\"@id\":\"https:\/\/esenco.com.vn\/#website\"},\"primaryImageOfPage\":{\"@id\":\"https:\/\/esenco.com.vn\/?product=tuyp-mica-ban-nguyet-40w#primaryimage\"},\"image\":{\"@id\":\"https:\/\/esenco.com.vn\/?product=tuyp-mica-ban-nguyet-40w#primaryimage\"},\"thumbnailUrl\":\"https:\/\/esenco.com.vn\/wp-content\/uploads\/2024\/04\/40W_\u753b\u677f-1.png\",\"datePublished\":\"2024-04-16T07:39:05+00:00\",\"dateModified\":\"2024-04-17T07:14:23+00:00\",\"description\":\"B\u00fap LED tr\u1ee5 nh\u1ecf cao c\u1ea5p \u0111\u01b0\u1ee3c thi\u1ebft k\u1ebf ho\u00e0n to\u00e0n m\u1edbi \u0111\u1ea7y t\u00ednh th\u1ea9m m\u1ef9, v\u00f4 c\u00f9ng b\u1eaft m\u1eaft.L\u00e0 gi\u1ea3i ph\u00e1p chi\u1ebfu s\u00e1ng cung c\u1ea5p \u00e1nh s\u00e1ng ho\u00e0n h\u1ea3o b\u1eb1ng ngu\u1ed3n s\u00e1ng led, thay th\u1ebf \u0111\u00e8n hu\u1ef3nh quang truy\u1ec1n th\u1ed1ng mang l\u1ea1i hi\u1ec7u qu\u1ea3 cao.\",\"breadcrumb\":{\"@id\":\"https:\/\/esenco.com.vn\/?product=tuyp-mica-ban-nguyet-40w#breadcrumb\"},\"inLanguage\":\"vi\",\"potentialAction\":[{\"@type\":\"ReadAction\",\"target\":[\"https:\/\/esenco.com.vn\/?product=tuyp-mica-ban-nguyet-40w\"]}]},{\"@type\":\"ImageObject\",\"inLanguage\":\"vi\",\"@id\":\"https:\/\/esenco.com.vn\/?product=tuyp-mica-ban-nguyet-40w#primaryimage\",\"url\":\"https:\/\/esenco.com.vn\/wp-content\/uploads\/2024\/04\/40W_\u753b\u677f-1.png\",\"contentUrl\":\"https:\/\/esenco.com.vn\/wp-content\/uploads\/2024\/04\/40W_\u753b\u677f-1.png\",\"width\":5906,\"height\":5906},{\"@type\":\"BreadcrumbList\",\"@id\":\"https:\/\/esenco.com.vn\/?product=tuyp-mica-ban-nguyet-40w#breadcrumb\",\"itemListElement\":[{\"@type\":\"ListItem\",\"position\":1,\"name\":\"Trang ch\u1ee7\",\"item\":\"https:\/\/esenco.com.vn\/\"},{\"@type\":\"ListItem\",\"position\":2,\"name\":\"Shop\",\"item\":\"https:\/\/esenco.com.vn\/?page_id=37\"},{\"@type\":\"ListItem\",\"position\":3,\"name\":\"Tu\u00fdp mica b\u00e1n nguy\u1ec7t 40w\"}]},{\"@type\":\"WebSite\",\"@id\":\"https:\/\/esenco.com.vn\/#website\",\"url\":\"https:\/\/esenco.com.vn\/\",\"name\":\"ESENCO\",\"description\":\"CH\u1ea4T L\u01af\u1ee2NG L\u00c0 TR\u00c1CH NHI\u1ec6M\",\"potentialAction\":[{\"@type\":\"SearchAction\",\"target\":{\"@type\":\"EntryPoint\",\"urlTemplate\":\"https:\/\/esenco.com.vn\/?s={search_term_string}\"},\"query-input\":\"required name=search_term_string\"}],\"inLanguage\":\"vi\"}]}<\/script>\n<!-- \/ Yoast SEO plugin. -->","yoast_head_json":{"title":"Tu\u00fdp mica b\u00e1n nguy\u1ec7t 40w - ESENCO","description":"B\u00fap LED tr\u1ee5 nh\u1ecf cao c\u1ea5p \u0111\u01b0\u1ee3c thi\u1ebft k\u1ebf ho\u00e0n to\u00e0n m\u1edbi \u0111\u1ea7y t\u00ednh th\u1ea9m m\u1ef9, v\u00f4 c\u00f9ng b\u1eaft m\u1eaft.L\u00e0 gi\u1ea3i ph\u00e1p chi\u1ebfu s\u00e1ng cung c\u1ea5p \u00e1nh s\u00e1ng ho\u00e0n h\u1ea3o b\u1eb1ng ngu\u1ed3n s\u00e1ng led, thay th\u1ebf \u0111\u00e8n hu\u1ef3nh quang truy\u1ec1n th\u1ed1ng mang l\u1ea1i hi\u1ec7u qu\u1ea3 cao.","robots":{"index":"index","follow":"follow","max-snippet":"max-snippet:-1","max-image-preview":"max-image-preview:large","max-video-preview":"max-video-preview:-1"},"canonical":"https:\/\/esenco.com.vn\/?product=tuyp-mica-ban-nguyet-40w","og_locale":"vi_VN","og_type":"article","og_title":"Tu\u00fdp mica b\u00e1n nguy\u1ec7t 40w - ESENCO","og_description":"B\u00fap LED tr\u1ee5 nh\u1ecf cao c\u1ea5p \u0111\u01b0\u1ee3c thi\u1ebft k\u1ebf ho\u00e0n to\u00e0n m\u1edbi \u0111\u1ea7y t\u00ednh th\u1ea9m m\u1ef9, v\u00f4 c\u00f9ng b\u1eaft m\u1eaft.L\u00e0 gi\u1ea3i ph\u00e1p chi\u1ebfu s\u00e1ng cung c\u1ea5p \u00e1nh s\u00e1ng ho\u00e0n h\u1ea3o b\u1eb1ng ngu\u1ed3n s\u00e1ng led, thay th\u1ebf \u0111\u00e8n hu\u1ef3nh quang truy\u1ec1n th\u1ed1ng mang l\u1ea1i hi\u1ec7u qu\u1ea3 cao.","og_url":"https:\/\/esenco.com.vn\/?product=tuyp-mica-ban-nguyet-40w","og_site_name":"ESENCO","article_modified_time":"2024-04-17T07:14:23+00:00","og_image":[{"width":5906,"height":5906,"url":"https:\/\/esenco.com.vn\/wp-content\/uploads\/2024\/04\/40W_\u753b\u677f-1.png","type":"image\/png"}],"twitter_card":"summary_large_image","twitter_misc":{"\u01af\u1edbc t\u00ednh th\u1eddi gian \u0111\u1ecdc":"2 ph\u00fat"},"schema":{"@context":"https:\/\/schema.org","@graph":[{"@type":"WebPage","@id":"https:\/\/esenco.com.vn\/?product=tuyp-mica-ban-nguyet-40w","url":"https:\/\/esenco.com.vn\/?product=tuyp-mica-ban-nguyet-40w","name":"Tu\u00fdp mica b\u00e1n nguy\u1ec7t 40w - ESENCO","isPartOf":{"@id":"https:\/\/esenco.com.vn\/#website"},"primaryImageOfPage":{"@id":"https:\/\/esenco.com.vn\/?product=tuyp-mica-ban-nguyet-40w#primaryimage"},"image":{"@id":"https:\/\/esenco.com.vn\/?product=tuyp-mica-ban-nguyet-40w#primaryimage"},"thumbnailUrl":"https:\/\/esenco.com.vn\/wp-content\/uploads\/2024\/04\/40W_\u753b\u677f-1.png","datePublished":"2024-04-16T07:39:05+00:00","dateModified":"2024-04-17T07:14:23+00:00","description":"B\u00fap LED tr\u1ee5 nh\u1ecf cao c\u1ea5p \u0111\u01b0\u1ee3c thi\u1ebft k\u1ebf ho\u00e0n to\u00e0n m\u1edbi \u0111\u1ea7y t\u00ednh th\u1ea9m m\u1ef9, v\u00f4 c\u00f9ng b\u1eaft m\u1eaft.L\u00e0 gi\u1ea3i ph\u00e1p chi\u1ebfu s\u00e1ng cung c\u1ea5p \u00e1nh s\u00e1ng ho\u00e0n h\u1ea3o b\u1eb1ng ngu\u1ed3n s\u00e1ng led, thay th\u1ebf \u0111\u00e8n hu\u1ef3nh quang truy\u1ec1n th\u1ed1ng mang l\u1ea1i hi\u1ec7u qu\u1ea3 cao.","breadcrumb":{"@id":"https:\/\/esenco.com.vn\/?product=tuyp-mica-ban-nguyet-40w#breadcrumb"},"inLanguage":"vi","potentialAction":[{"@type":"ReadAction","target":["https:\/\/esenco.com.vn\/?product=tuyp-mica-ban-nguyet-40w"]}]},{"@type":"ImageObject","inLanguage":"vi","@id":"https:\/\/esenco.com.vn\/?product=tuyp-mica-ban-nguyet-40w#primaryimage","url":"https:\/\/esenco.com.vn\/wp-content\/uploads\/2024\/04\/40W_\u753b\u677f-1.png","contentUrl":"https:\/\/esenco.com.vn\/wp-content\/uploads\/2024\/04\/40W_\u753b\u677f-1.png","width":5906,"height":5906},{"@type":"BreadcrumbList","@id":"https:\/\/esenco.com.vn\/?product=tuyp-mica-ban-nguyet-40w#breadcrumb","itemListElement":[{"@type":"ListItem","position":1,"name":"Trang ch\u1ee7","item":"https:\/\/esenco.com.vn\/"},{"@type":"ListItem","position":2,"name":"Shop","item":"https:\/\/esenco.com.vn\/?page_id=37"},{"@type":"ListItem","position":3,"name":"Tu\u00fdp mica b\u00e1n nguy\u1ec7t 40w"}]},{"@type":"WebSite","@id":"https:\/\/esenco.com.vn\/#website","url":"https:\/\/esenco.com.vn\/","name":"ESENCO","description":"CH\u1ea4T L\u01af\u1ee2NG L\u00c0 TR\u00c1CH NHI\u1ec6M","potentialAction":[{"@type":"SearchAction","target":{"@type":"EntryPoint","urlTemplate":"https:\/\/esenco.com.vn\/?s={search_term_string}"},"query-input":"required name=search_term_string"}],"inLanguage":"vi"}]}},"_links":{"self":[{"href":"https:\/\/esenco.com.vn\/index.php?rest_route=\/wp\/v2\/product\/783","targetHints":{"allow":["GET"]}}],"collection":[{"href":"https:\/\/esenco.com.vn\/index.php?rest_route=\/wp\/v2\/product"}],"about":[{"href":"https:\/\/esenco.com.vn\/index.php?rest_route=\/wp\/v2\/types\/product"}],"replies":[{"embeddable":true,"href":"https:\/\/esenco.com.vn\/index.php?rest_route=%2Fwp%2Fv2%2Fcomments&post=783"}],"wp:featuredmedia":[{"embeddable":true,"href":"https:\/\/esenco.com.vn\/index.php?rest_route=\/wp\/v2\/media\/864"}],"wp:attachment":[{"href":"https:\/\/esenco.com.vn\/index.php?rest_route=%2Fwp%2Fv2%2Fmedia&parent=783"}],"wp:term":[{"taxonomy":"product_cat","embeddable":true,"href":"https:\/\/esenco.com.vn\/index.php?rest_route=%2Fwp%2Fv2%2Fproduct_cat&post=783"},{"taxonomy":"product_tag","embeddable":true,"href":"https:\/\/esenco.com.vn\/index.php?rest_route=%2Fwp%2Fv2%2Fproduct_tag&post=783"}],"curies":[{"name":"wp","href":"https:\/\/api.w.org\/{rel}","templated":true}]}}