{"id":806,"date":"2024-04-16T15:18:26","date_gmt":"2024-04-16T08:18:26","guid":{"rendered":"https:\/\/esenco.com.vn\/?post_type=product&#038;p=806"},"modified":"2024-04-16T15:28:30","modified_gmt":"2024-04-16T08:28:30","slug":"den-tube-led-oval-tran-vien-42w","status":"publish","type":"product","link":"https:\/\/esenco.com.vn\/?product=den-tube-led-oval-tran-vien-42w","title":{"rendered":"\u0110\u00c8N TUBE LED OVAL TR\u00c0N VI\u1ec0N 42W"},"content":{"rendered":"<p><strong>C\u1ea5u t\u1ea1o c\u1ee7a \u0111\u00e8n TUBE LED OVAL 42W bao g\u1ed3m c\u00e1c b\u1ed9 ph\u1eadn ch\u00ednh: Chip LED; B\u1ed9 ngu\u1ed3n (Driver);\u00a0 Th\u00e2n \u0111\u00e8n, T\u00e1n quang<\/strong><\/p>\n<p><strong>Th\u00e2n \u0111\u00e8n<\/strong><\/p>\n<p>\u0110\u00e2y l\u00e0 b\u1ed9 ph\u1eadn t\u1ea1o n\u00ean h\u00ecnh d\u00e1ng c\u1ee7a \u0111\u00e8n. V\u1edbi \u0111\u00e8n\u00a0<strong>TUBE LED OVAL\u00a0<\/strong>th\u00ec th\u00e2n \u0111\u00e8n \u0111\u01b0\u1ee3c thi\u1ebft k\u1ebf li\u1ec1n m\u00e1ng, bo tr\u00f2n nh\u01b0ng v\u1eabn gi\u1eef n\u00e9t kh\u1ecfe kho\u1eafn. \u0110i\u1ec1u n\u00e0y gi\u00fap t\u1ea1o n\u00ean t\u1ed5ng th\u1ec3 thi\u1ebft k\u1ebf ch\u1eafc ch\u1eafn v\u00e0 d\u1ec5 d\u00e0ng l\u1eafp \u0111\u1eb7t cho m\u1ecdi lo\u1ea1i tr\u1ea7n, gi\u00e1 treo.<\/p>\n<p>Th\u00e2n \u0111\u00e8n \u0111\u01b0\u1ee3c l\u00e0m b\u1eb1ng nh\u00f4m cao c\u1ea5p, ph\u1ee7 s\u01a1n t\u0129nh \u0111i\u1ec7n ng\u0103n ch\u1eb7n s\u1ef1 oxy h\u00f3a v\u00e0 gi\u00fap s\u1ea3n ph\u1ea9m c\u00f3 \u0111\u1ed9 b\u1ec1n cao, an to\u00e0n cho ng\u01b0\u1eddi d\u00f9ng. <strong>Kh\u00f4ng nh\u1eefng l\u00e0 b\u1ed9 ph\u1eadn quan tr\u1ecdng b\u1ea3o v\u1ec7 c\u00e1c linh ki\u1ec7n b\u00ean trong, \u0111\u00e8n tu\u00fdp Oval \u0111\u1ed3ng th\u1eddi qu\u1ea3n l\u00fd ngu\u1ed3n s\u00e1ng \u0111i qua r\u1ea5t t\u1ed1t, ph\u00e2n b\u1ed1 \u00e1nh s\u00e1ng \u0111\u1ed3ng \u0111\u1ec1u gi\u00fap ng\u01b0\u1eddi d\u00f9ng ch\u1ed1ng ch\u00f3i t\u1ed1t v\u00e0 t\u1ea1o t\u00ednh<\/strong><strong> th<\/strong><strong>\u1ea9<\/strong><strong>m m<\/strong><strong>\u1ef9<\/strong><strong> cho b\u00f3ng <\/strong><strong>\u0111<\/strong><strong>\u00e8<\/strong><strong>n.<\/strong><\/p>\n<p><strong>Ph\u1ea7n t\u00e1n quang<\/strong><br \/>\n\u0110\u01b0\u1ee3c l\u00e0m t\u1eeb nh\u1ef1a PC cao c\u1ea5p c\u00f3 \u0111\u1ed9 th\u1ea5u quang &gt; 95% gi\u00fap c\u1ea3i thi\u1ec7n hi\u1ec7u su\u1ea5t c\u1ee7a \u0111\u00e8n. Thi\u1ebft k\u1ebf bo tr\u00f2n gi\u00fap \u00e1nh s\u00e1ng ph\u00e2n b\u1ed1 \u0111\u1ec1u h\u01a1n, kh\u00f4ng gian chi\u1ebfu s\u00e1ng r\u1ed9ng h\u01a1n.<\/p>\n<p><strong>\u00a0B\u1ed9 ngu\u1ed3n (Driver)<\/strong><\/p>\n<p><strong>B\u1ed9 ngu\u1ed3n c\u1ee7a \u0111\u00e8n LED tu\u00fdp Oval \u0111\u01b0\u1ee3c \u0111\u1eb7t ch\u1eafc ch\u1eafn t\u1ea1i \u0111\u1ea7u tu\u00fdp, gi\u00fap \u1ed5n \u0111\u1ecbnh ho\u1ea1t \u0111\u1ed9ng v\u00e0 ch\u1ea5t l\u01b0\u1ee3ng chi\u1ebfu s\u00e1ng c\u1ee7a \u0111\u00e8n. \u0110\u1eb7c bi\u1ec7t gi\u00fap ti\u1ebft ki\u1ec7m t\u1ed1i \u0111a \u0111i\u1ec7n n\u0103ng ti\u00eau th\u1ee5 c\u1ee7a \u0111\u00e8n. N\u00e2ng cao tu\u1ed5i th\u1ecd s\u1eed d\u1ee5ng<\/strong><\/p>\n<p><strong>M\u1ea1ch v\u00e0 chip led <\/strong><br \/>\n\u0110\u00e2y l\u00e0 b\u1ed9 ph\u1eadn quy\u1ebft \u0111\u1ecbnh hi\u1ec7u su\u1ea5t chi\u1ebfu s\u00e1ng, kh\u1ea3 n\u0103ng ti\u1ebft ki\u1ec7m \u0111i\u1ec7n n\u0103ng v\u00e0 tu\u1ed5i th\u1ecd c\u1ee7a \u0111\u00e8n. \u0110\u00e8n\u00a0<strong>TUBE LED OVAL\u00a0\u00a0<\/strong>s\u1eed d\u1ee5ng c\u00f4ng ngh\u1ec7 chip led cao c\u1ea5p. Nh\u1edd v\u1eady c\u00f3 hi\u1ec7u su\u1ea5t ph\u00e1t quang cao, th\u00e2n thi\u1ec7n v\u1edbi s\u1ee9c kh\u1ecfe \u0111\u00f4i m\u1eaft.<\/p>\n<p><strong>M\u1ea1ch \u0111i\u1ec7n t\u1eed n\u00f3i c\u00e1ch kh\u00e1c ch\u00ednh l\u00e0 m\u1ea1ch in. M\u1ea1ch in c\u00f3 t\u1ea7m \u1ea3nh h\u01b0\u1edfng tr\u1ef1c ti\u1ebfp t\u1edbi ch\u1ea5t l\u01b0\u1ee3ng chi\u1ebfu s\u00e1ng c\u0169ng nh\u01b0 tu\u1ed5i th\u1ecd c\u1ee7a \u0111\u00e8n. L\u00e0 b\u1ed9 ph\u1eadn d\u1eabn cho chip LED ho\u1ea1t \u0111\u1ed9ng, m\u1ea1ch in c\u1ee7a \u0111\u00e8n LED tu\u00fdp Oval \u0111\u01b0\u1ee3c \u0111\u1eb7t tr\u00ean \u0111\u1ebf nh\u00f4m c\u00f3 kh\u1ea3 n\u0103ng t\u1ea3n nhi\u1ec7t phun s\u01a1n t\u0129nh \u0111i\u1ec7n. \u0110\u1ea3m b\u1ea3o ch\u1ea5t l\u01b0\u1ee3ng chi\u1ebfu s\u00e1ng v\u00e0 an to\u00e0n cho ng\u01b0\u1eddi s\u1eed d\u1ee5ng<\/strong><strong>.<\/strong><\/p>\n<p>Kh\u00f4ng nh\u1eefng s\u1eed d\u1ee5ng trong gia \u0111\u00ecnh, v\u1edbi thi\u1ebft k\u1ebf m\u1edbi l\u1ea1 v\u00e0 th\u1ea9m m\u1ef9, \u0111\u00e8n\u00a0<strong>TUBE LED OVAL<\/strong>\u00a0ho\u00e0n to\u00e0n ph\u00f9 h\u1ee3p v\u1edbi nhi\u1ec1u kh\u00f4ng gian. \u0110\u1eb7c bi\u1ec7t l\u00e0 nh\u1eefng n\u01a1i c\u1ea7n \u00e1nh s\u00e1ng t\u1eadp trung v\u00e0 \u0111\u1ea3m b\u1ea3o \u0111\u1ed9 ho\u00e0n m\u00e0u cao c\u0169ng nh\u01b0 an to\u00e0n th\u1ecb l\u1ef1c.<\/p>\n<p>S\u1ea3n ph\u1ea9m \u0111\u01b0\u1ee3c l\u1eafp \u0111\u1eb7t t\u1ea1i c\u00e1c c\u00f4ng tr\u00ecnh sau:<\/p>\n<ul>\n<li>\u0110\u00e8n \u0111\u01b0\u1ee3c s\u1eed d\u1ee5ng \u1edf nhi\u1ec1u n\u01a1i nh\u01b0 v\u0103n ph\u00f2ng<\/li>\n<li>H\u1ec7 th\u1ed1ng chi\u1ebfu s\u00e1ng cho c\u01a1 quan.<\/li>\n<li>H\u1ec7 th\u1ed1ng chi\u1ebfu s\u00e1ng nh\u00e0 \u1edf<\/li>\n<li>H\u1ec7 th\u1ed1ng chi\u1ebfu s\u00e1ng h\u1ecdc \u0111\u01b0\u1eddng, th\u01b0 vi\u1ec7n<\/li>\n<li>L\u1eafp \u0111\u1eb7t trong c\u00e1c b\u1ec7nh vi\u1ec7n, ph\u00f2ng kh\u00e1m<\/li>\n<li>H\u1ec7 th\u1ed1ng chi\u1ebfu s\u00e1ng si\u00eau th\u1ecb, showroom, TTTM\u2026<\/li>\n<\/ul>\n","protected":false},"excerpt":{"rendered":"<p>C\u1ea5u t\u1ea1o c\u1ee7a \u0111\u00e8n TUBE LED OVAL 42W bao g\u1ed3m c\u00e1c b\u1ed9 ph\u1eadn ch\u00ednh: Chip LED; B\u1ed9 ngu\u1ed3n (Driver);\u00a0 Th\u00e2n \u0111\u00e8n, T\u00e1n quang Th\u00e2n \u0111\u00e8n \u0110\u00e2y l\u00e0 b\u1ed9 ph\u1eadn t\u1ea1o n\u00ean h\u00ecnh d\u00e1ng c\u1ee7a \u0111\u00e8n. V\u1edbi \u0111\u00e8n\u00a0TUBE LED OVAL\u00a0th\u00ec th\u00e2n \u0111\u00e8n \u0111\u01b0\u1ee3c thi\u1ebft k\u1ebf li\u1ec1n m\u00e1ng, bo tr\u00f2n nh\u01b0ng v\u1eabn gi\u1eef n\u00e9t kh\u1ecfe kho\u1eafn. \u0110i\u1ec1u [&#8230;]\n","protected":false},"featured_media":0,"comment_status":"open","ping_status":"closed","template":"","meta":{"_acf_changed":false},"product_cat":[44],"product_tag":[51,53,52],"class_list":{"0":"post-806","1":"product","2":"type-product","3":"status-publish","5":"product_cat-tuyp-led","6":"product_tag-mica-ban-nguyet","7":"product_tag-tuyp-dau-vuong","8":"product_tag-tuyp-led","10":"first","11":"instock","12":"shipping-taxable","13":"purchasable","14":"product-type-variable"},"acf":[],"yoast_head":"<!-- This site is optimized with the Yoast SEO plugin v22.4 - https:\/\/yoast.com\/wordpress\/plugins\/seo\/ -->\n<title>\u0110\u00c8N TUBE LED OVAL TR\u00c0N VI\u1ec0N 42W - ESENCO<\/title>\n<meta name=\"description\" content=\"C\u00f3 c\u1ea5u t\u1ea1o r\u1ea5t \u0111\u01a1n gi\u1ea3n, nguy\u00ean v\u1eadt li\u1ec7u v\u00e0 linh ki\u1ec7n c\u1ee7a \u0111\u00e8n \u0111\u01b0\u1ee3c ch\u1ecdn l\u1ecdc ch\u1ea5t l\u01b0\u1ee3ng.\" \/>\n<meta name=\"robots\" content=\"index, follow, max-snippet:-1, max-image-preview:large, max-video-preview:-1\" \/>\n<link rel=\"canonical\" href=\"https:\/\/esenco.com.vn\/?product=den-tube-led-oval-tran-vien-42w\" \/>\n<meta property=\"og:locale\" content=\"vi_VN\" \/>\n<meta property=\"og:type\" content=\"article\" \/>\n<meta property=\"og:title\" content=\"\u0110\u00c8N TUBE LED OVAL TR\u00c0N VI\u1ec0N 42W - ESENCO\" \/>\n<meta property=\"og:description\" content=\"C\u00f3 c\u1ea5u t\u1ea1o r\u1ea5t \u0111\u01a1n gi\u1ea3n, nguy\u00ean v\u1eadt li\u1ec7u v\u00e0 linh ki\u1ec7n c\u1ee7a \u0111\u00e8n \u0111\u01b0\u1ee3c ch\u1ecdn l\u1ecdc ch\u1ea5t l\u01b0\u1ee3ng.\" \/>\n<meta property=\"og:url\" content=\"https:\/\/esenco.com.vn\/?product=den-tube-led-oval-tran-vien-42w\" \/>\n<meta property=\"og:site_name\" content=\"ESENCO\" \/>\n<meta property=\"article:modified_time\" content=\"2024-04-16T08:28:30+00:00\" \/>\n<meta name=\"twitter:card\" content=\"summary_large_image\" \/>\n<meta name=\"twitter:label1\" content=\"\u01af\u1edbc t\u00ednh th\u1eddi gian \u0111\u1ecdc\" \/>\n\t<meta name=\"twitter:data1\" content=\"3 ph\u00fat\" \/>\n<script type=\"application\/ld+json\" class=\"yoast-schema-graph\">{\"@context\":\"https:\/\/schema.org\",\"@graph\":[{\"@type\":\"WebPage\",\"@id\":\"https:\/\/esenco.com.vn\/?product=den-tube-led-oval-tran-vien-42w\",\"url\":\"https:\/\/esenco.com.vn\/?product=den-tube-led-oval-tran-vien-42w\",\"name\":\"\u0110\u00c8N TUBE LED OVAL TR\u00c0N VI\u1ec0N 42W - ESENCO\",\"isPartOf\":{\"@id\":\"https:\/\/esenco.com.vn\/#website\"},\"datePublished\":\"2024-04-16T08:18:26+00:00\",\"dateModified\":\"2024-04-16T08:28:30+00:00\",\"description\":\"C\u00f3 c\u1ea5u t\u1ea1o r\u1ea5t \u0111\u01a1n gi\u1ea3n, nguy\u00ean v\u1eadt li\u1ec7u v\u00e0 linh ki\u1ec7n c\u1ee7a \u0111\u00e8n \u0111\u01b0\u1ee3c ch\u1ecdn l\u1ecdc ch\u1ea5t l\u01b0\u1ee3ng.\",\"breadcrumb\":{\"@id\":\"https:\/\/esenco.com.vn\/?product=den-tube-led-oval-tran-vien-42w#breadcrumb\"},\"inLanguage\":\"vi\",\"potentialAction\":[{\"@type\":\"ReadAction\",\"target\":[\"https:\/\/esenco.com.vn\/?product=den-tube-led-oval-tran-vien-42w\"]}]},{\"@type\":\"BreadcrumbList\",\"@id\":\"https:\/\/esenco.com.vn\/?product=den-tube-led-oval-tran-vien-42w#breadcrumb\",\"itemListElement\":[{\"@type\":\"ListItem\",\"position\":1,\"name\":\"Trang ch\u1ee7\",\"item\":\"https:\/\/esenco.com.vn\/\"},{\"@type\":\"ListItem\",\"position\":2,\"name\":\"Shop\",\"item\":\"https:\/\/esenco.com.vn\/?page_id=37\"},{\"@type\":\"ListItem\",\"position\":3,\"name\":\"\u0110\u00c8N TUBE LED OVAL TR\u00c0N VI\u1ec0N 42W\"}]},{\"@type\":\"WebSite\",\"@id\":\"https:\/\/esenco.com.vn\/#website\",\"url\":\"https:\/\/esenco.com.vn\/\",\"name\":\"ESENCO\",\"description\":\"CH\u1ea4T L\u01af\u1ee2NG L\u00c0 TR\u00c1CH NHI\u1ec6M\",\"potentialAction\":[{\"@type\":\"SearchAction\",\"target\":{\"@type\":\"EntryPoint\",\"urlTemplate\":\"https:\/\/esenco.com.vn\/?s={search_term_string}\"},\"query-input\":\"required name=search_term_string\"}],\"inLanguage\":\"vi\"}]}<\/script>\n<!-- \/ Yoast SEO plugin. -->","yoast_head_json":{"title":"\u0110\u00c8N TUBE LED OVAL TR\u00c0N VI\u1ec0N 42W - ESENCO","description":"C\u00f3 c\u1ea5u t\u1ea1o r\u1ea5t \u0111\u01a1n gi\u1ea3n, nguy\u00ean v\u1eadt li\u1ec7u v\u00e0 linh ki\u1ec7n c\u1ee7a \u0111\u00e8n \u0111\u01b0\u1ee3c ch\u1ecdn l\u1ecdc ch\u1ea5t l\u01b0\u1ee3ng.","robots":{"index":"index","follow":"follow","max-snippet":"max-snippet:-1","max-image-preview":"max-image-preview:large","max-video-preview":"max-video-preview:-1"},"canonical":"https:\/\/esenco.com.vn\/?product=den-tube-led-oval-tran-vien-42w","og_locale":"vi_VN","og_type":"article","og_title":"\u0110\u00c8N TUBE LED OVAL TR\u00c0N VI\u1ec0N 42W - ESENCO","og_description":"C\u00f3 c\u1ea5u t\u1ea1o r\u1ea5t \u0111\u01a1n gi\u1ea3n, nguy\u00ean v\u1eadt li\u1ec7u v\u00e0 linh ki\u1ec7n c\u1ee7a \u0111\u00e8n \u0111\u01b0\u1ee3c ch\u1ecdn l\u1ecdc ch\u1ea5t l\u01b0\u1ee3ng.","og_url":"https:\/\/esenco.com.vn\/?product=den-tube-led-oval-tran-vien-42w","og_site_name":"ESENCO","article_modified_time":"2024-04-16T08:28:30+00:00","twitter_card":"summary_large_image","twitter_misc":{"\u01af\u1edbc t\u00ednh th\u1eddi gian \u0111\u1ecdc":"3 ph\u00fat"},"schema":{"@context":"https:\/\/schema.org","@graph":[{"@type":"WebPage","@id":"https:\/\/esenco.com.vn\/?product=den-tube-led-oval-tran-vien-42w","url":"https:\/\/esenco.com.vn\/?product=den-tube-led-oval-tran-vien-42w","name":"\u0110\u00c8N TUBE LED OVAL TR\u00c0N VI\u1ec0N 42W - ESENCO","isPartOf":{"@id":"https:\/\/esenco.com.vn\/#website"},"datePublished":"2024-04-16T08:18:26+00:00","dateModified":"2024-04-16T08:28:30+00:00","description":"C\u00f3 c\u1ea5u t\u1ea1o r\u1ea5t \u0111\u01a1n gi\u1ea3n, nguy\u00ean v\u1eadt li\u1ec7u v\u00e0 linh ki\u1ec7n c\u1ee7a \u0111\u00e8n \u0111\u01b0\u1ee3c ch\u1ecdn l\u1ecdc ch\u1ea5t l\u01b0\u1ee3ng.","breadcrumb":{"@id":"https:\/\/esenco.com.vn\/?product=den-tube-led-oval-tran-vien-42w#breadcrumb"},"inLanguage":"vi","potentialAction":[{"@type":"ReadAction","target":["https:\/\/esenco.com.vn\/?product=den-tube-led-oval-tran-vien-42w"]}]},{"@type":"BreadcrumbList","@id":"https:\/\/esenco.com.vn\/?product=den-tube-led-oval-tran-vien-42w#breadcrumb","itemListElement":[{"@type":"ListItem","position":1,"name":"Trang ch\u1ee7","item":"https:\/\/esenco.com.vn\/"},{"@type":"ListItem","position":2,"name":"Shop","item":"https:\/\/esenco.com.vn\/?page_id=37"},{"@type":"ListItem","position":3,"name":"\u0110\u00c8N TUBE LED OVAL TR\u00c0N VI\u1ec0N 42W"}]},{"@type":"WebSite","@id":"https:\/\/esenco.com.vn\/#website","url":"https:\/\/esenco.com.vn\/","name":"ESENCO","description":"CH\u1ea4T L\u01af\u1ee2NG L\u00c0 TR\u00c1CH NHI\u1ec6M","potentialAction":[{"@type":"SearchAction","target":{"@type":"EntryPoint","urlTemplate":"https:\/\/esenco.com.vn\/?s={search_term_string}"},"query-input":"required name=search_term_string"}],"inLanguage":"vi"}]}},"_links":{"self":[{"href":"https:\/\/esenco.com.vn\/index.php?rest_route=\/wp\/v2\/product\/806","targetHints":{"allow":["GET"]}}],"collection":[{"href":"https:\/\/esenco.com.vn\/index.php?rest_route=\/wp\/v2\/product"}],"about":[{"href":"https:\/\/esenco.com.vn\/index.php?rest_route=\/wp\/v2\/types\/product"}],"replies":[{"embeddable":true,"href":"https:\/\/esenco.com.vn\/index.php?rest_route=%2Fwp%2Fv2%2Fcomments&post=806"}],"wp:attachment":[{"href":"https:\/\/esenco.com.vn\/index.php?rest_route=%2Fwp%2Fv2%2Fmedia&parent=806"}],"wp:term":[{"taxonomy":"product_cat","embeddable":true,"href":"https:\/\/esenco.com.vn\/index.php?rest_route=%2Fwp%2Fv2%2Fproduct_cat&post=806"},{"taxonomy":"product_tag","embeddable":true,"href":"https:\/\/esenco.com.vn\/index.php?rest_route=%2Fwp%2Fv2%2Fproduct_tag&post=806"}],"curies":[{"name":"wp","href":"https:\/\/api.w.org\/{rel}","templated":true}]}}