{"id":828,"date":"2024-04-16T16:10:01","date_gmt":"2024-04-16T09:10:01","guid":{"rendered":"https:\/\/esenco.com.vn\/?post_type=product&#038;p=828"},"modified":"2024-04-17T16:06:47","modified_gmt":"2024-04-17T09:06:47","slug":"am-tran-de-duc-cao-cap-dl90-vien-bac","status":"publish","type":"product","link":"https:\/\/esenco.com.vn\/?product=am-tran-de-duc-cao-cap-dl90-vien-bac","title":{"rendered":"\u00c2M TR\u1ea6N \u0110\u1ebe \u0110\u00daC CAO C\u1ea4P DL90 VI\u1ec0N B\u1ea0C"},"content":{"rendered":"<ol>\n<li>C\u1ea5u t\u1ea1o<\/li>\n<\/ol>\n<ul>\n<li><strong>Chip led <\/strong>cao c\u1ea5p c\u00f3 hi\u1ec7u su\u1ea5t ph\u00e1t quang cao, ti\u1ebft ki\u1ec7m \u0111i\u1ec7n n\u0103ng ti\u00eau th\u1ee5 so v\u1edbi c\u00e1c d\u00f2ng chip led tr\u00ean th\u1ecb tr\u01b0\u1eddng hi\u1ec7n nay<\/li>\n<li>Ch\u1ec9 s\u1ed1 ho\u00e0n m\u00e0u Ra&gt;85 cho \u00e1nh s\u00e1ng trung th\u1ef1c, ch\u1ed1ng l\u00f3a, m\u1ecfi m\u1eaft, an to\u00e0n cho ng\u01b0\u1eddi s\u1eed d\u1ee5ng.<\/li>\n<li><strong>B\u1ed9 ngu\u1ed3n<\/strong> s\u1eed d\u1ee5ng c\u00e1c linh ki\u1ec7n cao c\u1ea5p gi\u00fap \u0111\u00e8n s\u00e1ng chu\u1ea9n h\u01a1n m\u00e0 kh\u00f4ng b\u1ecb nh\u1ea5p nh\u00e1y.<\/li>\n<li><strong>\u0110<\/strong><strong>\u1ebf \u0111\u00e8n<\/strong> \u0111\u01b0\u1ee3c \u0111\u00fac t\u1eeb nh\u00f4m nguy\u00ean kh\u1ed1i, gi\u00fap \u0111\u00e8n t\u1ea3n nhi\u1ec7t t\u1ed1t h\u01a1n c\u00e1c lo\u1ea1i \u0111\u1ebf th\u01b0\u1eddng. <strong>B\u00ean c\u1ea1nh \u0111\u00f3, l\u1edbp phun s\u01a1n t\u0129nh \u0111i\u1ec7n gi\u00fap b\u1ea3o v\u1ec7 \u0111\u1ebf \u0111\u00e8n tr\u00e1nh t\u00e1c \u0111\u1ed9ng th\u1eddi ti\u1ebft, tr\u00e1nh bong tr\u00f3c v\u00e0 b\u1ec1n h\u01a1n.<\/strong><\/li>\n<li><strong>B\u1ed9 ph\u1eadn t\u1ea3n nhi\u1ec7t \u0111\u00f3ng vai tr\u00f2 r\u1ea5t quan tr\u1ecdng thi\u1ebft k\u1ebf nh\u1eefng khe r\u00e3nh\u00a0t\u1ea3n nhi\u1ec7t\u00a0b\u1eb1ng ch\u1ea5t li\u1ec7u l\u00e0m t\u1eeb nh\u00f4m \u0111\u00fac nguy\u00ean kh\u1ed1i., c\u00f3 nhi\u1ec7m v\u1ee5 gi\u00fap gi\u1ea3m nhi\u1ec7t khi \u0111\u00e8n chi\u1ebfu s\u00e1ng l\u00e2u. \u0110\u00f3 l\u00e0 do\u00a0ngu\u1ed3n \u0111i\u1ec7n v\u00e0 ngu\u1ed3n s\u00e1ng\u00a0t\u1ea1o ra, gi\u00fap chip led c\u00f3 th\u1ec3 chi\u1ebfu s\u00e1ng t\u1ed1t trong th\u1eddi gian d\u00e0i<\/strong><\/li>\n<li><strong>M\u1eb7t \u0111\u00e8n \u0111\u01b0\u1ee3c l\u1ef1a ch\u1ecdn nh\u1eefng ch\u1ea5t li\u1ec7u cao c\u1ea5p ch\u1ee9c n\u0103ng b\u1ea3o v\u1ec7 c\u00e1c b\u1ed9 ph\u1eadn b\u00ean trong nh\u01b0 chip LED. \u0110\u1ed3ng th\u1eddi thi\u1ebft k\u1ebf \u0111an xen vi\u1ec1n v\u00e0ng\/ vi\u1ec1n b\u1ea1c c\u0169ng \u0111\u00f3ng vai tr\u00f2 quan tr\u1ecdng trong vi\u1ec7c trang tr\u00ed, t\u1ea1\u1ecd v\u1ebb \u0111\u1eb9p tinh t\u1ebf cho kh\u00f4ng gian s\u1ed1ng.<\/strong><\/li>\n<li>\u1ee8ng d\u1ee5ng:<\/li>\n<li>\u0110\u00e8n \u0111\u01b0\u1ee3c \u1ee9ng d\u1ee5ng r\u1ed9ng r\u00e3i trong r\u1ea5t nhi\u1ec1u kh\u00f4ng gian nh\u01b0: nh\u00e0 h\u00e0ng, kh\u00e1ch s\u1ea1n, gia \u0111\u00ecnh, v\u0103n ph\u00f2ng, chung c\u01b0, bi\u1ec7t th\u1ef1, qu\u00e1n bar, c\u1eeda h\u00e0ng,\u2026 \u0111\u1ec1u ph\u00e1t huy h\u1ebft c\u00f4ng n\u0103ng tuy\u1ec7t v\u1eddi c\u1ee7a n\u00f3.<\/li>\n<\/ul>\n","protected":false},"excerpt":{"rendered":"<p>C\u1ea5u t\u1ea1o Chip led cao c\u1ea5p c\u00f3 hi\u1ec7u su\u1ea5t ph\u00e1t quang cao, ti\u1ebft ki\u1ec7m \u0111i\u1ec7n n\u0103ng ti\u00eau th\u1ee5 so v\u1edbi c\u00e1c d\u00f2ng chip led tr\u00ean th\u1ecb tr\u01b0\u1eddng hi\u1ec7n nay Ch\u1ec9 s\u1ed1 ho\u00e0n m\u00e0u Ra&gt;85 cho \u00e1nh s\u00e1ng trung th\u1ef1c, ch\u1ed1ng l\u00f3a, m\u1ecfi m\u1eaft, an to\u00e0n cho ng\u01b0\u1eddi s\u1eed d\u1ee5ng. B\u1ed9 ngu\u1ed3n s\u1eed d\u1ee5ng c\u00e1c linh [&#8230;]\n","protected":false},"featured_media":958,"comment_status":"open","ping_status":"closed","template":"","meta":{"_acf_changed":false},"product_cat":[17],"product_tag":[54,55],"class_list":{"0":"post-828","1":"product","2":"type-product","3":"status-publish","4":"has-post-thumbnail","6":"product_cat-den-led-downlight","7":"product_tag-am-tran","8":"product_tag-downlight","10":"first","11":"instock","12":"shipping-taxable","13":"purchasable","14":"product-type-variable"},"acf":[],"yoast_head":"<!-- This site is optimized with the Yoast SEO plugin v22.4 - https:\/\/yoast.com\/wordpress\/plugins\/seo\/ -->\n<title>\u00c2M TR\u1ea6N \u0110\u1ebe \u0110\u00daC CAO C\u1ea4P DL90 VI\u1ec0N B\u1ea0C - ESENCO<\/title>\n<meta name=\"description\" content=\"\u0110\u00e8n \u00e2m tr\u1ea7n \u0111\u01b0\u1ee3c l\u00e0m t\u1eeb v\u1eadt li\u1ec7u cao c\u1ea5p, k\u1ebft h\u1ee3p c\u00f9ng c\u00f4ng ngh\u1ec7 chi\u1ebfu s\u00e1ng hi\u1ec7n \u0111\u1ea1i cho \u0111\u1ed9 b\u1ec1n v\u01b0\u1ee3t tr\u1ed9i v\u00e0 mang t\u1edbi ngu\u1ed3n s\u00e1ng n\u00e2ng \u0111\u1ee1 hi\u1ec7u qu\u1ea3 cho c\u00e1c kh\u00f4ng gian n\u1ed9i th\u1ea5t. B\u00ean c\u1ea1nh \u0111\u00f3, v\u1edbi tu\u1ed5i th\u1ecd \u0111\u00e8n l\u00ean t\u1edbi h\u01a1n 50.000h, \u0111\u00e8n \u00e2m tr\u1ea7n \u0111\u01b0\u1ee3c r\u1ea5t nhi\u1ec1u ng\u01b0\u1eddi y\u00eau th\u00edch l\u1ef1a ch\u1ecdn.\" \/>\n<meta name=\"robots\" content=\"index, follow, max-snippet:-1, max-image-preview:large, max-video-preview:-1\" \/>\n<link rel=\"canonical\" href=\"https:\/\/esenco.com.vn\/?product=am-tran-de-duc-cao-cap-dl90-vien-bac\" \/>\n<meta property=\"og:locale\" content=\"vi_VN\" \/>\n<meta property=\"og:type\" content=\"article\" \/>\n<meta property=\"og:title\" content=\"\u00c2M TR\u1ea6N \u0110\u1ebe \u0110\u00daC CAO C\u1ea4P DL90 VI\u1ec0N B\u1ea0C - ESENCO\" \/>\n<meta property=\"og:description\" content=\"\u0110\u00e8n \u00e2m tr\u1ea7n \u0111\u01b0\u1ee3c l\u00e0m t\u1eeb v\u1eadt li\u1ec7u cao c\u1ea5p, k\u1ebft h\u1ee3p c\u00f9ng c\u00f4ng ngh\u1ec7 chi\u1ebfu s\u00e1ng hi\u1ec7n \u0111\u1ea1i cho \u0111\u1ed9 b\u1ec1n v\u01b0\u1ee3t tr\u1ed9i v\u00e0 mang t\u1edbi ngu\u1ed3n s\u00e1ng n\u00e2ng \u0111\u1ee1 hi\u1ec7u qu\u1ea3 cho c\u00e1c kh\u00f4ng gian n\u1ed9i th\u1ea5t. B\u00ean c\u1ea1nh \u0111\u00f3, v\u1edbi tu\u1ed5i th\u1ecd \u0111\u00e8n l\u00ean t\u1edbi h\u01a1n 50.000h, \u0111\u00e8n \u00e2m tr\u1ea7n \u0111\u01b0\u1ee3c r\u1ea5t nhi\u1ec1u ng\u01b0\u1eddi y\u00eau th\u00edch l\u1ef1a ch\u1ecdn.\" \/>\n<meta property=\"og:url\" content=\"https:\/\/esenco.com.vn\/?product=am-tran-de-duc-cao-cap-dl90-vien-bac\" \/>\n<meta property=\"og:site_name\" content=\"ESENCO\" \/>\n<meta property=\"article:modified_time\" content=\"2024-04-17T09:06:47+00:00\" \/>\n<meta property=\"og:image\" content=\"https:\/\/esenco.com.vn\/wp-content\/uploads\/2024\/04\/ATVB-9w-nen-trang_\u753b\u677f-1.jpg\" \/>\n\t<meta property=\"og:image:width\" content=\"1962\" \/>\n\t<meta property=\"og:image:height\" content=\"1563\" \/>\n\t<meta property=\"og:image:type\" content=\"image\/jpeg\" \/>\n<meta name=\"twitter:card\" content=\"summary_large_image\" \/>\n<meta name=\"twitter:label1\" content=\"\u01af\u1edbc t\u00ednh th\u1eddi gian \u0111\u1ecdc\" \/>\n\t<meta name=\"twitter:data1\" content=\"2 ph\u00fat\" \/>\n<script type=\"application\/ld+json\" class=\"yoast-schema-graph\">{\"@context\":\"https:\/\/schema.org\",\"@graph\":[{\"@type\":\"WebPage\",\"@id\":\"https:\/\/esenco.com.vn\/?product=am-tran-de-duc-cao-cap-dl90-vien-bac\",\"url\":\"https:\/\/esenco.com.vn\/?product=am-tran-de-duc-cao-cap-dl90-vien-bac\",\"name\":\"\u00c2M TR\u1ea6N \u0110\u1ebe \u0110\u00daC CAO C\u1ea4P DL90 VI\u1ec0N B\u1ea0C - ESENCO\",\"isPartOf\":{\"@id\":\"https:\/\/esenco.com.vn\/#website\"},\"primaryImageOfPage\":{\"@id\":\"https:\/\/esenco.com.vn\/?product=am-tran-de-duc-cao-cap-dl90-vien-bac#primaryimage\"},\"image\":{\"@id\":\"https:\/\/esenco.com.vn\/?product=am-tran-de-duc-cao-cap-dl90-vien-bac#primaryimage\"},\"thumbnailUrl\":\"https:\/\/esenco.com.vn\/wp-content\/uploads\/2024\/04\/ATVB-9w-nen-trang_\u753b\u677f-1.jpg\",\"datePublished\":\"2024-04-16T09:10:01+00:00\",\"dateModified\":\"2024-04-17T09:06:47+00:00\",\"description\":\"\u0110\u00e8n \u00e2m tr\u1ea7n \u0111\u01b0\u1ee3c l\u00e0m t\u1eeb v\u1eadt li\u1ec7u cao c\u1ea5p, k\u1ebft h\u1ee3p c\u00f9ng c\u00f4ng ngh\u1ec7 chi\u1ebfu s\u00e1ng hi\u1ec7n \u0111\u1ea1i cho \u0111\u1ed9 b\u1ec1n v\u01b0\u1ee3t tr\u1ed9i v\u00e0 mang t\u1edbi ngu\u1ed3n s\u00e1ng n\u00e2ng \u0111\u1ee1 hi\u1ec7u qu\u1ea3 cho c\u00e1c kh\u00f4ng gian n\u1ed9i th\u1ea5t. B\u00ean c\u1ea1nh \u0111\u00f3, v\u1edbi tu\u1ed5i th\u1ecd \u0111\u00e8n l\u00ean t\u1edbi h\u01a1n 50.000h, \u0111\u00e8n \u00e2m tr\u1ea7n \u0111\u01b0\u1ee3c r\u1ea5t nhi\u1ec1u ng\u01b0\u1eddi y\u00eau th\u00edch l\u1ef1a ch\u1ecdn.\",\"breadcrumb\":{\"@id\":\"https:\/\/esenco.com.vn\/?product=am-tran-de-duc-cao-cap-dl90-vien-bac#breadcrumb\"},\"inLanguage\":\"vi\",\"potentialAction\":[{\"@type\":\"ReadAction\",\"target\":[\"https:\/\/esenco.com.vn\/?product=am-tran-de-duc-cao-cap-dl90-vien-bac\"]}]},{\"@type\":\"ImageObject\",\"inLanguage\":\"vi\",\"@id\":\"https:\/\/esenco.com.vn\/?product=am-tran-de-duc-cao-cap-dl90-vien-bac#primaryimage\",\"url\":\"https:\/\/esenco.com.vn\/wp-content\/uploads\/2024\/04\/ATVB-9w-nen-trang_\u753b\u677f-1.jpg\",\"contentUrl\":\"https:\/\/esenco.com.vn\/wp-content\/uploads\/2024\/04\/ATVB-9w-nen-trang_\u753b\u677f-1.jpg\",\"width\":1962,\"height\":1563},{\"@type\":\"BreadcrumbList\",\"@id\":\"https:\/\/esenco.com.vn\/?product=am-tran-de-duc-cao-cap-dl90-vien-bac#breadcrumb\",\"itemListElement\":[{\"@type\":\"ListItem\",\"position\":1,\"name\":\"Trang ch\u1ee7\",\"item\":\"https:\/\/esenco.com.vn\/\"},{\"@type\":\"ListItem\",\"position\":2,\"name\":\"Shop\",\"item\":\"https:\/\/esenco.com.vn\/?page_id=37\"},{\"@type\":\"ListItem\",\"position\":3,\"name\":\"\u00c2M TR\u1ea6N \u0110\u1ebe \u0110\u00daC CAO C\u1ea4P DL90 VI\u1ec0N B\u1ea0C\"}]},{\"@type\":\"WebSite\",\"@id\":\"https:\/\/esenco.com.vn\/#website\",\"url\":\"https:\/\/esenco.com.vn\/\",\"name\":\"ESENCO\",\"description\":\"CH\u1ea4T L\u01af\u1ee2NG L\u00c0 TR\u00c1CH NHI\u1ec6M\",\"potentialAction\":[{\"@type\":\"SearchAction\",\"target\":{\"@type\":\"EntryPoint\",\"urlTemplate\":\"https:\/\/esenco.com.vn\/?s={search_term_string}\"},\"query-input\":\"required name=search_term_string\"}],\"inLanguage\":\"vi\"}]}<\/script>\n<!-- \/ Yoast SEO plugin. -->","yoast_head_json":{"title":"\u00c2M TR\u1ea6N \u0110\u1ebe \u0110\u00daC CAO C\u1ea4P DL90 VI\u1ec0N B\u1ea0C - ESENCO","description":"\u0110\u00e8n \u00e2m tr\u1ea7n \u0111\u01b0\u1ee3c l\u00e0m t\u1eeb v\u1eadt li\u1ec7u cao c\u1ea5p, k\u1ebft h\u1ee3p c\u00f9ng c\u00f4ng ngh\u1ec7 chi\u1ebfu s\u00e1ng hi\u1ec7n \u0111\u1ea1i cho \u0111\u1ed9 b\u1ec1n v\u01b0\u1ee3t tr\u1ed9i v\u00e0 mang t\u1edbi ngu\u1ed3n s\u00e1ng n\u00e2ng \u0111\u1ee1 hi\u1ec7u qu\u1ea3 cho c\u00e1c kh\u00f4ng gian n\u1ed9i th\u1ea5t. B\u00ean c\u1ea1nh \u0111\u00f3, v\u1edbi tu\u1ed5i th\u1ecd \u0111\u00e8n l\u00ean t\u1edbi h\u01a1n 50.000h, \u0111\u00e8n \u00e2m tr\u1ea7n \u0111\u01b0\u1ee3c r\u1ea5t nhi\u1ec1u ng\u01b0\u1eddi y\u00eau th\u00edch l\u1ef1a ch\u1ecdn.","robots":{"index":"index","follow":"follow","max-snippet":"max-snippet:-1","max-image-preview":"max-image-preview:large","max-video-preview":"max-video-preview:-1"},"canonical":"https:\/\/esenco.com.vn\/?product=am-tran-de-duc-cao-cap-dl90-vien-bac","og_locale":"vi_VN","og_type":"article","og_title":"\u00c2M TR\u1ea6N \u0110\u1ebe \u0110\u00daC CAO C\u1ea4P DL90 VI\u1ec0N B\u1ea0C - ESENCO","og_description":"\u0110\u00e8n \u00e2m tr\u1ea7n \u0111\u01b0\u1ee3c l\u00e0m t\u1eeb v\u1eadt li\u1ec7u cao c\u1ea5p, k\u1ebft h\u1ee3p c\u00f9ng c\u00f4ng ngh\u1ec7 chi\u1ebfu s\u00e1ng hi\u1ec7n \u0111\u1ea1i cho \u0111\u1ed9 b\u1ec1n v\u01b0\u1ee3t tr\u1ed9i v\u00e0 mang t\u1edbi ngu\u1ed3n s\u00e1ng n\u00e2ng \u0111\u1ee1 hi\u1ec7u qu\u1ea3 cho c\u00e1c kh\u00f4ng gian n\u1ed9i th\u1ea5t. B\u00ean c\u1ea1nh \u0111\u00f3, v\u1edbi tu\u1ed5i th\u1ecd \u0111\u00e8n l\u00ean t\u1edbi h\u01a1n 50.000h, \u0111\u00e8n \u00e2m tr\u1ea7n \u0111\u01b0\u1ee3c r\u1ea5t nhi\u1ec1u ng\u01b0\u1eddi y\u00eau th\u00edch l\u1ef1a ch\u1ecdn.","og_url":"https:\/\/esenco.com.vn\/?product=am-tran-de-duc-cao-cap-dl90-vien-bac","og_site_name":"ESENCO","article_modified_time":"2024-04-17T09:06:47+00:00","og_image":[{"width":1962,"height":1563,"url":"https:\/\/esenco.com.vn\/wp-content\/uploads\/2024\/04\/ATVB-9w-nen-trang_\u753b\u677f-1.jpg","type":"image\/jpeg"}],"twitter_card":"summary_large_image","twitter_misc":{"\u01af\u1edbc t\u00ednh th\u1eddi gian \u0111\u1ecdc":"2 ph\u00fat"},"schema":{"@context":"https:\/\/schema.org","@graph":[{"@type":"WebPage","@id":"https:\/\/esenco.com.vn\/?product=am-tran-de-duc-cao-cap-dl90-vien-bac","url":"https:\/\/esenco.com.vn\/?product=am-tran-de-duc-cao-cap-dl90-vien-bac","name":"\u00c2M TR\u1ea6N \u0110\u1ebe \u0110\u00daC CAO C\u1ea4P DL90 VI\u1ec0N B\u1ea0C - ESENCO","isPartOf":{"@id":"https:\/\/esenco.com.vn\/#website"},"primaryImageOfPage":{"@id":"https:\/\/esenco.com.vn\/?product=am-tran-de-duc-cao-cap-dl90-vien-bac#primaryimage"},"image":{"@id":"https:\/\/esenco.com.vn\/?product=am-tran-de-duc-cao-cap-dl90-vien-bac#primaryimage"},"thumbnailUrl":"https:\/\/esenco.com.vn\/wp-content\/uploads\/2024\/04\/ATVB-9w-nen-trang_\u753b\u677f-1.jpg","datePublished":"2024-04-16T09:10:01+00:00","dateModified":"2024-04-17T09:06:47+00:00","description":"\u0110\u00e8n \u00e2m tr\u1ea7n \u0111\u01b0\u1ee3c l\u00e0m t\u1eeb v\u1eadt li\u1ec7u cao c\u1ea5p, k\u1ebft h\u1ee3p c\u00f9ng c\u00f4ng ngh\u1ec7 chi\u1ebfu s\u00e1ng hi\u1ec7n \u0111\u1ea1i cho \u0111\u1ed9 b\u1ec1n v\u01b0\u1ee3t tr\u1ed9i v\u00e0 mang t\u1edbi ngu\u1ed3n s\u00e1ng n\u00e2ng \u0111\u1ee1 hi\u1ec7u qu\u1ea3 cho c\u00e1c kh\u00f4ng gian n\u1ed9i th\u1ea5t. B\u00ean c\u1ea1nh \u0111\u00f3, v\u1edbi tu\u1ed5i th\u1ecd \u0111\u00e8n l\u00ean t\u1edbi h\u01a1n 50.000h, \u0111\u00e8n \u00e2m tr\u1ea7n \u0111\u01b0\u1ee3c r\u1ea5t nhi\u1ec1u ng\u01b0\u1eddi y\u00eau th\u00edch l\u1ef1a ch\u1ecdn.","breadcrumb":{"@id":"https:\/\/esenco.com.vn\/?product=am-tran-de-duc-cao-cap-dl90-vien-bac#breadcrumb"},"inLanguage":"vi","potentialAction":[{"@type":"ReadAction","target":["https:\/\/esenco.com.vn\/?product=am-tran-de-duc-cao-cap-dl90-vien-bac"]}]},{"@type":"ImageObject","inLanguage":"vi","@id":"https:\/\/esenco.com.vn\/?product=am-tran-de-duc-cao-cap-dl90-vien-bac#primaryimage","url":"https:\/\/esenco.com.vn\/wp-content\/uploads\/2024\/04\/ATVB-9w-nen-trang_\u753b\u677f-1.jpg","contentUrl":"https:\/\/esenco.com.vn\/wp-content\/uploads\/2024\/04\/ATVB-9w-nen-trang_\u753b\u677f-1.jpg","width":1962,"height":1563},{"@type":"BreadcrumbList","@id":"https:\/\/esenco.com.vn\/?product=am-tran-de-duc-cao-cap-dl90-vien-bac#breadcrumb","itemListElement":[{"@type":"ListItem","position":1,"name":"Trang ch\u1ee7","item":"https:\/\/esenco.com.vn\/"},{"@type":"ListItem","position":2,"name":"Shop","item":"https:\/\/esenco.com.vn\/?page_id=37"},{"@type":"ListItem","position":3,"name":"\u00c2M TR\u1ea6N \u0110\u1ebe \u0110\u00daC CAO C\u1ea4P DL90 VI\u1ec0N B\u1ea0C"}]},{"@type":"WebSite","@id":"https:\/\/esenco.com.vn\/#website","url":"https:\/\/esenco.com.vn\/","name":"ESENCO","description":"CH\u1ea4T L\u01af\u1ee2NG L\u00c0 TR\u00c1CH NHI\u1ec6M","potentialAction":[{"@type":"SearchAction","target":{"@type":"EntryPoint","urlTemplate":"https:\/\/esenco.com.vn\/?s={search_term_string}"},"query-input":"required name=search_term_string"}],"inLanguage":"vi"}]}},"_links":{"self":[{"href":"https:\/\/esenco.com.vn\/index.php?rest_route=\/wp\/v2\/product\/828","targetHints":{"allow":["GET"]}}],"collection":[{"href":"https:\/\/esenco.com.vn\/index.php?rest_route=\/wp\/v2\/product"}],"about":[{"href":"https:\/\/esenco.com.vn\/index.php?rest_route=\/wp\/v2\/types\/product"}],"replies":[{"embeddable":true,"href":"https:\/\/esenco.com.vn\/index.php?rest_route=%2Fwp%2Fv2%2Fcomments&post=828"}],"wp:featuredmedia":[{"embeddable":true,"href":"https:\/\/esenco.com.vn\/index.php?rest_route=\/wp\/v2\/media\/958"}],"wp:attachment":[{"href":"https:\/\/esenco.com.vn\/index.php?rest_route=%2Fwp%2Fv2%2Fmedia&parent=828"}],"wp:term":[{"taxonomy":"product_cat","embeddable":true,"href":"https:\/\/esenco.com.vn\/index.php?rest_route=%2Fwp%2Fv2%2Fproduct_cat&post=828"},{"taxonomy":"product_tag","embeddable":true,"href":"https:\/\/esenco.com.vn\/index.php?rest_route=%2Fwp%2Fv2%2Fproduct_tag&post=828"}],"curies":[{"name":"wp","href":"https:\/\/api.w.org\/{rel}","templated":true}]}}