{"id":895,"date":"2024-04-17T14:50:30","date_gmt":"2024-04-17T07:50:30","guid":{"rendered":"https:\/\/esenco.com.vn\/?post_type=product&#038;p=895"},"modified":"2024-04-17T16:42:39","modified_gmt":"2024-04-17T09:42:39","slug":"bup-tru-sieu-sang-dob63-50w","status":"publish","type":"product","link":"https:\/\/esenco.com.vn\/?product=bup-tru-sieu-sang-dob63-50w","title":{"rendered":"B\u00daP TR\u1ee4 SI\u00caU S\u00c1NG DOB63-50W"},"content":{"rendered":"<ol>\n<li>C\u1ea5u t\u1ea1o<\/li>\n<\/ol>\n<ul>\n<li>\u0110ui \u0111\u00e8n: \u0110\u01b0\u1ee3c thi\u1ebft k\u1ebf theo d\u1ea1ng \u0111ui xo\u00e1y ( ti\u00eau chu\u1ea9n E27) d\u1ec5 d\u00e0ng l\u1eafp \u0111\u1eb7t v\u00e0 th\u00f4ng d\u1ee5ng. Kh\u00e1ch h\u00e0ng c\u00f3 th\u1ec3 d\u1ec5 d\u00e0ng t\u00ecm ki\u1ebfm \u0111ui \u0111\u00e8n thay th\u1ebf t\u1ea1i c\u00e1c c\u1eeda h\u00e0ng \u0111i\u1ec7n n\u01b0\u1edbc quanh khu v\u1ef1c s\u1ed1ng.<\/li>\n<li>Th\u00e2n \u0111\u00e8n: Th\u00e2n \u0111\u00e8n b\u1eb1ng nh\u1ef1a cao c\u1ea5p c\u00f3 ph\u1ee7 1 l\u1edbp c\u00e1ch \u0111i\u1ec7n v\u00e0 ch\u1ed1ng oxi h\u00f3a.<\/li>\n<li>Th\u00e2n nh\u1ef1a gi\u00fap t\u1ea3n nhi\u1ec7t t\u1ed1t ra ngo\u00e0i m\u00f4i tr\u01b0\u1eddng gi\u00fap PCB \u0111\u00e8n lu\u00f4n m\u00e1t k\u00e9o d\u00e0i tu\u1ed5i th\u1ecd c\u00e1c linh ki\u1ec7n trong \u0111\u00e8n.<\/li>\n<li>L\u1edbp c\u00e1ch \u0111i\u1ec7n nh\u1eb1m \u0111\u1ea3m b\u1ea3o an to\u00e0n v\u1edbi ng\u01b0\u1eddi s\u1eed d\u1ee5ng khi kh\u00f4ng may r\u00f2 r\u1ec9 \u0111i\u1ec7n v\u1eabn \u0111\u1ea3m b\u1ea3o an to\u00e0n.<\/li>\n<li>Ch\u1ed1ng oxy h\u00f3a gi\u00fap b\u1ea3o v\u1ec7 \u0111\u00e8n t\u1ed1t h\u01a1n khi l\u00e0m vi\u1ec7c ngo\u00e0i tr\u1eddi.<\/li>\n<li>Chao \u0111\u00e8n: S\u1ea3n xu\u1ea5t t\u1eeb ch\u1ea5t li\u1ec7u PC cao c\u1ea5p c\u00f3 h\u1ec7 s\u1ed1 th\u1ea5u quang cao l\u00ean t\u1edbi 90%, ch\u1ed1ng ch\u00f3i l\u00f3a v\u00e0 t\u00e1n \u0111\u1ec1u \u00e1nh s\u00e1ng, mang l\u1ea1i ch\u1ea5t l\u01b0\u1ee3ng \u00e1nh s\u00e1ng ho\u00e0n h\u1ea3o, hi\u1ec7u su\u1ea5t ph\u00e1t quang cao.<\/li>\n<li>\u1ee8ng d\u1ee5ng:<\/li>\n<li>S\u1ef1 ti\u1ec7n d\u1ee5ng v\u00e0 gi\u00e1 th\u00e0nh ph\u1ea3i ch\u0103ng gi\u00fap \u0111\u00e8n LED BULB DOB63 \u0111\u01b0\u1ee3c \u1ee9ng d\u1ee5ng v\u00e0o nhi\u1ec1u m\u1ee5c \u0111\u00edch s\u1eed d\u1ee5ng kh\u00e1c nhau: nh\u00e0 \u1edf d\u00e2n d\u1ee5ng, \u0111\u00e8n \u0111\u01b0\u1eddng c\u00f4ng tr\u00ecnh, trung t\u00e2m th\u01b0\u01a1ng m\u1ea1i, v\u0103n ph\u00f2ng l\u00e0m vi\u1ec7c, kho b\u00e3i\u2026<\/li>\n<li>B\u00f3ng \u0111\u00e8n \u0111\u00e1p \u1ee9ng c\u00e1c ti\u00eau ch\u00ed v\u1ec1 \u0111\u1ed9 r\u1ecdi ti\u00eau chu\u1ea9n, \u00e1nh s\u00e1ng kh\u00f4ng g\u00e2y ch\u00f3i l\u00f2a, kh\u00f4ng nh\u1ea5p nh\u00e1y. C\u00e1c th\u00f4ng s\u1ed1 \u00e1nh s\u00e1ng \u0111\u01b0\u1ee3c duy tr\u00ec trong su\u1ed1t th\u1eddi gian s\u1eed d\u1ee5ng. M\u1ed9t s\u1ea3n ph\u1ea9m \u0111a n\u0103ng, b\u1ec1n b\u1ec9 th\u00edch h\u1ee3p cho m\u1ecdi nhu c\u1ea7u s\u1eed d\u1ee5ng.<\/li>\n<\/ul>\n","protected":false},"excerpt":{"rendered":"<p>C\u1ea5u t\u1ea1o \u0110ui \u0111\u00e8n: \u0110\u01b0\u1ee3c thi\u1ebft k\u1ebf theo d\u1ea1ng \u0111ui xo\u00e1y ( ti\u00eau chu\u1ea9n E27) d\u1ec5 d\u00e0ng l\u1eafp \u0111\u1eb7t v\u00e0 th\u00f4ng d\u1ee5ng. Kh\u00e1ch h\u00e0ng c\u00f3 th\u1ec3 d\u1ec5 d\u00e0ng t\u00ecm ki\u1ebfm \u0111ui \u0111\u00e8n thay th\u1ebf t\u1ea1i c\u00e1c c\u1eeda h\u00e0ng \u0111i\u1ec7n n\u01b0\u1edbc quanh khu v\u1ef1c s\u1ed1ng. Th\u00e2n \u0111\u00e8n: Th\u00e2n \u0111\u00e8n b\u1eb1ng nh\u1ef1a cao c\u1ea5p c\u00f3 ph\u1ee7 1 [&#8230;]\n","protected":false},"featured_media":991,"comment_status":"open","ping_status":"closed","template":"","meta":{"_acf_changed":false},"product_cat":[16,38],"product_tag":[59,60],"class_list":{"0":"post-895","1":"product","2":"type-product","3":"status-publish","4":"has-post-thumbnail","6":"product_cat-bong-den-led-bulb","7":"product_cat-tru-nhua","8":"product_tag-bup-tru-nhua","9":"product_tag-than-nhua","11":"first","12":"instock","13":"shipping-taxable","14":"purchasable","15":"product-type-variable"},"acf":[],"yoast_head":"<!-- This site is optimized with the Yoast SEO plugin v22.4 - https:\/\/yoast.com\/wordpress\/plugins\/seo\/ -->\n<title>B\u00daP TR\u1ee4 SI\u00caU S\u00c1NG DOB63-50W - ESENCO<\/title>\n<meta name=\"description\" content=\"B\u00f3ng \u0111\u00e8n LED B\u00daP TR\u1ee4 SI\u00caU S\u00c1NG DOB63 \u0111\u01b0\u1ee3c s\u1ea3n xu\u1ea5t trong d\u00e2y chuy\u1ec1n ti\u00ean ti\u1ebfn v\u00e0 hi\u1ec7n \u0111\u1ea1i, s\u1eed d\u1ee5ng c\u00f4ng ngh\u1ec7 Driver On Board \u2013 t\u00edch h\u1ee3p c\u00f4ng ngh\u1ec7 ngu\u1ed3n hi\u1ec7n \u0111\u1ea1i, c\u00e1ch ly nhi\u1ec7t v\u1edbi linh ki\u1ec7n gi\u00fap t\u0103ng tu\u1ed5i th\u1ecd g\u1ea5p 3 l\u1ea7n.\" \/>\n<meta name=\"robots\" content=\"index, follow, max-snippet:-1, max-image-preview:large, max-video-preview:-1\" \/>\n<link rel=\"canonical\" href=\"https:\/\/esenco.com.vn\/?product=bup-tru-sieu-sang-dob63-50w\" \/>\n<meta property=\"og:locale\" content=\"vi_VN\" \/>\n<meta property=\"og:type\" content=\"article\" \/>\n<meta property=\"og:title\" content=\"B\u00daP TR\u1ee4 SI\u00caU S\u00c1NG DOB63-50W - ESENCO\" \/>\n<meta property=\"og:description\" content=\"B\u00f3ng \u0111\u00e8n LED B\u00daP TR\u1ee4 SI\u00caU S\u00c1NG DOB63 \u0111\u01b0\u1ee3c s\u1ea3n xu\u1ea5t trong d\u00e2y chuy\u1ec1n ti\u00ean ti\u1ebfn v\u00e0 hi\u1ec7n \u0111\u1ea1i, s\u1eed d\u1ee5ng c\u00f4ng ngh\u1ec7 Driver On Board \u2013 t\u00edch h\u1ee3p c\u00f4ng ngh\u1ec7 ngu\u1ed3n hi\u1ec7n \u0111\u1ea1i, c\u00e1ch ly nhi\u1ec7t v\u1edbi linh ki\u1ec7n gi\u00fap t\u0103ng tu\u1ed5i th\u1ecd g\u1ea5p 3 l\u1ea7n.\" \/>\n<meta property=\"og:url\" content=\"https:\/\/esenco.com.vn\/?product=bup-tru-sieu-sang-dob63-50w\" \/>\n<meta property=\"og:site_name\" content=\"ESENCO\" \/>\n<meta property=\"article:modified_time\" content=\"2024-04-17T09:42:39+00:00\" \/>\n<meta property=\"og:image\" content=\"https:\/\/esenco.com.vn\/wp-content\/uploads\/2024\/04\/BTSS-50W_\u753b\u677f-1.png\" \/>\n\t<meta property=\"og:image:width\" content=\"1315\" \/>\n\t<meta property=\"og:image:height\" content=\"1247\" \/>\n\t<meta property=\"og:image:type\" content=\"image\/png\" \/>\n<meta name=\"twitter:card\" content=\"summary_large_image\" \/>\n<meta name=\"twitter:label1\" content=\"\u01af\u1edbc t\u00ednh th\u1eddi gian \u0111\u1ecdc\" \/>\n\t<meta name=\"twitter:data1\" content=\"2 ph\u00fat\" \/>\n<script type=\"application\/ld+json\" class=\"yoast-schema-graph\">{\"@context\":\"https:\/\/schema.org\",\"@graph\":[{\"@type\":\"WebPage\",\"@id\":\"https:\/\/esenco.com.vn\/?product=bup-tru-sieu-sang-dob63-50w\",\"url\":\"https:\/\/esenco.com.vn\/?product=bup-tru-sieu-sang-dob63-50w\",\"name\":\"B\u00daP TR\u1ee4 SI\u00caU S\u00c1NG DOB63-50W - ESENCO\",\"isPartOf\":{\"@id\":\"https:\/\/esenco.com.vn\/#website\"},\"primaryImageOfPage\":{\"@id\":\"https:\/\/esenco.com.vn\/?product=bup-tru-sieu-sang-dob63-50w#primaryimage\"},\"image\":{\"@id\":\"https:\/\/esenco.com.vn\/?product=bup-tru-sieu-sang-dob63-50w#primaryimage\"},\"thumbnailUrl\":\"https:\/\/esenco.com.vn\/wp-content\/uploads\/2024\/04\/BTSS-50W_\u753b\u677f-1.png\",\"datePublished\":\"2024-04-17T07:50:30+00:00\",\"dateModified\":\"2024-04-17T09:42:39+00:00\",\"description\":\"B\u00f3ng \u0111\u00e8n LED B\u00daP TR\u1ee4 SI\u00caU S\u00c1NG DOB63 \u0111\u01b0\u1ee3c s\u1ea3n xu\u1ea5t trong d\u00e2y chuy\u1ec1n ti\u00ean ti\u1ebfn v\u00e0 hi\u1ec7n \u0111\u1ea1i, s\u1eed d\u1ee5ng c\u00f4ng ngh\u1ec7 Driver On Board \u2013 t\u00edch h\u1ee3p c\u00f4ng ngh\u1ec7 ngu\u1ed3n hi\u1ec7n \u0111\u1ea1i, c\u00e1ch ly nhi\u1ec7t v\u1edbi linh ki\u1ec7n gi\u00fap t\u0103ng tu\u1ed5i th\u1ecd g\u1ea5p 3 l\u1ea7n.\",\"breadcrumb\":{\"@id\":\"https:\/\/esenco.com.vn\/?product=bup-tru-sieu-sang-dob63-50w#breadcrumb\"},\"inLanguage\":\"vi\",\"potentialAction\":[{\"@type\":\"ReadAction\",\"target\":[\"https:\/\/esenco.com.vn\/?product=bup-tru-sieu-sang-dob63-50w\"]}]},{\"@type\":\"ImageObject\",\"inLanguage\":\"vi\",\"@id\":\"https:\/\/esenco.com.vn\/?product=bup-tru-sieu-sang-dob63-50w#primaryimage\",\"url\":\"https:\/\/esenco.com.vn\/wp-content\/uploads\/2024\/04\/BTSS-50W_\u753b\u677f-1.png\",\"contentUrl\":\"https:\/\/esenco.com.vn\/wp-content\/uploads\/2024\/04\/BTSS-50W_\u753b\u677f-1.png\",\"width\":1315,\"height\":1247},{\"@type\":\"BreadcrumbList\",\"@id\":\"https:\/\/esenco.com.vn\/?product=bup-tru-sieu-sang-dob63-50w#breadcrumb\",\"itemListElement\":[{\"@type\":\"ListItem\",\"position\":1,\"name\":\"Trang ch\u1ee7\",\"item\":\"https:\/\/esenco.com.vn\/\"},{\"@type\":\"ListItem\",\"position\":2,\"name\":\"Shop\",\"item\":\"https:\/\/esenco.com.vn\/?page_id=37\"},{\"@type\":\"ListItem\",\"position\":3,\"name\":\"B\u00daP TR\u1ee4 SI\u00caU S\u00c1NG DOB63-50W\"}]},{\"@type\":\"WebSite\",\"@id\":\"https:\/\/esenco.com.vn\/#website\",\"url\":\"https:\/\/esenco.com.vn\/\",\"name\":\"ESENCO\",\"description\":\"CH\u1ea4T L\u01af\u1ee2NG L\u00c0 TR\u00c1CH NHI\u1ec6M\",\"potentialAction\":[{\"@type\":\"SearchAction\",\"target\":{\"@type\":\"EntryPoint\",\"urlTemplate\":\"https:\/\/esenco.com.vn\/?s={search_term_string}\"},\"query-input\":\"required name=search_term_string\"}],\"inLanguage\":\"vi\"}]}<\/script>\n<!-- \/ Yoast SEO plugin. -->","yoast_head_json":{"title":"B\u00daP TR\u1ee4 SI\u00caU S\u00c1NG DOB63-50W - ESENCO","description":"B\u00f3ng \u0111\u00e8n LED B\u00daP TR\u1ee4 SI\u00caU S\u00c1NG DOB63 \u0111\u01b0\u1ee3c s\u1ea3n xu\u1ea5t trong d\u00e2y chuy\u1ec1n ti\u00ean ti\u1ebfn v\u00e0 hi\u1ec7n \u0111\u1ea1i, s\u1eed d\u1ee5ng c\u00f4ng ngh\u1ec7 Driver On Board \u2013 t\u00edch h\u1ee3p c\u00f4ng ngh\u1ec7 ngu\u1ed3n hi\u1ec7n \u0111\u1ea1i, c\u00e1ch ly nhi\u1ec7t v\u1edbi linh ki\u1ec7n gi\u00fap t\u0103ng tu\u1ed5i th\u1ecd g\u1ea5p 3 l\u1ea7n.","robots":{"index":"index","follow":"follow","max-snippet":"max-snippet:-1","max-image-preview":"max-image-preview:large","max-video-preview":"max-video-preview:-1"},"canonical":"https:\/\/esenco.com.vn\/?product=bup-tru-sieu-sang-dob63-50w","og_locale":"vi_VN","og_type":"article","og_title":"B\u00daP TR\u1ee4 SI\u00caU S\u00c1NG DOB63-50W - ESENCO","og_description":"B\u00f3ng \u0111\u00e8n LED B\u00daP TR\u1ee4 SI\u00caU S\u00c1NG DOB63 \u0111\u01b0\u1ee3c s\u1ea3n xu\u1ea5t trong d\u00e2y chuy\u1ec1n ti\u00ean ti\u1ebfn v\u00e0 hi\u1ec7n \u0111\u1ea1i, s\u1eed d\u1ee5ng c\u00f4ng ngh\u1ec7 Driver On Board \u2013 t\u00edch h\u1ee3p c\u00f4ng ngh\u1ec7 ngu\u1ed3n hi\u1ec7n \u0111\u1ea1i, c\u00e1ch ly nhi\u1ec7t v\u1edbi linh ki\u1ec7n gi\u00fap t\u0103ng tu\u1ed5i th\u1ecd g\u1ea5p 3 l\u1ea7n.","og_url":"https:\/\/esenco.com.vn\/?product=bup-tru-sieu-sang-dob63-50w","og_site_name":"ESENCO","article_modified_time":"2024-04-17T09:42:39+00:00","og_image":[{"width":1315,"height":1247,"url":"https:\/\/esenco.com.vn\/wp-content\/uploads\/2024\/04\/BTSS-50W_\u753b\u677f-1.png","type":"image\/png"}],"twitter_card":"summary_large_image","twitter_misc":{"\u01af\u1edbc t\u00ednh th\u1eddi gian \u0111\u1ecdc":"2 ph\u00fat"},"schema":{"@context":"https:\/\/schema.org","@graph":[{"@type":"WebPage","@id":"https:\/\/esenco.com.vn\/?product=bup-tru-sieu-sang-dob63-50w","url":"https:\/\/esenco.com.vn\/?product=bup-tru-sieu-sang-dob63-50w","name":"B\u00daP TR\u1ee4 SI\u00caU S\u00c1NG DOB63-50W - ESENCO","isPartOf":{"@id":"https:\/\/esenco.com.vn\/#website"},"primaryImageOfPage":{"@id":"https:\/\/esenco.com.vn\/?product=bup-tru-sieu-sang-dob63-50w#primaryimage"},"image":{"@id":"https:\/\/esenco.com.vn\/?product=bup-tru-sieu-sang-dob63-50w#primaryimage"},"thumbnailUrl":"https:\/\/esenco.com.vn\/wp-content\/uploads\/2024\/04\/BTSS-50W_\u753b\u677f-1.png","datePublished":"2024-04-17T07:50:30+00:00","dateModified":"2024-04-17T09:42:39+00:00","description":"B\u00f3ng \u0111\u00e8n LED B\u00daP TR\u1ee4 SI\u00caU S\u00c1NG DOB63 \u0111\u01b0\u1ee3c s\u1ea3n xu\u1ea5t trong d\u00e2y chuy\u1ec1n ti\u00ean ti\u1ebfn v\u00e0 hi\u1ec7n \u0111\u1ea1i, s\u1eed d\u1ee5ng c\u00f4ng ngh\u1ec7 Driver On Board \u2013 t\u00edch h\u1ee3p c\u00f4ng ngh\u1ec7 ngu\u1ed3n hi\u1ec7n \u0111\u1ea1i, c\u00e1ch ly nhi\u1ec7t v\u1edbi linh ki\u1ec7n gi\u00fap t\u0103ng tu\u1ed5i th\u1ecd g\u1ea5p 3 l\u1ea7n.","breadcrumb":{"@id":"https:\/\/esenco.com.vn\/?product=bup-tru-sieu-sang-dob63-50w#breadcrumb"},"inLanguage":"vi","potentialAction":[{"@type":"ReadAction","target":["https:\/\/esenco.com.vn\/?product=bup-tru-sieu-sang-dob63-50w"]}]},{"@type":"ImageObject","inLanguage":"vi","@id":"https:\/\/esenco.com.vn\/?product=bup-tru-sieu-sang-dob63-50w#primaryimage","url":"https:\/\/esenco.com.vn\/wp-content\/uploads\/2024\/04\/BTSS-50W_\u753b\u677f-1.png","contentUrl":"https:\/\/esenco.com.vn\/wp-content\/uploads\/2024\/04\/BTSS-50W_\u753b\u677f-1.png","width":1315,"height":1247},{"@type":"BreadcrumbList","@id":"https:\/\/esenco.com.vn\/?product=bup-tru-sieu-sang-dob63-50w#breadcrumb","itemListElement":[{"@type":"ListItem","position":1,"name":"Trang ch\u1ee7","item":"https:\/\/esenco.com.vn\/"},{"@type":"ListItem","position":2,"name":"Shop","item":"https:\/\/esenco.com.vn\/?page_id=37"},{"@type":"ListItem","position":3,"name":"B\u00daP TR\u1ee4 SI\u00caU S\u00c1NG DOB63-50W"}]},{"@type":"WebSite","@id":"https:\/\/esenco.com.vn\/#website","url":"https:\/\/esenco.com.vn\/","name":"ESENCO","description":"CH\u1ea4T L\u01af\u1ee2NG L\u00c0 TR\u00c1CH NHI\u1ec6M","potentialAction":[{"@type":"SearchAction","target":{"@type":"EntryPoint","urlTemplate":"https:\/\/esenco.com.vn\/?s={search_term_string}"},"query-input":"required name=search_term_string"}],"inLanguage":"vi"}]}},"_links":{"self":[{"href":"https:\/\/esenco.com.vn\/index.php?rest_route=\/wp\/v2\/product\/895","targetHints":{"allow":["GET"]}}],"collection":[{"href":"https:\/\/esenco.com.vn\/index.php?rest_route=\/wp\/v2\/product"}],"about":[{"href":"https:\/\/esenco.com.vn\/index.php?rest_route=\/wp\/v2\/types\/product"}],"replies":[{"embeddable":true,"href":"https:\/\/esenco.com.vn\/index.php?rest_route=%2Fwp%2Fv2%2Fcomments&post=895"}],"wp:featuredmedia":[{"embeddable":true,"href":"https:\/\/esenco.com.vn\/index.php?rest_route=\/wp\/v2\/media\/991"}],"wp:attachment":[{"href":"https:\/\/esenco.com.vn\/index.php?rest_route=%2Fwp%2Fv2%2Fmedia&parent=895"}],"wp:term":[{"taxonomy":"product_cat","embeddable":true,"href":"https:\/\/esenco.com.vn\/index.php?rest_route=%2Fwp%2Fv2%2Fproduct_cat&post=895"},{"taxonomy":"product_tag","embeddable":true,"href":"https:\/\/esenco.com.vn\/index.php?rest_route=%2Fwp%2Fv2%2Fproduct_tag&post=895"}],"curies":[{"name":"wp","href":"https:\/\/api.w.org\/{rel}","templated":true}]}}