{"id":967,"date":"2024-04-17T16:13:55","date_gmt":"2024-04-17T09:13:55","guid":{"rendered":"https:\/\/esenco.com.vn\/?post_type=product&#038;p=967"},"modified":"2024-05-08T14:45:40","modified_gmt":"2024-05-08T07:45:40","slug":"pha-led-slim-cai-tien-eco63-100w","status":"publish","type":"product","link":"https:\/\/esenco.com.vn\/?product=pha-led-slim-cai-tien-eco63-100w","title":{"rendered":"PHA LED SLIM C\u1ea2I TI\u1ebeN ECO63-100W"},"content":{"rendered":"<ol>\n<li>\u0110\u00e8n c\u1ea5u t\u1ea1o c\u01a1 b\u1ea3n g\u1ed3m 4 b\u1ed9 ph\u1eadn:\n<ul>\n<li>Chip LED: pha LED <strong>SLIM C\u1ea2I TI\u1ebeN ECO63<\/strong>\u00a0\u0111\u01b0\u1ee3c t\u00edch h\u1ee3p chip LED s\u1eed d\u1ee5ng c\u00f4ng ngh\u1ec7 SMD cao c\u1ea5p cho \u00e1nh s\u00e1ng v\u01b0\u1ee3t tr\u1ed9i, t\u0103ng kh\u1ea3 n\u0103ng chi\u1ebfu s\u00e1ng l\u00ean 130%<\/li>\n<li>V\u1ecf \u0111\u00e8n: V\u1ecf \u0111\u00e8n pha LED <strong>SLIM C\u1ea2I TI\u1ebeN ECO63<\/strong>\u00a0\u0111\u01b0\u1ee3c c\u1ea5u t\u1ea1o nguy\u00ean kh\u1ed1i v\u1edbi kh\u1ea3 n\u0103ng ch\u1ed1ng n\u01b0\u1edbc hi\u1ec7u qu\u1ea3 \u2013 ch\u1ed1ng b\u1ee5i b\u1ea9n tuy\u1ec7t \u0111\u1ed1i<\/li>\n<li>M\u1eb7t k\u00ednh\u00a0c\u01b0\u1eddng l\u1ef1c gi\u00fap t\u0103ng c\u01b0\u1eddng b\u1ea3o v\u1ec7 c\u00e1c b\u1ed9 ph\u1eadn b\u00ean trong c\u1ee7a \u0111\u00e8n, ch\u1ed1ng ch\u1ecdi v\u1edbi c\u00e1c t\u00e1c \u0111\u1ed9ng ngo\u1ea1i l\u1ef1c b\u00ean ngo\u00e0i, gi\u00fap \u0111\u00e8n ho\u1ea1t \u0111\u1ed9ng \u1ed5n \u0111\u1ecbnh<\/li>\n<li>B\u1ed9 ngu\u1ed3n\u00a0\u0111\u00e8n \u0111\u01b0\u1ee3c b\u1ea3o v\u1ec7 b\u00ean trong \u0111\u00e8n v\u1edbi thi\u1ebft k\u1ebf ho\u00e0n to\u00e0n ri\u00eang bi\u1ec7t gi\u00fap \u0111\u00e8n ho\u1ea1t \u0111\u1ed9ng t\u1ed1t ngay c\u1ea3 trong \u0111i\u1ec1u ki\u1ec7n th\u1eddi ti\u1ebft kh\u1eafc nghi\u1ec7t, gi\u00fap \u0111\u00e8n ch\u1ea1y \u1ed5n \u0111\u1ecbnh h\u01a1n.<\/li>\n<\/ul>\n<p>Ngo\u00e0i ra, \u0111\u00e8n c\u00f2n c\u00f3 c\u00e1c b\u1ed9 ph\u1eadn khung \u0111\u00e8n v\u1edbi l\u1edbp s\u01a1n ph\u1ee7 t\u0129nh \u0111i\u1ec7n cao c\u1ea5p, ch\u1ed1ng han g\u1ec9 v\u00e0 tr\u1ea7y x\u01b0\u1edbc, \u0111\u1ea3m b\u1ea3o v\u1ec1 th\u1ea9m m\u1ef9 cho s\u1ea3n ph\u1ea9m. Th\u00eam v\u00e0o \u0111\u00f3, ph\u1ea7n ch\u00f3a ph\u1ea3n x\u1ea1 b\u00ean trong c\u1ee7a \u0111\u00e8n gi\u00fap \u00e1nh s\u00e1ng t\u1eadp trung h\u01a1n, kh\u1ea3 n\u0103ng chi\u1ebfu r\u1ecdi t\u0103ng 2 l\u1ea7n so v\u1edbi c\u00e1c d\u00f2ng pha th\u01b0\u1eddng, t\u1eadn d\u1ee5ng t\u1ed1i \u0111a quang th\u00f4ng khi \u0111\u00e8n chi\u1ebfu s\u00e1ng.<\/li>\n<li>\u0110\u00e8n\u00a0 pha LED <strong>SLIM C\u1ea2I TI\u1ebeN ECO63<\/strong>\u00a0mang l\u1ea1i ngu\u1ed3n s\u00e1ng m\u1ea1nh m\u1ebd, \u0111\u01b0\u1ee3c \u01b0a chu\u1ed9ng v\u00e0 s\u1eed d\u1ee5ng r\u1ed9ng r\u00e3i v\u00e0 linh ho\u1ea1t trong nhi\u1ec1u l\u0129nh v\u1ef1c chi\u1ebfu s\u00e1ng d\u00e2n d\u1ee5ng v\u00e0 c\u00f4ng nghi\u1ec7p:\n<ul>\n<li>Chi\u1ebfu s\u00e1ng bi\u1ec3n hi\u1ec7u, bi\u1ec3n qu\u1ea3ng c\u00e1o<\/li>\n<li>Chi\u1ebfu s\u00e1ng g\u1ed1c c\u00e2y, s\u00e2n v\u01b0\u1eddn<\/li>\n<li>Chi\u1ebfu s\u00e1ng \u0111\u01b0\u1eddng ph\u1ed1<\/li>\n<li>Chi\u1ebfu s\u00e1ng t\u01b0\u1ee3ng \u0111\u00e0i, \u0111\u00e0i phun n\u01b0\u1edbc<\/li>\n<li>Chi\u1ebfu s\u00e1ng h\u1eaft t\u01b0\u1eddng t\u00f2a nh\u00e0, bi\u1ec7t th\u1ef1<\/li>\n<li>Chi\u1ebfu s\u00e1ng nh\u00e0 kho, x\u01b0\u1edfng s\u1ea3n xu\u1ea5t<\/li>\n<li>Chi\u1ebfu s\u00e1ng h\u1ed9i tr\u01b0\u1eddng<\/li>\n<li>Chi\u1ebfu s\u00e1ng khu vui ch\u01a1i<\/li>\n<li>Chi\u1ebfu s\u00e1ng s\u00e2n kh\u1ea5u, ngh\u1ec7 thu\u1eadt<\/li>\n<\/ul>\n<\/li>\n<\/ol>\n","protected":false},"excerpt":{"rendered":"<p>\u0110\u00e8n c\u1ea5u t\u1ea1o c\u01a1 b\u1ea3n g\u1ed3m 4 b\u1ed9 ph\u1eadn: Chip LED: pha LED SLIM C\u1ea2I TI\u1ebeN ECO63\u00a0\u0111\u01b0\u1ee3c t\u00edch h\u1ee3p chip LED s\u1eed d\u1ee5ng c\u00f4ng ngh\u1ec7 SMD cao c\u1ea5p cho \u00e1nh s\u00e1ng v\u01b0\u1ee3t tr\u1ed9i, t\u0103ng kh\u1ea3 n\u0103ng chi\u1ebfu s\u00e1ng l\u00ean 130% V\u1ecf \u0111\u00e8n: V\u1ecf \u0111\u00e8n pha LED SLIM C\u1ea2I TI\u1ebeN ECO63\u00a0\u0111\u01b0\u1ee3c c\u1ea5u t\u1ea1o nguy\u00ean kh\u1ed1i v\u1edbi [&#8230;]\n","protected":false},"featured_media":1178,"comment_status":"open","ping_status":"closed","template":"","meta":{"_acf_changed":false},"product_cat":[41],"product_tag":[61,62],"class_list":{"0":"post-967","1":"product","2":"type-product","3":"status-publish","4":"has-post-thumbnail","6":"product_cat-pha-led","7":"product_tag-pha-led","8":"product_tag-slim-eco","10":"first","11":"instock","12":"shipping-taxable","13":"purchasable","14":"product-type-variable"},"acf":[],"yoast_head":"<!-- This site is optimized with the Yoast SEO plugin v22.4 - https:\/\/yoast.com\/wordpress\/plugins\/seo\/ -->\n<title>PHA LED SLIM C\u1ea2I TI\u1ebeN ECO63-100W - ESENCO<\/title>\n<meta name=\"description\" content=\"\u0110\u00e8n pha LED SLIM C\u1ea2I TI\u1ebeN ECO63 th\u01b0\u1eddng \u0111\u01b0\u1ee3c s\u1eed d\u1ee5ng \u0111\u1ec3 chi\u1ebfu s\u00e1ng ngo\u00e0i tr\u1eddi, tr\u1ef1c ti\u1ebfp ti\u1ebfp x\u00fac v\u1edbi m\u01b0a, n\u1eafng, gi\u00f3, b\u00e3o,\u2026Ch\u00ednh v\u00ec v\u1eady ch\u00fang \u0111\u01b0\u1ee3c c\u1ea5u t\u1ea1o ch\u1eafc ch\u1eafn v\u1edbi IP66-67 gi\u00fap t\u0103ng kh\u1ea3 n\u0103ng ch\u1ed1ng n\u01b0\u1edbc \u2013 ch\u1ed1ng b\u1ee5i b\u1ea9n.\" \/>\n<meta name=\"robots\" content=\"index, follow, max-snippet:-1, max-image-preview:large, max-video-preview:-1\" \/>\n<link rel=\"canonical\" href=\"https:\/\/esenco.com.vn\/?product=pha-led-slim-cai-tien-eco63-100w\" \/>\n<meta property=\"og:locale\" content=\"vi_VN\" \/>\n<meta property=\"og:type\" content=\"article\" \/>\n<meta property=\"og:title\" content=\"PHA LED SLIM C\u1ea2I TI\u1ebeN ECO63-100W - ESENCO\" \/>\n<meta property=\"og:description\" content=\"\u0110\u00e8n pha LED SLIM C\u1ea2I TI\u1ebeN ECO63 th\u01b0\u1eddng \u0111\u01b0\u1ee3c s\u1eed d\u1ee5ng \u0111\u1ec3 chi\u1ebfu s\u00e1ng ngo\u00e0i tr\u1eddi, tr\u1ef1c ti\u1ebfp ti\u1ebfp x\u00fac v\u1edbi m\u01b0a, n\u1eafng, gi\u00f3, b\u00e3o,\u2026Ch\u00ednh v\u00ec v\u1eady ch\u00fang \u0111\u01b0\u1ee3c c\u1ea5u t\u1ea1o ch\u1eafc ch\u1eafn v\u1edbi IP66-67 gi\u00fap t\u0103ng kh\u1ea3 n\u0103ng ch\u1ed1ng n\u01b0\u1edbc \u2013 ch\u1ed1ng b\u1ee5i b\u1ea9n.\" \/>\n<meta property=\"og:url\" content=\"https:\/\/esenco.com.vn\/?product=pha-led-slim-cai-tien-eco63-100w\" \/>\n<meta property=\"og:site_name\" content=\"ESENCO\" \/>\n<meta property=\"article:modified_time\" content=\"2024-05-08T07:45:40+00:00\" \/>\n<meta property=\"og:image\" content=\"https:\/\/esenco.com.vn\/wp-content\/uploads\/2024\/04\/FL-EXTRA100W.png\" \/>\n\t<meta property=\"og:image:width\" content=\"1036\" \/>\n\t<meta property=\"og:image:height\" content=\"726\" \/>\n\t<meta property=\"og:image:type\" content=\"image\/png\" \/>\n<meta name=\"twitter:card\" content=\"summary_large_image\" \/>\n<meta name=\"twitter:label1\" content=\"\u01af\u1edbc t\u00ednh th\u1eddi gian \u0111\u1ecdc\" \/>\n\t<meta name=\"twitter:data1\" content=\"2 ph\u00fat\" \/>\n<script type=\"application\/ld+json\" class=\"yoast-schema-graph\">{\"@context\":\"https:\/\/schema.org\",\"@graph\":[{\"@type\":\"WebPage\",\"@id\":\"https:\/\/esenco.com.vn\/?product=pha-led-slim-cai-tien-eco63-100w\",\"url\":\"https:\/\/esenco.com.vn\/?product=pha-led-slim-cai-tien-eco63-100w\",\"name\":\"PHA LED SLIM C\u1ea2I TI\u1ebeN ECO63-100W - ESENCO\",\"isPartOf\":{\"@id\":\"https:\/\/esenco.com.vn\/#website\"},\"primaryImageOfPage\":{\"@id\":\"https:\/\/esenco.com.vn\/?product=pha-led-slim-cai-tien-eco63-100w#primaryimage\"},\"image\":{\"@id\":\"https:\/\/esenco.com.vn\/?product=pha-led-slim-cai-tien-eco63-100w#primaryimage\"},\"thumbnailUrl\":\"https:\/\/esenco.com.vn\/wp-content\/uploads\/2024\/04\/FL-EXTRA100W.png\",\"datePublished\":\"2024-04-17T09:13:55+00:00\",\"dateModified\":\"2024-05-08T07:45:40+00:00\",\"description\":\"\u0110\u00e8n pha LED SLIM C\u1ea2I TI\u1ebeN ECO63 th\u01b0\u1eddng \u0111\u01b0\u1ee3c s\u1eed d\u1ee5ng \u0111\u1ec3 chi\u1ebfu s\u00e1ng ngo\u00e0i tr\u1eddi, tr\u1ef1c ti\u1ebfp ti\u1ebfp x\u00fac v\u1edbi m\u01b0a, n\u1eafng, gi\u00f3, b\u00e3o,\u2026Ch\u00ednh v\u00ec v\u1eady ch\u00fang \u0111\u01b0\u1ee3c c\u1ea5u t\u1ea1o ch\u1eafc ch\u1eafn v\u1edbi IP66-67 gi\u00fap t\u0103ng kh\u1ea3 n\u0103ng ch\u1ed1ng n\u01b0\u1edbc \u2013 ch\u1ed1ng b\u1ee5i b\u1ea9n.\",\"breadcrumb\":{\"@id\":\"https:\/\/esenco.com.vn\/?product=pha-led-slim-cai-tien-eco63-100w#breadcrumb\"},\"inLanguage\":\"vi\",\"potentialAction\":[{\"@type\":\"ReadAction\",\"target\":[\"https:\/\/esenco.com.vn\/?product=pha-led-slim-cai-tien-eco63-100w\"]}]},{\"@type\":\"ImageObject\",\"inLanguage\":\"vi\",\"@id\":\"https:\/\/esenco.com.vn\/?product=pha-led-slim-cai-tien-eco63-100w#primaryimage\",\"url\":\"https:\/\/esenco.com.vn\/wp-content\/uploads\/2024\/04\/FL-EXTRA100W.png\",\"contentUrl\":\"https:\/\/esenco.com.vn\/wp-content\/uploads\/2024\/04\/FL-EXTRA100W.png\",\"width\":1036,\"height\":726},{\"@type\":\"BreadcrumbList\",\"@id\":\"https:\/\/esenco.com.vn\/?product=pha-led-slim-cai-tien-eco63-100w#breadcrumb\",\"itemListElement\":[{\"@type\":\"ListItem\",\"position\":1,\"name\":\"Trang ch\u1ee7\",\"item\":\"https:\/\/esenco.com.vn\/\"},{\"@type\":\"ListItem\",\"position\":2,\"name\":\"Shop\",\"item\":\"https:\/\/esenco.com.vn\/?page_id=37\"},{\"@type\":\"ListItem\",\"position\":3,\"name\":\"PHA LED SLIM C\u1ea2I TI\u1ebeN ECO63-100W\"}]},{\"@type\":\"WebSite\",\"@id\":\"https:\/\/esenco.com.vn\/#website\",\"url\":\"https:\/\/esenco.com.vn\/\",\"name\":\"ESENCO\",\"description\":\"CH\u1ea4T L\u01af\u1ee2NG L\u00c0 TR\u00c1CH NHI\u1ec6M\",\"potentialAction\":[{\"@type\":\"SearchAction\",\"target\":{\"@type\":\"EntryPoint\",\"urlTemplate\":\"https:\/\/esenco.com.vn\/?s={search_term_string}\"},\"query-input\":\"required name=search_term_string\"}],\"inLanguage\":\"vi\"}]}<\/script>\n<!-- \/ Yoast SEO plugin. -->","yoast_head_json":{"title":"PHA LED SLIM C\u1ea2I TI\u1ebeN ECO63-100W - ESENCO","description":"\u0110\u00e8n pha LED SLIM C\u1ea2I TI\u1ebeN ECO63 th\u01b0\u1eddng \u0111\u01b0\u1ee3c s\u1eed d\u1ee5ng \u0111\u1ec3 chi\u1ebfu s\u00e1ng ngo\u00e0i tr\u1eddi, tr\u1ef1c ti\u1ebfp ti\u1ebfp x\u00fac v\u1edbi m\u01b0a, n\u1eafng, gi\u00f3, b\u00e3o,\u2026Ch\u00ednh v\u00ec v\u1eady ch\u00fang \u0111\u01b0\u1ee3c c\u1ea5u t\u1ea1o ch\u1eafc ch\u1eafn v\u1edbi IP66-67 gi\u00fap t\u0103ng kh\u1ea3 n\u0103ng ch\u1ed1ng n\u01b0\u1edbc \u2013 ch\u1ed1ng b\u1ee5i b\u1ea9n.","robots":{"index":"index","follow":"follow","max-snippet":"max-snippet:-1","max-image-preview":"max-image-preview:large","max-video-preview":"max-video-preview:-1"},"canonical":"https:\/\/esenco.com.vn\/?product=pha-led-slim-cai-tien-eco63-100w","og_locale":"vi_VN","og_type":"article","og_title":"PHA LED SLIM C\u1ea2I TI\u1ebeN ECO63-100W - ESENCO","og_description":"\u0110\u00e8n pha LED SLIM C\u1ea2I TI\u1ebeN ECO63 th\u01b0\u1eddng \u0111\u01b0\u1ee3c s\u1eed d\u1ee5ng \u0111\u1ec3 chi\u1ebfu s\u00e1ng ngo\u00e0i tr\u1eddi, tr\u1ef1c ti\u1ebfp ti\u1ebfp x\u00fac v\u1edbi m\u01b0a, n\u1eafng, gi\u00f3, b\u00e3o,\u2026Ch\u00ednh v\u00ec v\u1eady ch\u00fang \u0111\u01b0\u1ee3c c\u1ea5u t\u1ea1o ch\u1eafc ch\u1eafn v\u1edbi IP66-67 gi\u00fap t\u0103ng kh\u1ea3 n\u0103ng ch\u1ed1ng n\u01b0\u1edbc \u2013 ch\u1ed1ng b\u1ee5i b\u1ea9n.","og_url":"https:\/\/esenco.com.vn\/?product=pha-led-slim-cai-tien-eco63-100w","og_site_name":"ESENCO","article_modified_time":"2024-05-08T07:45:40+00:00","og_image":[{"width":1036,"height":726,"url":"https:\/\/esenco.com.vn\/wp-content\/uploads\/2024\/04\/FL-EXTRA100W.png","type":"image\/png"}],"twitter_card":"summary_large_image","twitter_misc":{"\u01af\u1edbc t\u00ednh th\u1eddi gian \u0111\u1ecdc":"2 ph\u00fat"},"schema":{"@context":"https:\/\/schema.org","@graph":[{"@type":"WebPage","@id":"https:\/\/esenco.com.vn\/?product=pha-led-slim-cai-tien-eco63-100w","url":"https:\/\/esenco.com.vn\/?product=pha-led-slim-cai-tien-eco63-100w","name":"PHA LED SLIM C\u1ea2I TI\u1ebeN ECO63-100W - ESENCO","isPartOf":{"@id":"https:\/\/esenco.com.vn\/#website"},"primaryImageOfPage":{"@id":"https:\/\/esenco.com.vn\/?product=pha-led-slim-cai-tien-eco63-100w#primaryimage"},"image":{"@id":"https:\/\/esenco.com.vn\/?product=pha-led-slim-cai-tien-eco63-100w#primaryimage"},"thumbnailUrl":"https:\/\/esenco.com.vn\/wp-content\/uploads\/2024\/04\/FL-EXTRA100W.png","datePublished":"2024-04-17T09:13:55+00:00","dateModified":"2024-05-08T07:45:40+00:00","description":"\u0110\u00e8n pha LED SLIM C\u1ea2I TI\u1ebeN ECO63 th\u01b0\u1eddng \u0111\u01b0\u1ee3c s\u1eed d\u1ee5ng \u0111\u1ec3 chi\u1ebfu s\u00e1ng ngo\u00e0i tr\u1eddi, tr\u1ef1c ti\u1ebfp ti\u1ebfp x\u00fac v\u1edbi m\u01b0a, n\u1eafng, gi\u00f3, b\u00e3o,\u2026Ch\u00ednh v\u00ec v\u1eady ch\u00fang \u0111\u01b0\u1ee3c c\u1ea5u t\u1ea1o ch\u1eafc ch\u1eafn v\u1edbi IP66-67 gi\u00fap t\u0103ng kh\u1ea3 n\u0103ng ch\u1ed1ng n\u01b0\u1edbc \u2013 ch\u1ed1ng b\u1ee5i b\u1ea9n.","breadcrumb":{"@id":"https:\/\/esenco.com.vn\/?product=pha-led-slim-cai-tien-eco63-100w#breadcrumb"},"inLanguage":"vi","potentialAction":[{"@type":"ReadAction","target":["https:\/\/esenco.com.vn\/?product=pha-led-slim-cai-tien-eco63-100w"]}]},{"@type":"ImageObject","inLanguage":"vi","@id":"https:\/\/esenco.com.vn\/?product=pha-led-slim-cai-tien-eco63-100w#primaryimage","url":"https:\/\/esenco.com.vn\/wp-content\/uploads\/2024\/04\/FL-EXTRA100W.png","contentUrl":"https:\/\/esenco.com.vn\/wp-content\/uploads\/2024\/04\/FL-EXTRA100W.png","width":1036,"height":726},{"@type":"BreadcrumbList","@id":"https:\/\/esenco.com.vn\/?product=pha-led-slim-cai-tien-eco63-100w#breadcrumb","itemListElement":[{"@type":"ListItem","position":1,"name":"Trang ch\u1ee7","item":"https:\/\/esenco.com.vn\/"},{"@type":"ListItem","position":2,"name":"Shop","item":"https:\/\/esenco.com.vn\/?page_id=37"},{"@type":"ListItem","position":3,"name":"PHA LED SLIM C\u1ea2I TI\u1ebeN ECO63-100W"}]},{"@type":"WebSite","@id":"https:\/\/esenco.com.vn\/#website","url":"https:\/\/esenco.com.vn\/","name":"ESENCO","description":"CH\u1ea4T L\u01af\u1ee2NG L\u00c0 TR\u00c1CH NHI\u1ec6M","potentialAction":[{"@type":"SearchAction","target":{"@type":"EntryPoint","urlTemplate":"https:\/\/esenco.com.vn\/?s={search_term_string}"},"query-input":"required name=search_term_string"}],"inLanguage":"vi"}]}},"_links":{"self":[{"href":"https:\/\/esenco.com.vn\/index.php?rest_route=\/wp\/v2\/product\/967","targetHints":{"allow":["GET"]}}],"collection":[{"href":"https:\/\/esenco.com.vn\/index.php?rest_route=\/wp\/v2\/product"}],"about":[{"href":"https:\/\/esenco.com.vn\/index.php?rest_route=\/wp\/v2\/types\/product"}],"replies":[{"embeddable":true,"href":"https:\/\/esenco.com.vn\/index.php?rest_route=%2Fwp%2Fv2%2Fcomments&post=967"}],"wp:featuredmedia":[{"embeddable":true,"href":"https:\/\/esenco.com.vn\/index.php?rest_route=\/wp\/v2\/media\/1178"}],"wp:attachment":[{"href":"https:\/\/esenco.com.vn\/index.php?rest_route=%2Fwp%2Fv2%2Fmedia&parent=967"}],"wp:term":[{"taxonomy":"product_cat","embeddable":true,"href":"https:\/\/esenco.com.vn\/index.php?rest_route=%2Fwp%2Fv2%2Fproduct_cat&post=967"},{"taxonomy":"product_tag","embeddable":true,"href":"https:\/\/esenco.com.vn\/index.php?rest_route=%2Fwp%2Fv2%2Fproduct_tag&post=967"}],"curies":[{"name":"wp","href":"https:\/\/api.w.org\/{rel}","templated":true}]}}